{"id":772197,"date":"2025-08-28T15:31:45","date_gmt":"2025-08-28T12:31:45","guid":{"rendered":"https:\/\/roveyayinevi.com.tr\/index.php\/urun\/dunyanin-parcalari\/"},"modified":"2026-04-15T03:38:26","modified_gmt":"2026-04-15T00:38:26","slug":"dunyanin-parcalari","status":"publish","type":"product","link":"https:\/\/roveyayinevi.com.tr\/index.php\/urun\/dunyanin-parcalari\/","title":{"rendered":"D\u00fcnyan\u0131n Par\u00e7alar\u0131"},"content":{"rendered":"<p>Yap\u0131lan ke\u015fif ya t\u00fcr\u00fcm\u00fcz\u00fc kurtaracak ya da sonsuza dek yok edecek.   Sava\u015f \u00e7oktan bitmi\u015f, kahramanlar unutulmu\u015ftu. Ta ki tuhaf bir ke\u015fif yap\u0131lana kadar&#8230; D\u00fcnya\u2019n\u0131n d\u00fc\u015f\u00fc\u015f\u00fcnden sonra t\u00fcr\u00fcm\u00fcz\u00fc korumas\u0131 i\u00e7in se\u00e7kin bir sava\u015f\u00e7\u0131 birli\u011fi kuruldu; Idris de onlardan biriydi. Ancak g\u00fcn\u00fcn birinde insanl\u0131\u011f\u0131n ba\u015f d\u00fc\u015fman\u0131 olan Mimarlar s\u0131rra kadem bast\u0131, art\u0131k Idris ve arkada\u015flar\u0131na da ihtiya\u00e7 kalmad\u0131.   Uzun y\u0131llar sonra Idris ve m\u00fcrettebat\u0131, uzayda terk edilmi\u015f tuhaf bir \u015fey buldu. Mimarlar\u2019\u0131n elinden \u00e7\u0131kt\u0131\u011f\u0131 anla\u015f\u0131lan bu \u015fey, az\u0131l\u0131 d\u00fc\u015fman\u0131n geri d\u00f6nd\u00fc\u011f\u00fc anlam\u0131na geliyor olabilirdi. Sorular\u0131n pe\u015fine d\u00fc\u015fen ekip, \u00e7ok ge\u00e7meden bir kedi fare oyununun ortas\u0131nda kalacakt\u0131. \u00c7\u00fcnk\u00fc ellerinde, u\u011fruna sava\u015flar \u00e7\u0131kar\u0131labilecek kadar de\u011ferli bir \u015fey vard\u0131. Art\u0131k t\u00fcm insanl\u0131\u011f\u0131n kaderi, genetik m\u00fchendislik harikas\u0131 bu bir avu\u00e7 sava\u015f\u00e7\u0131n\u0131n do\u011fru hamleleri yap\u0131p yapamayaca\u011f\u0131na ba\u011fl\u0131yd\u0131.   Son Mimari serisinin ilk kitab\u0131 D\u00fcnyan\u0131n Par\u00e7alar\u0131, Arthur C. Clarke \u00f6d\u00fcll\u00fc Adrian Tchaikovsky\u2019den yok olu\u015fun e\u015fi\u011findeki insanl\u0131\u011fa dair nefes kesici bir uzay operas\u0131. <\/p>\n","protected":false},"excerpt":{"rendered":"<p>Yap\u0131lan ke\u015fif ya t\u00fcr\u00fcm\u00fcz\u00fc kurtaracak ya da sonsuza dek yok edecek. Sava\u015f \u00e7oktan bitmi\u015f, kahramanlar unutulmu\u015ftu. Ta ki tuhaf bir ke\u015fif yap\u0131lana kadar&#8230; D\u00fcnya\u2019n\u0131n d\u00fc\u015f\u00fc\u015f\u00fcnden sonra<span class=\"excerpt-hellip\"> [\u2026]<\/span><\/p>\n","protected":false},"featured_media":0,"template":"","meta":{"_monsterinsights_skip_tracking":false,"_monsterinsights_sitenote_active":false,"_monsterinsights_sitenote_note":"","_monsterinsights_sitenote_category":0},"product_brand":[],"product_cat":[12540,12291],"product_tag":[],"class_list":{"0":"post-772197","1":"product","2":"type-product","3":"status-publish","5":"product_cat-bilim-kurgu","6":"product_cat-edebiyat","7":"pa_cilt-ciltsiz","8":"pa_tur-kitap","9":"pa_yayinevi-eksik-parca-yayinlari","10":"pa_yazar-adrian-tchaikovsky","12":"first","13":"instock","14":"sale","15":"shipping-taxable","16":"purchasable","17":"product-type-simple"},"_links":{"self":[{"href":"https:\/\/roveyayinevi.com.tr\/index.php\/wp-json\/wp\/v2\/product\/772197","targetHints":{"allow":["GET"]}}],"collection":[{"href":"https:\/\/roveyayinevi.com.tr\/index.php\/wp-json\/wp\/v2\/product"}],"about":[{"href":"https:\/\/roveyayinevi.com.tr\/index.php\/wp-json\/wp\/v2\/types\/product"}],"wp:attachment":[{"href":"https:\/\/roveyayinevi.com.tr\/index.php\/wp-json\/wp\/v2\/media?parent=772197"}],"wp:term":[{"taxonomy":"product_brand","embeddable":true,"href":"https:\/\/roveyayinevi.com.tr\/index.php\/wp-json\/wp\/v2\/product_brand?post=772197"},{"taxonomy":"product_cat","embeddable":true,"href":"https:\/\/roveyayinevi.com.tr\/index.php\/wp-json\/wp\/v2\/product_cat?post=772197"},{"taxonomy":"product_tag","embeddable":true,"href":"https:\/\/roveyayinevi.com.tr\/index.php\/wp-json\/wp\/v2\/product_tag?post=772197"}],"curies":[{"name":"wp","href":"https:\/\/api.w.org\/{rel}","templated":true}]}}