{"id":772195,"date":"2025-08-28T15:31:41","date_gmt":"2025-08-28T12:31:41","guid":{"rendered":"https:\/\/roveyayinevi.com.tr\/index.php\/urun\/agac-ve-sehir-ciltli\/"},"modified":"2026-04-15T03:38:26","modified_gmt":"2026-04-15T00:38:26","slug":"agac-ve-sehir-ciltli","status":"publish","type":"product","link":"https:\/\/roveyayinevi.com.tr\/index.php\/urun\/agac-ve-sehir-ciltli\/","title":{"rendered":"A\u011fa\u00e7 ve \u015eehir (Ciltli)"},"content":{"rendered":"<p>Andersen \u00d6d\u00fcll\u00fc Luca Tortolini\u2019nin kaleminden, g\u00fc\u00e7l\u00fc ekolojik mesaj\u0131yla \u015fiirsel bir hik\u00e2ye: A\u011fa\u00e7 ve \u015eehirHep oradayd\u0131; nehir k\u0131y\u0131s\u0131nda filizlendi\u011finden bu yana.B\u00fcy\u00fck ve kadim a\u011fa\u00e7, hayvanlar \u00f6zg\u00fcrce dola\u015f\u0131rken ve g\u00fcne\u015f bitki \u00f6rt\u00fcs\u00fcn\u00fc \u0131s\u0131t\u0131rken oradayd\u0131. \u0130nsanlar geldi\u011finde de oradayd\u0131. \u015eimdiyse etraf\u0131nda kirli, devasa bir \u015fehir var ve a\u011fac\u0131n varl\u0131\u011f\u0131 tehlikede&#8230;Do\u011fan\u0131n zenginli\u011fi ve onu yok etme veya kurtarma g\u00fcc\u00fcm\u00fcz \u00fczerine \u00e7a\u011fda\u015f bir masal.<\/p>\n","protected":false},"excerpt":{"rendered":"<p>Andersen \u00d6d\u00fcll\u00fc Luca Tortolini\u2019nin kaleminden, g\u00fc\u00e7l\u00fc ekolojik mesaj\u0131yla \u015fiirsel bir hik\u00e2ye: A\u011fa\u00e7 ve \u015eehirHep oradayd\u0131; nehir k\u0131y\u0131s\u0131nda filizlendi\u011finden bu yana.B\u00fcy\u00fck ve kadim a\u011fa\u00e7, hayvanlar \u00f6zg\u00fcrce dola\u015f\u0131rken<span class=\"excerpt-hellip\"> [\u2026]<\/span><\/p>\n","protected":false},"featured_media":0,"template":"","meta":{"_monsterinsights_skip_tracking":false,"_monsterinsights_sitenote_active":false,"_monsterinsights_sitenote_note":"","_monsterinsights_sitenote_category":0},"product_brand":[],"product_cat":[12274,12284],"product_tag":[],"class_list":{"0":"post-772195","1":"product","2":"type-product","3":"status-publish","5":"product_cat-cocuk-ve-genclik-kitaplari","6":"product_cat-hikayeler","7":"pa_cilt-ciltli","8":"pa_tur-kitap","9":"pa_yayinevi-can-cocuk-yayinlari","10":"pa_yazar-luca-tortolini","12":"first","13":"instock","14":"sale","15":"shipping-taxable","16":"purchasable","17":"product-type-simple"},"_links":{"self":[{"href":"https:\/\/roveyayinevi.com.tr\/index.php\/wp-json\/wp\/v2\/product\/772195","targetHints":{"allow":["GET"]}}],"collection":[{"href":"https:\/\/roveyayinevi.com.tr\/index.php\/wp-json\/wp\/v2\/product"}],"about":[{"href":"https:\/\/roveyayinevi.com.tr\/index.php\/wp-json\/wp\/v2\/types\/product"}],"wp:attachment":[{"href":"https:\/\/roveyayinevi.com.tr\/index.php\/wp-json\/wp\/v2\/media?parent=772195"}],"wp:term":[{"taxonomy":"product_brand","embeddable":true,"href":"https:\/\/roveyayinevi.com.tr\/index.php\/wp-json\/wp\/v2\/product_brand?post=772195"},{"taxonomy":"product_cat","embeddable":true,"href":"https:\/\/roveyayinevi.com.tr\/index.php\/wp-json\/wp\/v2\/product_cat?post=772195"},{"taxonomy":"product_tag","embeddable":true,"href":"https:\/\/roveyayinevi.com.tr\/index.php\/wp-json\/wp\/v2\/product_tag?post=772195"}],"curies":[{"name":"wp","href":"https:\/\/api.w.org\/{rel}","templated":true}]}}