{"id":772193,"date":"2025-08-28T15:31:36","date_gmt":"2025-08-28T12:31:36","guid":{"rendered":"https:\/\/roveyayinevi.com.tr\/index.php\/urun\/gece-ana\/"},"modified":"2026-04-15T03:38:26","modified_gmt":"2026-04-15T00:38:26","slug":"gece-ana","status":"publish","type":"product","link":"https:\/\/roveyayinevi.com.tr\/index.php\/urun\/gece-ana\/","title":{"rendered":"Gece Ana"},"content":{"rendered":"<p>HLAK ANLAYI\u015eIMIZA C\u00dcRETK\u00c2R B\u0130R MEYDAN OKUMA.\u2026Ne yapt\u0131msa bilerek yapt\u0131m. Yapt\u0131klar\u0131mla da hep ya\u015fayabildim. Nas\u0131l m\u0131? Modern insanl\u0131\u011f\u0131n kolay ve yayg\u0131n nimeti \u015fizofreni sayesinde.Amerika\u2019da do\u011fan ama her nas\u0131lsa Nazi Almanya\u2019s\u0131n\u0131n \u00f6nde gelen propagandac\u0131lar\u0131ndan birine d\u00f6n\u00fc\u015fen Howard W. Campbell, Jr.\u2019\u0131n ger\u00e7ek kimli\u011fi tam bir muamma: O bir Amerikan casusu. Ya da \u00f6yle oldu\u011funu s\u00f6yl\u00fcyor ama ona inanan birileri \u00e7\u0131kacak m\u0131? Campbell ger\u00e7ekten su\u00e7lu mu?Mezbaha Be\u015f\u2019te \u015f\u00f6yle bir g\u00f6r\u00fcn\u00fcp kaybolan Campbell bu kez Gece Ana\u2019da kalemi eline al\u0131yor ve bir sava\u015f su\u00e7lusu olarak tutuldu\u011fu \u0130srail\u2019deki bir hapishanede an\u0131lar\u0131n\u0131 yazarken ahlaki ikilemler ve kimlik \u00e7at\u0131\u015fmalar\u0131yla bo\u011fu\u015fuyor.\u201cKaranl\u0131k (kitab\u0131n ad\u0131ndan da anla\u015f\u0131laca\u011f\u0131 \u00fczere) ve ahlaki a\u00e7\u0131dan ba\u015f d\u00f6nd\u00fcr\u00fcc\u00fc&#8230; son derece Faust\u2019vari.\u201d                                                                              The New York Times<\/p>\n","protected":false},"excerpt":{"rendered":"<p>HLAK ANLAYI\u015eIMIZA C\u00dcRETK\u00c2R B\u0130R MEYDAN OKUMA.\u2026Ne yapt\u0131msa bilerek yapt\u0131m. Yapt\u0131klar\u0131mla da hep ya\u015fayabildim. Nas\u0131l m\u0131? Modern insanl\u0131\u011f\u0131n kolay ve yayg\u0131n nimeti \u015fizofreni sayesinde.Amerika\u2019da do\u011fan ama her<span class=\"excerpt-hellip\"> [\u2026]<\/span><\/p>\n","protected":false},"featured_media":0,"template":"","meta":{"_monsterinsights_skip_tracking":false,"_monsterinsights_sitenote_active":false,"_monsterinsights_sitenote_note":"","_monsterinsights_sitenote_category":0},"product_brand":[],"product_cat":[12291,12711],"product_tag":[],"class_list":{"0":"post-772193","1":"product","2":"type-product","3":"status-publish","5":"product_cat-edebiyat","6":"product_cat-roman-oyku","7":"pa_cilt-ciltsiz","8":"pa_tur-kitap","9":"pa_yayinevi-can-yayinlari","10":"pa_yazar-kurt-vonnegut","12":"first","13":"instock","14":"sale","15":"shipping-taxable","16":"purchasable","17":"product-type-simple"},"_links":{"self":[{"href":"https:\/\/roveyayinevi.com.tr\/index.php\/wp-json\/wp\/v2\/product\/772193","targetHints":{"allow":["GET"]}}],"collection":[{"href":"https:\/\/roveyayinevi.com.tr\/index.php\/wp-json\/wp\/v2\/product"}],"about":[{"href":"https:\/\/roveyayinevi.com.tr\/index.php\/wp-json\/wp\/v2\/types\/product"}],"wp:attachment":[{"href":"https:\/\/roveyayinevi.com.tr\/index.php\/wp-json\/wp\/v2\/media?parent=772193"}],"wp:term":[{"taxonomy":"product_brand","embeddable":true,"href":"https:\/\/roveyayinevi.com.tr\/index.php\/wp-json\/wp\/v2\/product_brand?post=772193"},{"taxonomy":"product_cat","embeddable":true,"href":"https:\/\/roveyayinevi.com.tr\/index.php\/wp-json\/wp\/v2\/product_cat?post=772193"},{"taxonomy":"product_tag","embeddable":true,"href":"https:\/\/roveyayinevi.com.tr\/index.php\/wp-json\/wp\/v2\/product_tag?post=772193"}],"curies":[{"name":"wp","href":"https:\/\/api.w.org\/{rel}","templated":true}]}}