{"id":772189,"date":"2025-08-28T15:31:27","date_gmt":"2025-08-28T12:31:27","guid":{"rendered":"https:\/\/roveyayinevi.com.tr\/index.php\/urun\/degismek\/"},"modified":"2026-04-08T03:35:02","modified_gmt":"2026-04-08T00:35:02","slug":"degismek","status":"publish","type":"product","link":"https:\/\/roveyayinevi.com.tr\/index.php\/urun\/degismek\/","title":{"rendered":"De\u011fi\u015fmek"},"content":{"rendered":"<p>Tek bir soru hayat\u0131m\u0131n merkezine yerle\u015fmi\u015f, t\u00fcm d\u00fc\u015f\u00fcncelerimi esir alm\u0131\u015f ve kendimle ba\u015f ba\u015fa kald\u0131\u011f\u0131m her \u00e2n\u0131 i\u015fgal etmi\u015fti: Ge\u00e7mi\u015fimden nas\u0131l ve ne \u015fekilde intikam alabilirdim? Her \u015feyi denedim.   \u00c9douard Louis, do\u011fup b\u00fcy\u00fcd\u00fc\u011f\u00fc, t\u00fcm bireylerini sanki ayn\u0131 kadere mahk\u00fbm eden ta\u015fra kasabas\u0131ndaki yoksulluk, ayr\u0131mc\u0131l\u0131k ve \u015fiddetin \u00f6tesinde \u00f6zg\u00fcr bir ya\u015fam kurmak zorunda hisseder kendini; bu y\u00fczden bir ke\u015fif ve d\u00f6n\u00fc\u015f\u00fcm yolculu\u011funa \u00e7\u0131kar. \u0130smini, y\u00fcz\u00fcn\u00fc, konu\u015fmas\u0131n\u0131, hareketlerini de\u011fi\u015ftirir; kendi olu\u015fturdu\u011fu kimlikle yeniden do\u011far. Asla eri\u015femeyece\u011fini d\u00fc\u015f\u00fcnd\u00fc\u011f\u00fc bir d\u00fcnyaya, egemenlerin d\u00fcnyas\u0131na girmek i\u00e7in, o d\u00fcnyan\u0131n bir par\u00e7as\u0131 olabilmek i\u00e7in zihninin ve bedeninin t\u00fcm s\u0131n\u0131rlar\u0131n\u0131 zorlar. Yapt\u0131\u011f\u0131 her \u015fey tek bir tak\u0131nt\u0131 taraf\u0131ndan g\u00fcd\u00fclenmektedir: \u015eiddete kurban gitmi\u015f \u00e7ocuklu\u011funun intikam\u0131n\u0131 almak i\u00e7in ba\u015fka biri olmak.   Kendi ku\u015fa\u011f\u0131n\u0131n en \u00f6nemli seslerinden biri olarak g\u00f6sterilen \u00c9douard Louis sadece ki\u015fisel bir maceray\u0131, bir hayalin hik\u00e2yesini ya da \u201ckendini kurtar\u0131\u015f\u201d\u0131n\u0131 anlatmakla kalm\u0131yor, ayn\u0131 zamanda s\u0131n\u0131f, g\u00fc\u00e7 ve e\u015fitsizlikle b\u00f6l\u00fcnm\u00fc\u015f bir toplumun canl\u0131 bir portresini \u00e7iziyor. De\u011fi\u015fmek sosyal s\u0131n\u0131f, d\u00f6n\u00fc\u015f\u00fcm ve ge\u00e7mi\u015fi geride b\u0131rakman\u0131n tehlikeleri \u00fczerine otobiyografik bir roman.  <\/p>\n","protected":false},"excerpt":{"rendered":"<p>Tek bir soru hayat\u0131m\u0131n merkezine yerle\u015fmi\u015f, t\u00fcm d\u00fc\u015f\u00fcncelerimi esir alm\u0131\u015f ve kendimle ba\u015f ba\u015fa kald\u0131\u011f\u0131m her \u00e2n\u0131 i\u015fgal etmi\u015fti: Ge\u00e7mi\u015fimden nas\u0131l ve ne \u015fekilde intikam alabilirdim?<span class=\"excerpt-hellip\"> [\u2026]<\/span><\/p>\n","protected":false},"featured_media":0,"template":"","meta":{"_monsterinsights_skip_tracking":false,"_monsterinsights_sitenote_active":false,"_monsterinsights_sitenote_note":"","_monsterinsights_sitenote_category":0},"product_brand":[],"product_cat":[12291,12711],"product_tag":[],"class_list":{"0":"post-772189","1":"product","2":"type-product","3":"status-publish","5":"product_cat-edebiyat","6":"product_cat-roman-oyku","7":"pa_cilt-ciltsiz","8":"pa_tur-kitap","9":"pa_yayinevi-can-yayinlari","10":"pa_yazar-edouard-louis","12":"first","13":"instock","14":"sale","15":"shipping-taxable","16":"purchasable","17":"product-type-simple"},"_links":{"self":[{"href":"https:\/\/roveyayinevi.com.tr\/index.php\/wp-json\/wp\/v2\/product\/772189","targetHints":{"allow":["GET"]}}],"collection":[{"href":"https:\/\/roveyayinevi.com.tr\/index.php\/wp-json\/wp\/v2\/product"}],"about":[{"href":"https:\/\/roveyayinevi.com.tr\/index.php\/wp-json\/wp\/v2\/types\/product"}],"wp:attachment":[{"href":"https:\/\/roveyayinevi.com.tr\/index.php\/wp-json\/wp\/v2\/media?parent=772189"}],"wp:term":[{"taxonomy":"product_brand","embeddable":true,"href":"https:\/\/roveyayinevi.com.tr\/index.php\/wp-json\/wp\/v2\/product_brand?post=772189"},{"taxonomy":"product_cat","embeddable":true,"href":"https:\/\/roveyayinevi.com.tr\/index.php\/wp-json\/wp\/v2\/product_cat?post=772189"},{"taxonomy":"product_tag","embeddable":true,"href":"https:\/\/roveyayinevi.com.tr\/index.php\/wp-json\/wp\/v2\/product_tag?post=772189"}],"curies":[{"name":"wp","href":"https:\/\/api.w.org\/{rel}","templated":true}]}}