{"id":772161,"date":"2025-08-28T15:30:27","date_gmt":"2025-08-28T12:30:27","guid":{"rendered":"https:\/\/roveyayinevi.com.tr\/index.php\/urun\/zamanin-tozu-kadim-savas\/"},"modified":"2026-01-30T04:10:37","modified_gmt":"2026-01-30T01:10:37","slug":"zamanin-tozu-kadim-savas","status":"publish","type":"product","link":"https:\/\/roveyayinevi.com.tr\/index.php\/urun\/zamanin-tozu-kadim-savas\/","title":{"rendered":"Zaman\u0131n Tozu Kadim Sava\u015f"},"content":{"rendered":"<p>Bu kitap, yaln\u0131zca bir roman de\u011fil, ayn\u0131 zamanda bir ke\u015fif yolculu\u011funun \u00fcr\u00fcn\u00fcd\u00fcr. Serdar Kandemir, k\u0131z\u0131n\u0131n Yunan mitolojisine duydu\u011fu ilgiden yola \u00e7\u0131karak, kendi k\u00f6klerine, Anadolu&#8217;nun kadim topraklar\u0131na ve medeniyetin ilk izlerine do\u011fru bir yolculu\u011fa \u00e7\u0131kt\u0131. Bu yolculuk, onu S\u00fcmerlere, insanl\u0131k tarihinin en eski ve en b\u00fcy\u00fcleyici uygarl\u0131klar\u0131ndan birine g\u00f6t\u00fcrd\u00fc. Ancak bu ke\u015fif s\u00fcrecinde, kendi co\u011frafyam\u0131z\u0131n zengin k\u00fclt\u00fcrel miras\u0131n\u0131n ne kadar az bilindi\u011fini fark etmesi, onu derinden etkiledi.             Serdar Kandemir, gen\u00e7lerin kendi topraklar\u0131n\u0131n hik\u00e2yelerine yabanc\u0131 kalmas\u0131ndan duydu\u011fu \u00fcz\u00fcnt\u00fcy\u00fc, bir sorumlulu\u011fa d\u00f6n\u00fc\u015ft\u00fcrd\u00fc. S\u00fcmer mitolojisini kendi fantastik yorumuyla harmanlayarak, ak\u0131c\u0131 bir eser ortaya koymay\u0131 hedefledi. Bu kitap, yaln\u0131zca bir hik\u00e2ye anlatmakla kalm\u0131yor, ayn\u0131 zamanda okuyucular\u0131, medeniyetin do\u011fdu\u011fu topraklara do\u011fru bir yolculu\u011fa davet ediyor.             Kandemir, bu \u00e7al\u0131\u015fmas\u0131nda, S\u00fcmer mitolojisinin b\u00fcy\u00fcleyici d\u00fcnyas\u0131n\u0131 kendi hayal g\u00fcc\u00fcyle birle\u015ftirerek, okuyuculara hem tan\u0131d\u0131k hem de yeni bir evren sunuyor. Kitap, sadece bir ba\u015flang\u0131\u00e7. Yazar, bu hik\u00e2yenin devam\u0131n\u0131n gelece\u011fini ve okuyucular\u0131n kendi k\u00f6klerini ke\u015ffetme arzusunun bu kitapla birlikte yeniden canlanaca\u011f\u0131n\u0131 \u00fcmit ediyor.             Bu eser bir \u00e7a\u011fr\u0131 niteli\u011finde. Kendi co\u011frafyam\u0131z\u0131n binlerce y\u0131ll\u0131k hik\u00e2yelerine kulak verme, onlar\u0131 anlama ve gelecek nesillere aktarma \u00e7a\u011fr\u0131s\u0131. Keyifli okumalar dileriz. <\/p>\n","protected":false},"excerpt":{"rendered":"<p>Bu kitap, yaln\u0131zca bir roman de\u011fil, ayn\u0131 zamanda bir ke\u015fif yolculu\u011funun \u00fcr\u00fcn\u00fcd\u00fcr. Serdar Kandemir, k\u0131z\u0131n\u0131n Yunan mitolojisine duydu\u011fu ilgiden yola \u00e7\u0131karak, kendi k\u00f6klerine, Anadolu&#8217;nun kadim topraklar\u0131na<span class=\"excerpt-hellip\"> [\u2026]<\/span><\/p>\n","protected":false},"featured_media":0,"template":"","meta":{"_monsterinsights_skip_tracking":false,"_monsterinsights_sitenote_active":false,"_monsterinsights_sitenote_note":"","_monsterinsights_sitenote_category":0},"product_brand":[],"product_cat":[12291,14777],"product_tag":[],"class_list":{"0":"post-772161","1":"product","2":"type-product","3":"status-publish","5":"product_cat-edebiyat","6":"product_cat-fantastik","7":"pa_cilt-ciltsiz","8":"pa_tur-kitap","9":"pa_yayinevi-vova-yayinlari","10":"pa_yazar-serdar-kandemir","12":"first","13":"instock","14":"sale","15":"shipping-taxable","16":"purchasable","17":"product-type-simple"},"_links":{"self":[{"href":"https:\/\/roveyayinevi.com.tr\/index.php\/wp-json\/wp\/v2\/product\/772161","targetHints":{"allow":["GET"]}}],"collection":[{"href":"https:\/\/roveyayinevi.com.tr\/index.php\/wp-json\/wp\/v2\/product"}],"about":[{"href":"https:\/\/roveyayinevi.com.tr\/index.php\/wp-json\/wp\/v2\/types\/product"}],"wp:attachment":[{"href":"https:\/\/roveyayinevi.com.tr\/index.php\/wp-json\/wp\/v2\/media?parent=772161"}],"wp:term":[{"taxonomy":"product_brand","embeddable":true,"href":"https:\/\/roveyayinevi.com.tr\/index.php\/wp-json\/wp\/v2\/product_brand?post=772161"},{"taxonomy":"product_cat","embeddable":true,"href":"https:\/\/roveyayinevi.com.tr\/index.php\/wp-json\/wp\/v2\/product_cat?post=772161"},{"taxonomy":"product_tag","embeddable":true,"href":"https:\/\/roveyayinevi.com.tr\/index.php\/wp-json\/wp\/v2\/product_tag?post=772161"}],"curies":[{"name":"wp","href":"https:\/\/api.w.org\/{rel}","templated":true}]}}