{"id":772156,"date":"2025-08-28T15:30:16","date_gmt":"2025-08-28T12:30:16","guid":{"rendered":"https:\/\/roveyayinevi.com.tr\/index.php\/urun\/insanliga-isik-tutmus-altin-sozler\/"},"modified":"2026-01-30T04:10:36","modified_gmt":"2026-01-30T01:10:36","slug":"insanliga-isik-tutmus-altin-sozler","status":"publish","type":"product","link":"https:\/\/roveyayinevi.com.tr\/index.php\/urun\/insanliga-isik-tutmus-altin-sozler\/","title":{"rendered":"\u0130nsanl\u0131\u011fa I\u015f\u0131k Tutmu\u015f Alt\u0131n S\u00f6zler"},"content":{"rendered":"<p>Biz bu \u00e7al\u0131\u015fmam\u0131zla iki b\u00fcy\u00fck \u015fahsiyet Mevlana ve Yunus Emre s\u00f6zlerini-\u015fiirlerini derledik. Tabi ki bu eserimizde Yunus Emre&#8217;nin Divan&#8217;\u0131nda yer alan bin \u015fiirini kaleme alamad\u0131\u011f\u0131m\u0131zdan g\u00fcn\u00fcm\u00fczde en yayg\u0131n olanlar\u0131 derledik.             Mevlana&#8217;n\u0131n Mesnevi&#8217;si, Yunus Emre&#8217;nin \u015fiirleri gibi, Muhyiddin \u0130bn-\u00fcl Arabi&#8217;nin F\u00fcs\u00fcs\u00fc-l Hakem&#8217;i, \u0130mam-\u0131 Gazzali&#8217;nin ihy\u00e2\u2019s\u0131, Niyazi M\u0131sri&#8217;nin D\u0131van&#8217;\u0131, S\u00fcleyman \u00c7elebi&#8217;nin Mevlid-i \u015eerif&#8217;i bunlar ve bunun gibi nice m\u00fcbarek zatlar ve herbiri alt\u0131n de\u011ferindeki eserleri iyi ki var.             Allah&#8217;\u0131m onlardan raz\u0131 olsun, \u015fefaatlerine nail eylesin. Eserlerine sahip \u00e7\u0131kabilmeyi nasip etsin. Bizleri de bu eserimizde muvaffakiyetler ihsan etsin. \u201dAyn\u0131 dili konu\u015fanlar de\u011fil, ayn\u0131 duyguyu payla\u015fanlar anla\u015fabilir.\u201d -Mevlana- <\/p>\n","protected":false},"excerpt":{"rendered":"<p>Biz bu \u00e7al\u0131\u015fmam\u0131zla iki b\u00fcy\u00fck \u015fahsiyet Mevlana ve Yunus Emre s\u00f6zlerini-\u015fiirlerini derledik. Tabi ki bu eserimizde Yunus Emre&#8217;nin Divan&#8217;\u0131nda yer alan bin \u015fiirini kaleme alamad\u0131\u011f\u0131m\u0131zdan g\u00fcn\u00fcm\u00fczde<span class=\"excerpt-hellip\"> [\u2026]<\/span><\/p>\n","protected":false},"featured_media":0,"template":"","meta":{"_monsterinsights_skip_tracking":false,"_monsterinsights_sitenote_active":false,"_monsterinsights_sitenote_note":"","_monsterinsights_sitenote_category":0},"product_brand":[],"product_cat":[27157,12291],"product_tag":[],"class_list":{"0":"post-772156","1":"product","2":"type-product","3":"status-publish","5":"product_cat-derleme","6":"product_cat-edebiyat","7":"pa_cilt-ciltsiz","8":"pa_tur-kitap","9":"pa_yayinevi-vova-yayinlari","10":"pa_yazar-seyit-ahmet-candir","12":"first","13":"instock","14":"sale","15":"shipping-taxable","16":"purchasable","17":"product-type-simple"},"_links":{"self":[{"href":"https:\/\/roveyayinevi.com.tr\/index.php\/wp-json\/wp\/v2\/product\/772156","targetHints":{"allow":["GET"]}}],"collection":[{"href":"https:\/\/roveyayinevi.com.tr\/index.php\/wp-json\/wp\/v2\/product"}],"about":[{"href":"https:\/\/roveyayinevi.com.tr\/index.php\/wp-json\/wp\/v2\/types\/product"}],"wp:attachment":[{"href":"https:\/\/roveyayinevi.com.tr\/index.php\/wp-json\/wp\/v2\/media?parent=772156"}],"wp:term":[{"taxonomy":"product_brand","embeddable":true,"href":"https:\/\/roveyayinevi.com.tr\/index.php\/wp-json\/wp\/v2\/product_brand?post=772156"},{"taxonomy":"product_cat","embeddable":true,"href":"https:\/\/roveyayinevi.com.tr\/index.php\/wp-json\/wp\/v2\/product_cat?post=772156"},{"taxonomy":"product_tag","embeddable":true,"href":"https:\/\/roveyayinevi.com.tr\/index.php\/wp-json\/wp\/v2\/product_tag?post=772156"}],"curies":[{"name":"wp","href":"https:\/\/api.w.org\/{rel}","templated":true}]}}