{"id":772134,"date":"2025-08-28T15:29:33","date_gmt":"2025-08-28T12:29:33","guid":{"rendered":"https:\/\/roveyayinevi.com.tr\/index.php\/urun\/the-story-orchestra-the-planets\/"},"modified":"2026-04-15T03:38:24","modified_gmt":"2026-04-15T00:38:24","slug":"the-story-orchestra-the-planets","status":"publish","type":"product","link":"https:\/\/roveyayinevi.com.tr\/index.php\/urun\/the-story-orchestra-the-planets\/","title":{"rendered":"The Story Orchestra: The Planets"},"content":{"rendered":"<p>T\u00fcrk\u00e7e A\u00e7\u0131klama: Holst&#8217;un en \u00fcnl\u00fc s\u00fcitlerinden birinin m\u00fczikal yeniden yorumlanmas\u0131nda The Planets&#8217;in b\u00fcy\u00fcleyici b\u00fcy\u00fcs\u00fcn\u00fc ke\u015ffedin. Holst&#8217;un bestesinden \u00e7alan bir orkestran\u0131n canl\u0131 sesini duymak i\u00e7in her g\u00fczel sahnede d\u00fc\u011fmeye bas\u0131n. Bu hikaye, g\u00fcne\u015f sistemimizin derinliklerine maceraya at\u0131lan bir erkek ve k\u0131z karde\u015f hakk\u0131ndad\u0131r. Hikayemiz, Helen ve Tim&#8217;in yeni uzay roketi ranza yataklar\u0131nda yata\u011fa haz\u0131rlanmalar\u0131yla bir gece ba\u015flar&#8230; ancak sihirli bir \u015fekilde par\u0131ldayan gece g\u00f6ky\u00fcz\u00fcne do\u011fru f\u0131rlay\u0131p D\u00fcnya gezegenini \u00e7ok a\u015fa\u011f\u0131da b\u0131rakarak uyku beklemek zorunda kalacakt\u0131r. Helen ve Tim, g\u00f6rkemli g\u00fcne\u015f sistemimizde buradan oraya ve her yere yolculuk ederler. Mars&#8217;\u0131n so\u011fuk kayal\u0131k y\u00fczeyinin yan\u0131ndan u\u00e7arak y\u00fckselirken, y\u00fcksek zirvelere \u00e7\u0131kar ve derin kanyonlara dalar ve buzlu kayalardan olu\u015fan engebeli bir asteroit ku\u015fa\u011f\u0131ndan kayarlar. G\u00fcne\u015f sistemimizin daha derinlerine f\u0131rlayarak yol boyunca g\u00f6z kama\u015ft\u0131r\u0131c\u0131 y\u0131ld\u0131zlar\u0131 ve \u015fa\u015f\u0131rt\u0131c\u0131 gezegenleri ke\u015ffederler. Ancak \u015fimdi ger\u00e7ekten eve d\u00f6nme zaman\u0131d\u0131r! Roket D\u00fcnya&#8217;ya do\u011fru h\u0131zla ilerlerken, Tim ve Helen gezegenlerinin \u00fczerinde g\u00fcne\u015fin do\u011fu\u015funu izlerler.\u0130ngilizce A\u00e7\u0131klama: Discover the spellbinding magic of The Planets in this musical reimagining of one of Holst\u2019s most famous suites.Push the button on each beautiful scene to hear the vivid sound of an orchestra playing from Holst\u2019s score.This tale is about a brother and sister who adventure deep into our solar system. Our story begins one night as Helen and Tim get ready for bed in their new space rocket bunk beds\u2026 but sleep will have to wait as they magically blast up, up, up into the glittering night sky, leaving planet Earth far below them. Helen and Tim journey here, there and everywhere through our majestic solar system. They soar past the cold rocky surface of Mars as it rises into towering peaks and plunges into deep canyons and glide through a bumpy asteroid belt made of icy rocks. They blast deeper into our solar system, exploring the dazzling stars and astounding planets along the way. But now it really is time to head home! As the rocket speeds towards Earth, Tim and Helen watch the sun rise over their planet.<\/p>\n","protected":false},"excerpt":{"rendered":"<p>T\u00fcrk\u00e7e A\u00e7\u0131klama: Holst&#8217;un en \u00fcnl\u00fc s\u00fcitlerinden birinin m\u00fczikal yeniden yorumlanmas\u0131nda The Planets&#8217;in b\u00fcy\u00fcleyici b\u00fcy\u00fcs\u00fcn\u00fc ke\u015ffedin. Holst&#8217;un bestesinden \u00e7alan bir orkestran\u0131n canl\u0131 sesini duymak i\u00e7in her g\u00fczel<span class=\"excerpt-hellip\"> [\u2026]<\/span><\/p>\n","protected":false},"featured_media":0,"template":"","meta":{"_monsterinsights_skip_tracking":false,"_monsterinsights_sitenote_active":false,"_monsterinsights_sitenote_note":"","_monsterinsights_sitenote_category":0},"product_brand":[],"product_cat":[13829,12274],"product_tag":[],"class_list":{"0":"post-772134","1":"product","2":"type-product","3":"status-publish","5":"product_cat-bilimsel-kitaplar","6":"product_cat-cocuk-ve-genclik-kitaplari","7":"pa_cilt-ciltli","8":"pa_tur-kitap","9":"pa_yayinevi-frances-lincoln","10":"pa_yazar-jessica-courtney-tickle","12":"first","13":"instock","14":"sale","15":"shipping-taxable","16":"purchasable","17":"product-type-simple"},"_links":{"self":[{"href":"https:\/\/roveyayinevi.com.tr\/index.php\/wp-json\/wp\/v2\/product\/772134","targetHints":{"allow":["GET"]}}],"collection":[{"href":"https:\/\/roveyayinevi.com.tr\/index.php\/wp-json\/wp\/v2\/product"}],"about":[{"href":"https:\/\/roveyayinevi.com.tr\/index.php\/wp-json\/wp\/v2\/types\/product"}],"wp:attachment":[{"href":"https:\/\/roveyayinevi.com.tr\/index.php\/wp-json\/wp\/v2\/media?parent=772134"}],"wp:term":[{"taxonomy":"product_brand","embeddable":true,"href":"https:\/\/roveyayinevi.com.tr\/index.php\/wp-json\/wp\/v2\/product_brand?post=772134"},{"taxonomy":"product_cat","embeddable":true,"href":"https:\/\/roveyayinevi.com.tr\/index.php\/wp-json\/wp\/v2\/product_cat?post=772134"},{"taxonomy":"product_tag","embeddable":true,"href":"https:\/\/roveyayinevi.com.tr\/index.php\/wp-json\/wp\/v2\/product_tag?post=772134"}],"curies":[{"name":"wp","href":"https:\/\/api.w.org\/{rel}","templated":true}]}}