{"id":772122,"date":"2025-08-28T15:29:10","date_gmt":"2025-08-28T12:29:10","guid":{"rendered":"https:\/\/roveyayinevi.com.tr\/index.php\/urun\/elmer-ve-buyukbaba-eldo\/"},"modified":"2026-04-15T03:38:24","modified_gmt":"2026-04-15T00:38:24","slug":"elmer-ve-buyukbaba-eldo","status":"publish","type":"product","link":"https:\/\/roveyayinevi.com.tr\/index.php\/urun\/elmer-ve-buyukbaba-eldo\/","title":{"rendered":"Elmer ve B\u00fcy\u00fckbaba Eldo"},"content":{"rendered":"<p>Elmer, b\u00fcy\u00fckbabas\u0131 Eldo&#8217;yu ziyarete gidiyor.Ona eskiden birlikte yapt\u0131klar\u0131 \u015feyleri hat\u0131rlat\u0131p \u00e7ok e\u011fleniyor ama Eldo, Elmer&#8217;in d\u00fc\u015f\u00fcnd\u00fc\u011f\u00fcnden daha fazla an\u0131y\u0131 unutmu\u015f g\u00f6r\u00fcn\u00fcyor. Ya\u015fl\u0131 olabilir ama o bir fil ve filler asla unutmaz. Yoksa unuturlar m\u0131?<\/p>\n","protected":false},"excerpt":{"rendered":"<p>Elmer, b\u00fcy\u00fckbabas\u0131 Eldo&#8217;yu ziyarete gidiyor.Ona eskiden birlikte yapt\u0131klar\u0131 \u015feyleri hat\u0131rlat\u0131p \u00e7ok e\u011fleniyor ama Eldo, Elmer&#8217;in d\u00fc\u015f\u00fcnd\u00fc\u011f\u00fcnden daha fazla an\u0131y\u0131 unutmu\u015f g\u00f6r\u00fcn\u00fcyor. Ya\u015fl\u0131 olabilir ama o bir<span class=\"excerpt-hellip\"> [\u2026]<\/span><\/p>\n","protected":false},"featured_media":0,"template":"","meta":{"_monsterinsights_skip_tracking":false,"_monsterinsights_sitenote_active":false,"_monsterinsights_sitenote_note":"","_monsterinsights_sitenote_category":0},"product_brand":[],"product_cat":[12274,12284],"product_tag":[],"class_list":{"0":"post-772122","1":"product","2":"type-product","3":"status-publish","5":"product_cat-cocuk-ve-genclik-kitaplari","6":"product_cat-hikayeler","7":"pa_cilt-ciltsiz","8":"pa_tur-kitap","9":"pa_yayinevi-mundi","10":"pa_yazar-david-mckee","12":"first","13":"instock","14":"sale","15":"shipping-taxable","16":"purchasable","17":"product-type-simple"},"_links":{"self":[{"href":"https:\/\/roveyayinevi.com.tr\/index.php\/wp-json\/wp\/v2\/product\/772122","targetHints":{"allow":["GET"]}}],"collection":[{"href":"https:\/\/roveyayinevi.com.tr\/index.php\/wp-json\/wp\/v2\/product"}],"about":[{"href":"https:\/\/roveyayinevi.com.tr\/index.php\/wp-json\/wp\/v2\/types\/product"}],"wp:attachment":[{"href":"https:\/\/roveyayinevi.com.tr\/index.php\/wp-json\/wp\/v2\/media?parent=772122"}],"wp:term":[{"taxonomy":"product_brand","embeddable":true,"href":"https:\/\/roveyayinevi.com.tr\/index.php\/wp-json\/wp\/v2\/product_brand?post=772122"},{"taxonomy":"product_cat","embeddable":true,"href":"https:\/\/roveyayinevi.com.tr\/index.php\/wp-json\/wp\/v2\/product_cat?post=772122"},{"taxonomy":"product_tag","embeddable":true,"href":"https:\/\/roveyayinevi.com.tr\/index.php\/wp-json\/wp\/v2\/product_tag?post=772122"}],"curies":[{"name":"wp","href":"https:\/\/api.w.org\/{rel}","templated":true}]}}