{"id":772119,"date":"2025-08-28T15:29:05","date_gmt":"2025-08-28T12:29:05","guid":{"rendered":"https:\/\/roveyayinevi.com.tr\/index.php\/urun\/45-games-out-and-about\/"},"modified":"2026-04-15T03:38:24","modified_gmt":"2026-04-15T00:38:24","slug":"45-games-out-and-about","status":"publish","type":"product","link":"https:\/\/roveyayinevi.com.tr\/index.php\/urun\/45-games-out-and-about\/","title":{"rendered":"45 Games&#8230; Out And About"},"content":{"rendered":"<p>\u00c7ocuklar, tablete kar\u015f\u0131 m\u00fckemmel bir panzehir olan bu heyecan verici etkile\u015fimli oyunlardan olu\u015fan kompakt bloknotta g\u00fcnl\u00fck sahneleri ke\u015ffetmekten keyif alacaklar. Bu pop\u00fcler serideki her kitap, silinebilir bir m\u00fcrekkep kalemiyle birlikte gelir, b\u00f6ylece kitaplar tekrar tekrar kullan\u0131labilir! Spiral ciltleme ve sekmeler kitab\u0131 etkile\u015fimli ve kullan\u0131m\u0131 kolay hale getirir. \u00c7ocuklar\u0131n g\u00f6zlem becerilerini ve haf\u0131zalar\u0131n\u0131 ve ince motor becerilerini geli\u015ftirmelerine yard\u0131mc\u0131 olmak i\u00e7in m\u00fckemmeldir.Children will enjoy exploring everyday scenes in this compact pad of exciting interactive games- the perfect antidote to the tablet. Each book in this popular series come with an erasable ink pen, so the books can be used time and time again! The spiral binding and the tabs make the book interactive and easy to use. Perfect for helping children to develop their observational skills and memory as well as fine motor skills.<\/p>\n","protected":false},"excerpt":{"rendered":"<p>\u00c7ocuklar, tablete kar\u015f\u0131 m\u00fckemmel bir panzehir olan bu heyecan verici etkile\u015fimli oyunlardan olu\u015fan kompakt bloknotta g\u00fcnl\u00fck sahneleri ke\u015ffetmekten keyif alacaklar. Bu pop\u00fcler serideki her kitap, silinebilir<span class=\"excerpt-hellip\"> [\u2026]<\/span><\/p>\n","protected":false},"featured_media":0,"template":"","meta":{"_monsterinsights_skip_tracking":false,"_monsterinsights_sitenote_active":false,"_monsterinsights_sitenote_note":"","_monsterinsights_sitenote_category":0},"product_brand":[],"product_cat":[12274,24599],"product_tag":[],"class_list":{"0":"post-772119","1":"product","2":"type-product","3":"status-publish","5":"product_cat-cocuk-ve-genclik-kitaplari","6":"product_cat-zeka-gelisimi","7":"pa_cilt-ciltli","8":"pa_tur-kitap","9":"pa_yayinevi-auzou-publishing","10":"pa_yazar-kolektif","12":"first","13":"instock","14":"sale","15":"shipping-taxable","16":"purchasable","17":"product-type-simple"},"_links":{"self":[{"href":"https:\/\/roveyayinevi.com.tr\/index.php\/wp-json\/wp\/v2\/product\/772119","targetHints":{"allow":["GET"]}}],"collection":[{"href":"https:\/\/roveyayinevi.com.tr\/index.php\/wp-json\/wp\/v2\/product"}],"about":[{"href":"https:\/\/roveyayinevi.com.tr\/index.php\/wp-json\/wp\/v2\/types\/product"}],"wp:attachment":[{"href":"https:\/\/roveyayinevi.com.tr\/index.php\/wp-json\/wp\/v2\/media?parent=772119"}],"wp:term":[{"taxonomy":"product_brand","embeddable":true,"href":"https:\/\/roveyayinevi.com.tr\/index.php\/wp-json\/wp\/v2\/product_brand?post=772119"},{"taxonomy":"product_cat","embeddable":true,"href":"https:\/\/roveyayinevi.com.tr\/index.php\/wp-json\/wp\/v2\/product_cat?post=772119"},{"taxonomy":"product_tag","embeddable":true,"href":"https:\/\/roveyayinevi.com.tr\/index.php\/wp-json\/wp\/v2\/product_tag?post=772119"}],"curies":[{"name":"wp","href":"https:\/\/api.w.org\/{rel}","templated":true}]}}