{"id":772118,"date":"2025-08-28T15:29:04","date_gmt":"2025-08-28T12:29:04","guid":{"rendered":"https:\/\/roveyayinevi.com.tr\/index.php\/urun\/45-games-in-space\/"},"modified":"2026-04-15T03:38:24","modified_gmt":"2026-04-15T00:38:24","slug":"45-games-in-space","status":"publish","type":"product","link":"https:\/\/roveyayinevi.com.tr\/index.php\/urun\/45-games-in-space\/","title":{"rendered":"45 Games &#8211; In Space"},"content":{"rendered":"<p>Saatlerce e\u011flence i\u00e7in 45 oyun! Lamine sayfalar ve silinebilir kalem \u00e7ocuklar\u0131n tekrar tekrar oynamas\u0131na olanak tan\u0131rken, k\u00fc\u00e7\u00fck formatlar\u0131 da \u00e7ocuklar\u0131n bloknotu her yere yanlar\u0131nda g\u00f6t\u00fcrmelerine olanak tan\u0131r. Bu, araba yolculu\u011fu s\u0131ras\u0131nda veya ebeveynlerin huzur ve sessizli\u011fe ihtiya\u00e7 duyabilece\u011fi herhangi bir anda \u00e7ocuklar\u0131 me\u015fgul etmenin m\u00fckemmel bir yoludur. 15 g\u00f6zlem oyunu, 15 labirent, \u00e7e\u015fitli di\u011fer oyunlar ve \u00e7ok say\u0131da e\u011flence, renkli \u00e7izimler dahildir. 45 games, for hours of fun! The laminated pages and wipeable pen allow children to play time and time again, whilst the small format allows them to bring the pad with them everywhere. This is the perfect way to keep children busy during a car trip, or any other moment when parents may need peace and quiet. 15 games of observation, 15 mazes, a variety of other games and lots of fun, colourful illustrations are included.<\/p>\n","protected":false},"excerpt":{"rendered":"<p>Saatlerce e\u011flence i\u00e7in 45 oyun! Lamine sayfalar ve silinebilir kalem \u00e7ocuklar\u0131n tekrar tekrar oynamas\u0131na olanak tan\u0131rken, k\u00fc\u00e7\u00fck formatlar\u0131 da \u00e7ocuklar\u0131n bloknotu her yere yanlar\u0131nda g\u00f6t\u00fcrmelerine olanak<span class=\"excerpt-hellip\"> [\u2026]<\/span><\/p>\n","protected":false},"featured_media":0,"template":"","meta":{"_monsterinsights_skip_tracking":false,"_monsterinsights_sitenote_active":false,"_monsterinsights_sitenote_note":"","_monsterinsights_sitenote_category":0},"product_brand":[],"product_cat":[12274],"product_tag":[],"class_list":{"0":"post-772118","1":"product","2":"type-product","3":"status-publish","5":"product_cat-cocuk-ve-genclik-kitaplari","6":"pa_cilt-ciltli","7":"pa_tur-kitap","8":"pa_yayinevi-auzou-publishing","9":"pa_yazar-kolektif","11":"first","12":"instock","13":"sale","14":"shipping-taxable","15":"purchasable","16":"product-type-simple"},"_links":{"self":[{"href":"https:\/\/roveyayinevi.com.tr\/index.php\/wp-json\/wp\/v2\/product\/772118","targetHints":{"allow":["GET"]}}],"collection":[{"href":"https:\/\/roveyayinevi.com.tr\/index.php\/wp-json\/wp\/v2\/product"}],"about":[{"href":"https:\/\/roveyayinevi.com.tr\/index.php\/wp-json\/wp\/v2\/types\/product"}],"wp:attachment":[{"href":"https:\/\/roveyayinevi.com.tr\/index.php\/wp-json\/wp\/v2\/media?parent=772118"}],"wp:term":[{"taxonomy":"product_brand","embeddable":true,"href":"https:\/\/roveyayinevi.com.tr\/index.php\/wp-json\/wp\/v2\/product_brand?post=772118"},{"taxonomy":"product_cat","embeddable":true,"href":"https:\/\/roveyayinevi.com.tr\/index.php\/wp-json\/wp\/v2\/product_cat?post=772118"},{"taxonomy":"product_tag","embeddable":true,"href":"https:\/\/roveyayinevi.com.tr\/index.php\/wp-json\/wp\/v2\/product_tag?post=772118"}],"curies":[{"name":"wp","href":"https:\/\/api.w.org\/{rel}","templated":true}]}}