{"id":772117,"date":"2025-08-28T15:29:02","date_gmt":"2025-08-28T12:29:02","guid":{"rendered":"https:\/\/roveyayinevi.com.tr\/index.php\/urun\/45-games-animal-fun\/"},"modified":"2026-04-15T03:38:24","modified_gmt":"2026-04-15T00:38:24","slug":"45-games-animal-fun","status":"publish","type":"product","link":"https:\/\/roveyayinevi.com.tr\/index.php\/urun\/45-games-animal-fun\/","title":{"rendered":"45 Games&#8230;Animal Fun"},"content":{"rendered":"<p>T\u00fcrk\u00e7e A\u00e7\u0131klama: \u00c7ocuklar, bu heyecan verici etkile\u015fimli oyunlardan olu\u015fan kompakt bloknotta en sevdikleri t\u00fcm hayvanlar\u0131 ke\u015ffetmenin keyfini \u00e7\u0131karacaklar &#8211; tablete kar\u015f\u0131 m\u00fckemmel bir panzehir. Bu pop\u00fcler serideki her kitap, silinebilir bir m\u00fcrekkep kalemle birlikte gelir, b\u00f6ylece kitaplar tekrar tekrar kullan\u0131labilir! Spiral ciltleme ve sekmeler kitab\u0131 etkile\u015fimli ve kullan\u0131m\u0131 kolay hale getirir. \u00c7ocuklar\u0131n g\u00f6zlem becerilerini ve haf\u0131zalar\u0131n\u0131 ve ince motor becerilerini geli\u015ftirmelerine yard\u0131mc\u0131 olmak i\u00e7in m\u00fckemmeldir. \u0130ngilizce A\u00e7\u0131klama: Children will enjoy spotting all of their favourite animals in this compact pad of exciting interactive games &#8211; the perfect antidote to the tablet. Each book in this popular series come with an erasable ink pen, so the books can be used time and time again! The spiral binding and the tabs make the book interactive and easy to use. Perfect for helping children to develop their observational skills and memory as well as fine motor skills.<\/p>\n","protected":false},"excerpt":{"rendered":"<p>T\u00fcrk\u00e7e A\u00e7\u0131klama: \u00c7ocuklar, bu heyecan verici etkile\u015fimli oyunlardan olu\u015fan kompakt bloknotta en sevdikleri t\u00fcm hayvanlar\u0131 ke\u015ffetmenin keyfini \u00e7\u0131karacaklar &#8211; tablete kar\u015f\u0131 m\u00fckemmel bir panzehir. Bu pop\u00fcler<span class=\"excerpt-hellip\"> [\u2026]<\/span><\/p>\n","protected":false},"featured_media":0,"template":"","meta":{"_monsterinsights_skip_tracking":false,"_monsterinsights_sitenote_active":false,"_monsterinsights_sitenote_note":"","_monsterinsights_sitenote_category":0},"product_brand":[],"product_cat":[12274,24599],"product_tag":[],"class_list":{"0":"post-772117","1":"product","2":"type-product","3":"status-publish","5":"product_cat-cocuk-ve-genclik-kitaplari","6":"product_cat-zeka-gelisimi","7":"pa_cilt-ciltli","8":"pa_tur-kitap","9":"pa_yayinevi-auzou-publishing","10":"pa_yazar-kolektif","12":"first","13":"instock","14":"sale","15":"shipping-taxable","16":"purchasable","17":"product-type-simple"},"_links":{"self":[{"href":"https:\/\/roveyayinevi.com.tr\/index.php\/wp-json\/wp\/v2\/product\/772117","targetHints":{"allow":["GET"]}}],"collection":[{"href":"https:\/\/roveyayinevi.com.tr\/index.php\/wp-json\/wp\/v2\/product"}],"about":[{"href":"https:\/\/roveyayinevi.com.tr\/index.php\/wp-json\/wp\/v2\/types\/product"}],"wp:attachment":[{"href":"https:\/\/roveyayinevi.com.tr\/index.php\/wp-json\/wp\/v2\/media?parent=772117"}],"wp:term":[{"taxonomy":"product_brand","embeddable":true,"href":"https:\/\/roveyayinevi.com.tr\/index.php\/wp-json\/wp\/v2\/product_brand?post=772117"},{"taxonomy":"product_cat","embeddable":true,"href":"https:\/\/roveyayinevi.com.tr\/index.php\/wp-json\/wp\/v2\/product_cat?post=772117"},{"taxonomy":"product_tag","embeddable":true,"href":"https:\/\/roveyayinevi.com.tr\/index.php\/wp-json\/wp\/v2\/product_tag?post=772117"}],"curies":[{"name":"wp","href":"https:\/\/api.w.org\/{rel}","templated":true}]}}