{"id":772116,"date":"2025-08-28T15:29:00","date_gmt":"2025-08-28T12:29:00","guid":{"rendered":"https:\/\/roveyayinevi.com.tr\/index.php\/urun\/45-games-on-holidays\/"},"modified":"2026-04-15T03:38:24","modified_gmt":"2026-04-15T00:38:24","slug":"45-games-on-holidays","status":"publish","type":"product","link":"https:\/\/roveyayinevi.com.tr\/index.php\/urun\/45-games-on-holidays\/","title":{"rendered":"45 Games&#8230; on Holidays!"},"content":{"rendered":"<p>T\u00fcrk\u00e7e A\u00e7\u0131klama: \u0130ster evde ister hareket halinde olun, \u00e7ocuklar heyecan verici etkile\u015fimli oyunlardan olu\u015fan bu kompakt tablete dalmaktan keyif alacaklar &#8211; tablete kar\u015f\u0131 m\u00fckemmel bir panzehir. Bu pop\u00fcler serideki her kitap silinebilir bir m\u00fcrekkep kalemle birlikte gelir, b\u00f6ylece kitaplar tekrar tekrar kullan\u0131labilir! Spiral ciltleme ve sekmeler kitab\u0131 etkile\u015fimli ve kullan\u0131m\u0131 kolay hale getirir. \u00c7ocuklar\u0131n g\u00f6zlem becerilerini ve haf\u0131zalar\u0131n\u0131 ve ince motor becerilerini geli\u015ftirmelerine yard\u0131mc\u0131 olmak i\u00e7in m\u00fckemmeldir.\u0130ngilizce A\u00e7\u0131klama: Whether at home or on the move, children will enjoy getting stuck into this compact pad of exciting interactive games- the perfect antidote to the tablet. Each book in this popular series come with an erasable ink pen, so the books can be used time and time again! The spiral binding and the tabs make the book interactive and easy to use. Perfect for helping children to develop their observational skills and memory as well as fine motor skills.<\/p>\n","protected":false},"excerpt":{"rendered":"<p>T\u00fcrk\u00e7e A\u00e7\u0131klama: \u0130ster evde ister hareket halinde olun, \u00e7ocuklar heyecan verici etkile\u015fimli oyunlardan olu\u015fan bu kompakt tablete dalmaktan keyif alacaklar &#8211; tablete kar\u015f\u0131 m\u00fckemmel bir panzehir.<span class=\"excerpt-hellip\"> [\u2026]<\/span><\/p>\n","protected":false},"featured_media":0,"template":"","meta":{"_monsterinsights_skip_tracking":false,"_monsterinsights_sitenote_active":false,"_monsterinsights_sitenote_note":"","_monsterinsights_sitenote_category":0},"product_brand":[],"product_cat":[12274,24599],"product_tag":[],"class_list":{"0":"post-772116","1":"product","2":"type-product","3":"status-publish","5":"product_cat-cocuk-ve-genclik-kitaplari","6":"product_cat-zeka-gelisimi","7":"pa_cilt-ciltli","8":"pa_tur-kitap","9":"pa_yayinevi-auzou-publishing","10":"pa_yazar-kolektif","12":"first","13":"instock","14":"sale","15":"shipping-taxable","16":"purchasable","17":"product-type-simple"},"_links":{"self":[{"href":"https:\/\/roveyayinevi.com.tr\/index.php\/wp-json\/wp\/v2\/product\/772116","targetHints":{"allow":["GET"]}}],"collection":[{"href":"https:\/\/roveyayinevi.com.tr\/index.php\/wp-json\/wp\/v2\/product"}],"about":[{"href":"https:\/\/roveyayinevi.com.tr\/index.php\/wp-json\/wp\/v2\/types\/product"}],"wp:attachment":[{"href":"https:\/\/roveyayinevi.com.tr\/index.php\/wp-json\/wp\/v2\/media?parent=772116"}],"wp:term":[{"taxonomy":"product_brand","embeddable":true,"href":"https:\/\/roveyayinevi.com.tr\/index.php\/wp-json\/wp\/v2\/product_brand?post=772116"},{"taxonomy":"product_cat","embeddable":true,"href":"https:\/\/roveyayinevi.com.tr\/index.php\/wp-json\/wp\/v2\/product_cat?post=772116"},{"taxonomy":"product_tag","embeddable":true,"href":"https:\/\/roveyayinevi.com.tr\/index.php\/wp-json\/wp\/v2\/product_tag?post=772116"}],"curies":[{"name":"wp","href":"https:\/\/api.w.org\/{rel}","templated":true}]}}