{"id":772115,"date":"2025-08-28T15:28:58","date_gmt":"2025-08-28T12:28:58","guid":{"rendered":"https:\/\/roveyayinevi.com.tr\/index.php\/urun\/the-nutcracker\/"},"modified":"2026-04-15T03:38:24","modified_gmt":"2026-04-15T00:38:24","slug":"the-nutcracker","status":"publish","type":"product","link":"https:\/\/roveyayinevi.com.tr\/index.php\/urun\/the-nutcracker\/","title":{"rendered":"The Nutcracker"},"content":{"rendered":"<p>Piotr Ilitch Tchaikovsky&#8217;nin \u00e7ok sevilen F\u0131nd\u0131kk\u0131ran balesinden alt\u0131 g\u00fczel m\u00fczik par\u00e7as\u0131n\u0131 ke\u015ffedin. Her zarif ka\u011f\u0131t kesme sahnesi, bu g\u00fczel baleden y\u00fcksek kaliteli bir m\u00fczik par\u00e7as\u0131yla birlikte gelir. \u00c7ocuklar, d\u00fcnyan\u0131n en sevilen bestecilerinden birinin m\u00fczi\u011fini dinlerken Clara&#8217;ya r\u00fcya gibi bir macerada kat\u0131lmay\u0131 \u00e7ok sevecekler. Keyfini \u00e7\u0131kar\u0131p payla\u015fabilece\u011finiz b\u00fcy\u00fcleyici bir kitap! Discover six beautiful pieces of music from the much-loved ballet The Nutcracker by Piotr Ilitch Tchaikovsky. Each delicate papercut scene comes with a high-quality musical excerpt from this beautiful ballet. Children will love joining Clara on a dream-like adventure as they listen to the music of one of the world\u2019s best-loved composers. An enchanting book to enjoy and share!<\/p>\n","protected":false},"excerpt":{"rendered":"<p>Piotr Ilitch Tchaikovsky&#8217;nin \u00e7ok sevilen F\u0131nd\u0131kk\u0131ran balesinden alt\u0131 g\u00fczel m\u00fczik par\u00e7as\u0131n\u0131 ke\u015ffedin. Her zarif ka\u011f\u0131t kesme sahnesi, bu g\u00fczel baleden y\u00fcksek kaliteli bir m\u00fczik par\u00e7as\u0131yla birlikte<span class=\"excerpt-hellip\"> [\u2026]<\/span><\/p>\n","protected":false},"featured_media":0,"template":"","meta":{"_monsterinsights_skip_tracking":false,"_monsterinsights_sitenote_active":false,"_monsterinsights_sitenote_note":"","_monsterinsights_sitenote_category":0},"product_brand":[],"product_cat":[12274,15842],"product_tag":[],"class_list":{"0":"post-772115","1":"product","2":"type-product","3":"status-publish","5":"product_cat-cocuk-ve-genclik-kitaplari","6":"product_cat-egitici-kitaplar","7":"pa_cilt-ciltli","8":"pa_tur-kitap","9":"pa_yayinevi-auzou-publishing","10":"pa_yazar-gemma-roman","12":"first","13":"instock","14":"sale","15":"shipping-taxable","16":"purchasable","17":"product-type-simple"},"_links":{"self":[{"href":"https:\/\/roveyayinevi.com.tr\/index.php\/wp-json\/wp\/v2\/product\/772115","targetHints":{"allow":["GET"]}}],"collection":[{"href":"https:\/\/roveyayinevi.com.tr\/index.php\/wp-json\/wp\/v2\/product"}],"about":[{"href":"https:\/\/roveyayinevi.com.tr\/index.php\/wp-json\/wp\/v2\/types\/product"}],"wp:attachment":[{"href":"https:\/\/roveyayinevi.com.tr\/index.php\/wp-json\/wp\/v2\/media?parent=772115"}],"wp:term":[{"taxonomy":"product_brand","embeddable":true,"href":"https:\/\/roveyayinevi.com.tr\/index.php\/wp-json\/wp\/v2\/product_brand?post=772115"},{"taxonomy":"product_cat","embeddable":true,"href":"https:\/\/roveyayinevi.com.tr\/index.php\/wp-json\/wp\/v2\/product_cat?post=772115"},{"taxonomy":"product_tag","embeddable":true,"href":"https:\/\/roveyayinevi.com.tr\/index.php\/wp-json\/wp\/v2\/product_tag?post=772115"}],"curies":[{"name":"wp","href":"https:\/\/api.w.org\/{rel}","templated":true}]}}