{"id":772096,"date":"2025-08-28T15:28:23","date_gmt":"2025-08-28T12:28:23","guid":{"rendered":"https:\/\/roveyayinevi.com.tr\/index.php\/urun\/evrimlesmis-yuva\/"},"modified":"2026-04-15T03:38:23","modified_gmt":"2026-04-15T00:38:23","slug":"evrimlesmis-yuva","status":"publish","type":"product","link":"https:\/\/roveyayinevi.com.tr\/index.php\/urun\/evrimlesmis-yuva\/","title":{"rendered":"Evrimle\u015fmi\u015f Yuva"},"content":{"rendered":"<p>\u201cBu kitap, sundu\u011fu derin bilgiler ve etkileyici bilimsel g\u00f6zlemlerle okuyucusunu b\u00fcy\u00fcleyecek ve minnetle dolduracak.\u201dDr. Gabor Mat\u00e9    \u0130nsan\u0131n en derin ihtiya\u00e7lar\u0131 do\u011fada \u015fekillendi; sevgi, g\u00fcven ve ait olma duygusu, evrimsel miras\u0131m\u0131z\u0131n ayr\u0131lmaz par\u00e7alar\u0131yd\u0131. Ancak zamanla bu temel ba\u011flardan uzakla\u015farak kendi do\u011fam\u0131zdan kopmu\u015f olduk. Bu kitap, insan yavrusunun temel ihtiya\u00e7lar\u0131n\u0131 ve sa\u011fl\u0131kl\u0131 ebeveyn-\u00e7ocuk ba\u011f\u0131n\u0131n nas\u0131l kurulabilece\u011fini do\u011fan\u0131n kadim bilgeli\u011finden yola \u00e7\u0131karak anlat\u0131yor ve kaybolan bu ba\u011flar\u0131 yeniden ke\u015ffetmemize yard\u0131mc\u0131 oluyor. Psikologlar Dr. Darcia Narvaez ve Dr. Gay Bradshaw, insan\u0131n do\u011fadan nas\u0131l koptu\u011funu ve bu kopu\u015fun bizi nas\u0131l yaln\u0131zla\u015ft\u0131rd\u0131\u011f\u0131n\u0131 g\u00f6zler \u00f6n\u00fcne sererken, ayn\u0131 zamanda iyile\u015fmenin yollar\u0131n\u0131 da g\u00f6steriyor. Hayvanlardaki \u201cevrimle\u015fmi\u015f yuva\u201d kavram\u0131n\u0131 merkeze alarak kurtlar\u0131n ahlak pusulas\u0131 geli\u015ftirmesinden, kunduzlar\u0131n oyun ruhunu korumas\u0131na; ahtapotlar\u0131n duygusal zek\u00e2 in\u015fas\u0131ndan, boz ay\u0131lar\u0131n \u00e7ocuk sahibi olma kararlar\u0131na kadar farkl\u0131 t\u00fcrlerden ebeveynlik modellerini inceliyor. Bu yolculukta, hayvanlar\u0131n yavrular\u0131n\u0131 yaln\u0131zca i\u00e7g\u00fcd\u00fcyle de\u011fil, bilin\u00e7 ve duyguyla da b\u00fcy\u00fctt\u00fcklerini g\u00f6r\u00fcyoruz.  Do\u011fu\u015ftan gelen ba\u011flanma ve bak\u0131m ihtiya\u00e7lar\u0131m\u0131z\u0131 anlamak, ailelerimizde, topluluklar\u0131m\u0131zda ve kendi hayatlar\u0131m\u0131zda \u015fefkati ve g\u00fcveni yeniden in\u015fa etmek i\u00e7in do\u011fadan ve hayvanlardan \u00f6\u011frenebileceklerimiz oldu\u011funu g\u00f6steren kitap, kay\u0131plar\u0131m\u0131za ra\u011fmen insan ve do\u011fa aras\u0131nda yeniden filizlenebilecek bir gelece\u011fe \u00e7a\u011fr\u0131 yap\u0131yor.  <\/p>\n","protected":false},"excerpt":{"rendered":"<p>\u201cBu kitap, sundu\u011fu derin bilgiler ve etkileyici bilimsel g\u00f6zlemlerle okuyucusunu b\u00fcy\u00fcleyecek ve minnetle dolduracak.\u201dDr. Gabor Mat\u00e9 \u0130nsan\u0131n en derin ihtiya\u00e7lar\u0131 do\u011fada \u015fekillendi; sevgi, g\u00fcven ve ait<span class=\"excerpt-hellip\"> [\u2026]<\/span><\/p>\n","protected":false},"featured_media":0,"template":"","meta":{"_monsterinsights_skip_tracking":false,"_monsterinsights_sitenote_active":false,"_monsterinsights_sitenote_note":"","_monsterinsights_sitenote_category":0},"product_brand":[],"product_cat":[12679,12357],"product_tag":[],"class_list":{"0":"post-772096","1":"product","2":"type-product","3":"status-publish","5":"product_cat-cocuk-psikolojisi","6":"product_cat-psikoloji","7":"pa_cilt-ciltsiz","8":"pa_tur-kitap","9":"pa_yayinevi-diyojen-yayincilik","10":"pa_yazar-darcia-narvaez-g-a-bradshaw","12":"first","13":"instock","14":"sale","15":"shipping-taxable","16":"purchasable","17":"product-type-simple"},"_links":{"self":[{"href":"https:\/\/roveyayinevi.com.tr\/index.php\/wp-json\/wp\/v2\/product\/772096","targetHints":{"allow":["GET"]}}],"collection":[{"href":"https:\/\/roveyayinevi.com.tr\/index.php\/wp-json\/wp\/v2\/product"}],"about":[{"href":"https:\/\/roveyayinevi.com.tr\/index.php\/wp-json\/wp\/v2\/types\/product"}],"wp:attachment":[{"href":"https:\/\/roveyayinevi.com.tr\/index.php\/wp-json\/wp\/v2\/media?parent=772096"}],"wp:term":[{"taxonomy":"product_brand","embeddable":true,"href":"https:\/\/roveyayinevi.com.tr\/index.php\/wp-json\/wp\/v2\/product_brand?post=772096"},{"taxonomy":"product_cat","embeddable":true,"href":"https:\/\/roveyayinevi.com.tr\/index.php\/wp-json\/wp\/v2\/product_cat?post=772096"},{"taxonomy":"product_tag","embeddable":true,"href":"https:\/\/roveyayinevi.com.tr\/index.php\/wp-json\/wp\/v2\/product_tag?post=772096"}],"curies":[{"name":"wp","href":"https:\/\/api.w.org\/{rel}","templated":true}]}}