{"id":772065,"date":"2025-08-28T15:27:29","date_gmt":"2025-08-28T12:27:29","guid":{"rendered":"https:\/\/roveyayinevi.com.tr\/index.php\/urun\/my-world-of-music-vivaldi\/"},"modified":"2026-04-15T03:38:22","modified_gmt":"2026-04-15T00:38:22","slug":"my-world-of-music-vivaldi","status":"publish","type":"product","link":"https:\/\/roveyayinevi.com.tr\/index.php\/urun\/my-world-of-music-vivaldi\/","title":{"rendered":"My World of Music: Vivaldi"},"content":{"rendered":"<p>T\u00fcrk\u00e7e A\u00e7\u0131klama: Klasik m\u00fczi\u011fi interaktif ses sekmeleriyle bir araya getiren bu yenilik\u00e7i seri, miniklere ilgi \u00e7ekici ve e\u011fitici bir deneyim sunuyor.\u0130ngilizce A\u00e7\u0131klama: This innovative series combines classical music with interactive sound tabs, offering an engaging and educational experience to toddlers.<\/p>\n","protected":false},"excerpt":{"rendered":"<p>T\u00fcrk\u00e7e A\u00e7\u0131klama: Klasik m\u00fczi\u011fi interaktif ses sekmeleriyle bir araya getiren bu yenilik\u00e7i seri, miniklere ilgi \u00e7ekici ve e\u011fitici bir deneyim sunuyor.\u0130ngilizce A\u00e7\u0131klama: This innovative series combines<span class=\"excerpt-hellip\"> [\u2026]<\/span><\/p>\n","protected":false},"featured_media":0,"template":"","meta":{"_monsterinsights_skip_tracking":false,"_monsterinsights_sitenote_active":false,"_monsterinsights_sitenote_note":"","_monsterinsights_sitenote_category":0},"product_brand":[],"product_cat":[12274,15842],"product_tag":[],"class_list":{"0":"post-772065","1":"product","2":"type-product","3":"status-publish","5":"product_cat-cocuk-ve-genclik-kitaplari","6":"product_cat-egitici-kitaplar","7":"pa_cilt-ciltli","8":"pa_tur-kitap","9":"pa_yayinevi-auzou-publishing","10":"pa_yazar-malgorzata-detner","12":"first","13":"instock","14":"sale","15":"shipping-taxable","16":"purchasable","17":"product-type-simple"},"_links":{"self":[{"href":"https:\/\/roveyayinevi.com.tr\/index.php\/wp-json\/wp\/v2\/product\/772065","targetHints":{"allow":["GET"]}}],"collection":[{"href":"https:\/\/roveyayinevi.com.tr\/index.php\/wp-json\/wp\/v2\/product"}],"about":[{"href":"https:\/\/roveyayinevi.com.tr\/index.php\/wp-json\/wp\/v2\/types\/product"}],"wp:attachment":[{"href":"https:\/\/roveyayinevi.com.tr\/index.php\/wp-json\/wp\/v2\/media?parent=772065"}],"wp:term":[{"taxonomy":"product_brand","embeddable":true,"href":"https:\/\/roveyayinevi.com.tr\/index.php\/wp-json\/wp\/v2\/product_brand?post=772065"},{"taxonomy":"product_cat","embeddable":true,"href":"https:\/\/roveyayinevi.com.tr\/index.php\/wp-json\/wp\/v2\/product_cat?post=772065"},{"taxonomy":"product_tag","embeddable":true,"href":"https:\/\/roveyayinevi.com.tr\/index.php\/wp-json\/wp\/v2\/product_tag?post=772065"}],"curies":[{"name":"wp","href":"https:\/\/api.w.org\/{rel}","templated":true}]}}