{"id":772064,"date":"2025-08-28T15:27:27","date_gmt":"2025-08-28T12:27:27","guid":{"rendered":"https:\/\/roveyayinevi.com.tr\/index.php\/urun\/my-world-of-music-mozart\/"},"modified":"2026-01-27T04:06:45","modified_gmt":"2026-01-27T01:06:45","slug":"my-world-of-music-mozart","status":"publish","type":"product","link":"https:\/\/roveyayinevi.com.tr\/index.php\/urun\/my-world-of-music-mozart\/","title":{"rendered":"My World of Music: Mozart"},"content":{"rendered":"<p>Bu yenilik\u00e7i seri, klasik m\u00fczi\u011fi etkile\u015fimli ses sekmeleriyle birle\u015ftirerek, y\u00fcr\u00fcmeye ba\u015flayan \u00e7ocuklara ilgi \u00e7ekici ve e\u011fitici bir deneyim sunuyor. Sekmeler, k\u00fc\u00e7\u00fck ellerin kolayca basabilece\u011fi \u015fekilde tasarlanm\u0131\u015ft\u0131r ve yuvarlat\u0131lm\u0131\u015f k\u00f6\u015feler, bu seriyi kitap tutmay\u0131 ve kitapla oynamay\u0131 seven y\u00fcr\u00fcmeye ba\u015flayan \u00e7ocuklar i\u00e7in m\u00fckemmel hale getirir. Canl\u0131 \u00e7izimler, \u00e7ocuklar\u0131n resimlere ve metne bakmaktan keyif al\u0131rken m\u00fczikle etkile\u015fime girmelerine yard\u0131mc\u0131 olur. Y\u00fcksek sesle okumak i\u00e7in harika!This innovative series combines classical music with interactive sound tabs, offering an engaging and educational experience to toddlers.Tabs are designed to be easily pressed by little hands, and rounded corners make this series perfect for toddlers who enjoy holding and playing with books.Vivid illustrations help children to engage with the music as they enjoy looking at the pictures and text. Great for reading aloud!<\/p>\n","protected":false},"excerpt":{"rendered":"<p>Bu yenilik\u00e7i seri, klasik m\u00fczi\u011fi etkile\u015fimli ses sekmeleriyle birle\u015ftirerek, y\u00fcr\u00fcmeye ba\u015flayan \u00e7ocuklara ilgi \u00e7ekici ve e\u011fitici bir deneyim sunuyor. Sekmeler, k\u00fc\u00e7\u00fck ellerin kolayca basabilece\u011fi \u015fekilde tasarlanm\u0131\u015ft\u0131r<span class=\"excerpt-hellip\"> [\u2026]<\/span><\/p>\n","protected":false},"featured_media":0,"template":"","meta":{"_monsterinsights_skip_tracking":false,"_monsterinsights_sitenote_active":false,"_monsterinsights_sitenote_note":"","_monsterinsights_sitenote_category":0},"product_brand":[],"product_cat":[12274,15842],"product_tag":[],"class_list":{"0":"post-772064","1":"product","2":"type-product","3":"status-publish","5":"product_cat-cocuk-ve-genclik-kitaplari","6":"product_cat-egitici-kitaplar","7":"pa_cilt-ciltli","8":"pa_tur-kitap","9":"pa_yayinevi-auzou-publishing","10":"pa_yazar-rocio-sanchez","12":"first","13":"instock","14":"sale","15":"shipping-taxable","16":"purchasable","17":"product-type-simple"},"_links":{"self":[{"href":"https:\/\/roveyayinevi.com.tr\/index.php\/wp-json\/wp\/v2\/product\/772064","targetHints":{"allow":["GET"]}}],"collection":[{"href":"https:\/\/roveyayinevi.com.tr\/index.php\/wp-json\/wp\/v2\/product"}],"about":[{"href":"https:\/\/roveyayinevi.com.tr\/index.php\/wp-json\/wp\/v2\/types\/product"}],"wp:attachment":[{"href":"https:\/\/roveyayinevi.com.tr\/index.php\/wp-json\/wp\/v2\/media?parent=772064"}],"wp:term":[{"taxonomy":"product_brand","embeddable":true,"href":"https:\/\/roveyayinevi.com.tr\/index.php\/wp-json\/wp\/v2\/product_brand?post=772064"},{"taxonomy":"product_cat","embeddable":true,"href":"https:\/\/roveyayinevi.com.tr\/index.php\/wp-json\/wp\/v2\/product_cat?post=772064"},{"taxonomy":"product_tag","embeddable":true,"href":"https:\/\/roveyayinevi.com.tr\/index.php\/wp-json\/wp\/v2\/product_tag?post=772064"}],"curies":[{"name":"wp","href":"https:\/\/api.w.org\/{rel}","templated":true}]}}