{"id":772057,"date":"2025-08-28T15:27:12","date_gmt":"2025-08-28T12:27:12","guid":{"rendered":"https:\/\/roveyayinevi.com.tr\/index.php\/urun\/my-first-sound-book-dinosaurs-that-roar-squawk-and-growl\/"},"modified":"2026-04-15T03:38:22","modified_gmt":"2026-04-15T00:38:22","slug":"my-first-sound-book-dinosaurs-that-roar-squawk-and-growl","status":"publish","type":"product","link":"https:\/\/roveyayinevi.com.tr\/index.php\/urun\/my-first-sound-book-dinosaurs-that-roar-squawk-and-growl\/","title":{"rendered":"My First Sound Book: Dinosaurs that roar, squawk and growl"},"content":{"rendered":"<p>T\u00fcrk\u00e7e A\u00e7\u0131klama: K\u00fc\u00e7\u00fck \u00e7ocuklar, k\u00fckreyen, ciyaklayan ve homurdanan yarat\u0131klar olan dinozorlar\u0131n her zaman pop\u00fcler d\u00fcnyas\u0131n\u0131 ke\u015ffederken sesler ve g\u00fcr\u00fclt\u00fclerle denemeler yapmay\u0131 \u00e7ok sevecekler! Sayfadaki dinozoru bulun, ard\u0131ndan entegre ses panelinde do\u011fru d\u00fc\u011fmeyi se\u00e7erek hangi sesi \u00e7\u0131kard\u0131\u011f\u0131n\u0131 duyun. K\u00fc\u00e7\u00fck \u00e7ocuklar\u0131n k\u00fckremesini, ciyaklamas\u0131n\u0131 ve homurdanmas\u0131n\u0131 sa\u011flayacak e\u011flenceli, etkile\u015fimli bir kitap \u0130ngilizce A\u00e7\u0131klama: Young children will love experimenting with sounds and noise as they explore the ever-popular world of dinosaurs &#8211; creatures that roar, squawk and growl! Find the dinosaur on the page, then hear what sound it made by choosing the correct button on the integrated sound panel. A playful, interactive book that will have young children roaring, squawking and growling in<\/p>\n","protected":false},"excerpt":{"rendered":"<p>T\u00fcrk\u00e7e A\u00e7\u0131klama: K\u00fc\u00e7\u00fck \u00e7ocuklar, k\u00fckreyen, ciyaklayan ve homurdanan yarat\u0131klar olan dinozorlar\u0131n her zaman pop\u00fcler d\u00fcnyas\u0131n\u0131 ke\u015ffederken sesler ve g\u00fcr\u00fclt\u00fclerle denemeler yapmay\u0131 \u00e7ok sevecekler! Sayfadaki dinozoru bulun,<span class=\"excerpt-hellip\"> [\u2026]<\/span><\/p>\n","protected":false},"featured_media":0,"template":"","meta":{"_monsterinsights_skip_tracking":false,"_monsterinsights_sitenote_active":false,"_monsterinsights_sitenote_note":"","_monsterinsights_sitenote_category":0},"product_brand":[],"product_cat":[12274,12649],"product_tag":[],"class_list":{"0":"post-772057","1":"product","2":"type-product","3":"status-publish","5":"product_cat-cocuk-ve-genclik-kitaplari","6":"product_cat-hobi-muzik","7":"pa_cilt-ciltli","8":"pa_tur-kitap","9":"pa_yayinevi-auzou-publishing","10":"pa_yazar-peskimo","12":"first","13":"instock","14":"sale","15":"shipping-taxable","16":"purchasable","17":"product-type-simple"},"_links":{"self":[{"href":"https:\/\/roveyayinevi.com.tr\/index.php\/wp-json\/wp\/v2\/product\/772057","targetHints":{"allow":["GET"]}}],"collection":[{"href":"https:\/\/roveyayinevi.com.tr\/index.php\/wp-json\/wp\/v2\/product"}],"about":[{"href":"https:\/\/roveyayinevi.com.tr\/index.php\/wp-json\/wp\/v2\/types\/product"}],"wp:attachment":[{"href":"https:\/\/roveyayinevi.com.tr\/index.php\/wp-json\/wp\/v2\/media?parent=772057"}],"wp:term":[{"taxonomy":"product_brand","embeddable":true,"href":"https:\/\/roveyayinevi.com.tr\/index.php\/wp-json\/wp\/v2\/product_brand?post=772057"},{"taxonomy":"product_cat","embeddable":true,"href":"https:\/\/roveyayinevi.com.tr\/index.php\/wp-json\/wp\/v2\/product_cat?post=772057"},{"taxonomy":"product_tag","embeddable":true,"href":"https:\/\/roveyayinevi.com.tr\/index.php\/wp-json\/wp\/v2\/product_tag?post=772057"}],"curies":[{"name":"wp","href":"https:\/\/api.w.org\/{rel}","templated":true}]}}