{"id":772044,"date":"2025-08-28T15:26:48","date_gmt":"2025-08-28T12:26:48","guid":{"rendered":"https:\/\/roveyayinevi.com.tr\/index.php\/urun\/magnetic-box-sets-volvanoes\/"},"modified":"2026-04-15T03:38:22","modified_gmt":"2026-04-15T00:38:22","slug":"magnetic-box-sets-volvanoes","status":"publish","type":"product","link":"https:\/\/roveyayinevi.com.tr\/index.php\/urun\/magnetic-box-sets-volvanoes\/","title":{"rendered":"Magnetic Box Sets: Volvanoes"},"content":{"rendered":"<p>T\u00fcrk\u00e7e A\u00e7\u0131klama: Merakl\u0131 \u00e7ocuklar yanarda\u011flar hakk\u0131nda bilinmesi gereken her \u015feyi \u00f6\u011frenmeyi \u00e7ok sevecek! 64 sayfal\u0131k e\u011fitim kitab\u0131 ve dev bir manyetik tahtaya yerle\u015ftirebilece\u011finiz 35&#8217;ten fazla y\u00fcksek kaliteli m\u0131knat\u0131s sayesinde bu set e\u011flenceli ve oyunbaz bir \u00f6\u011frenme yoludur. Set, kolayca saklanabilen veya hediye olarak paketlenebilen kal\u0131p kesimli detaylara sahip bir kutuda \u00e7ekici bir \u015fekilde paketlenmi\u015ftir!\u0130ngilizce A\u00e7\u0131klama: Curious children will love learning everything there is to know about volcanoes!Thanks to its 64-page educational book and its 35+ high-quality magnets to place on a giant magnetic board, this kit is a fun and playful way of learning.The kit comes attractively packaged in a box with die-cut detailing that can be easily stored or wrapped up as a gift!<\/p>\n","protected":false},"excerpt":{"rendered":"<p>T\u00fcrk\u00e7e A\u00e7\u0131klama: Merakl\u0131 \u00e7ocuklar yanarda\u011flar hakk\u0131nda bilinmesi gereken her \u015feyi \u00f6\u011frenmeyi \u00e7ok sevecek! 64 sayfal\u0131k e\u011fitim kitab\u0131 ve dev bir manyetik tahtaya yerle\u015ftirebilece\u011finiz 35&#8217;ten fazla y\u00fcksek<span class=\"excerpt-hellip\"> [\u2026]<\/span><\/p>\n","protected":false},"featured_media":0,"template":"","meta":{"_monsterinsights_skip_tracking":false,"_monsterinsights_sitenote_active":false,"_monsterinsights_sitenote_note":"","_monsterinsights_sitenote_category":0},"product_brand":[],"product_cat":[12274,15842],"product_tag":[],"class_list":{"0":"post-772044","1":"product","2":"type-product","3":"status-publish","5":"product_cat-cocuk-ve-genclik-kitaplari","6":"product_cat-egitici-kitaplar","7":"pa_cilt-ciltli","8":"pa_tur-kitap","9":"pa_yayinevi-auzou-publishing","10":"pa_yazar-kolektif","12":"first","13":"instock","14":"sale","15":"shipping-taxable","16":"purchasable","17":"product-type-simple"},"_links":{"self":[{"href":"https:\/\/roveyayinevi.com.tr\/index.php\/wp-json\/wp\/v2\/product\/772044","targetHints":{"allow":["GET"]}}],"collection":[{"href":"https:\/\/roveyayinevi.com.tr\/index.php\/wp-json\/wp\/v2\/product"}],"about":[{"href":"https:\/\/roveyayinevi.com.tr\/index.php\/wp-json\/wp\/v2\/types\/product"}],"wp:attachment":[{"href":"https:\/\/roveyayinevi.com.tr\/index.php\/wp-json\/wp\/v2\/media?parent=772044"}],"wp:term":[{"taxonomy":"product_brand","embeddable":true,"href":"https:\/\/roveyayinevi.com.tr\/index.php\/wp-json\/wp\/v2\/product_brand?post=772044"},{"taxonomy":"product_cat","embeddable":true,"href":"https:\/\/roveyayinevi.com.tr\/index.php\/wp-json\/wp\/v2\/product_cat?post=772044"},{"taxonomy":"product_tag","embeddable":true,"href":"https:\/\/roveyayinevi.com.tr\/index.php\/wp-json\/wp\/v2\/product_tag?post=772044"}],"curies":[{"name":"wp","href":"https:\/\/api.w.org\/{rel}","templated":true}]}}