{"id":772042,"date":"2025-08-28T15:26:45","date_gmt":"2025-08-28T12:26:45","guid":{"rendered":"https:\/\/roveyayinevi.com.tr\/index.php\/urun\/follow-your-nose-garden-colours-and-scents\/"},"modified":"2026-04-15T03:38:22","modified_gmt":"2026-04-15T00:38:22","slug":"follow-your-nose-garden-colours-and-scents","status":"publish","type":"product","link":"https:\/\/roveyayinevi.com.tr\/index.php\/urun\/follow-your-nose-garden-colours-and-scents\/","title":{"rendered":"Follow Your Nose: Garden (Colours and Scents)"},"content":{"rendered":"<p>This book helps build a child&#8217;s vocabulary in a fun and interactive way. Fruits, flowers, foods and animals are grouped by color on the left so a child can expand their vocabulary and learn about colors at the same time. On the right page, by rubbing your finger in a hole in a cover it gives off a smell, you can guess what it is, and then opening the cover does not show whether the guess is correct or not!Each fruit has its own unique smell and color! Thanks to the illustrations, he produces one color on each page. Guess which fruit is hidden behind its cover by this color. To scent each fruit, rub the drawing with your finger.Bu karton kitap, \u00e7ocuklar\u0131n kelime da\u011farc\u0131klar\u0131n\u0131 e\u011flenceli ve etkile\u015fimli bir \u015fekilde geli\u015ftirmelerine yard\u0131mc\u0131 oluyor. Meyveler, \u00e7i\u00e7ekler, yiyecekler ve hayvanlar, sol sayfada renklerine g\u00f6re grupland\u0131r\u0131larak \u00e7ocuklar\u0131n hem renkleri \u00f6\u011frenmesini hem de kelime bilgilerini geli\u015ftirmesini sa\u011fl\u0131yor. Sa\u011f sayfada ise, \u00e7ocuklar bir kapa\u011f\u0131n \u00fczerindeki deli\u011fe parmaklar\u0131n\u0131 s\u00fcrterek kokuyu ke\u015ffedebilir, ne oldu\u011funu tahmin edebilir ve ard\u0131ndan kapa\u011f\u0131 a\u00e7arak tahminlerinin do\u011fru olup olmad\u0131\u011f\u0131n\u0131 g\u00f6rebilirler!<\/p>\n","protected":false},"excerpt":{"rendered":"<p>This book helps build a child&#8217;s vocabulary in a fun and interactive way. Fruits, flowers, foods and animals are grouped by color on the left so<span class=\"excerpt-hellip\"> [\u2026]<\/span><\/p>\n","protected":false},"featured_media":0,"template":"","meta":{"_monsterinsights_skip_tracking":false,"_monsterinsights_sitenote_active":false,"_monsterinsights_sitenote_note":"","_monsterinsights_sitenote_category":0},"product_brand":[],"product_cat":[12274,12518],"product_tag":[],"class_list":{"0":"post-772042","1":"product","2":"type-product","3":"status-publish","5":"product_cat-cocuk-ve-genclik-kitaplari","6":"product_cat-okul-oncesi-kitaplar","7":"pa_cilt-ciltli","8":"pa_tur-kitap","9":"pa_yayinevi-auzou-publishing","10":"pa_yazar-kolektif","12":"first","13":"instock","14":"sale","15":"shipping-taxable","16":"purchasable","17":"product-type-simple"},"_links":{"self":[{"href":"https:\/\/roveyayinevi.com.tr\/index.php\/wp-json\/wp\/v2\/product\/772042","targetHints":{"allow":["GET"]}}],"collection":[{"href":"https:\/\/roveyayinevi.com.tr\/index.php\/wp-json\/wp\/v2\/product"}],"about":[{"href":"https:\/\/roveyayinevi.com.tr\/index.php\/wp-json\/wp\/v2\/types\/product"}],"wp:attachment":[{"href":"https:\/\/roveyayinevi.com.tr\/index.php\/wp-json\/wp\/v2\/media?parent=772042"}],"wp:term":[{"taxonomy":"product_brand","embeddable":true,"href":"https:\/\/roveyayinevi.com.tr\/index.php\/wp-json\/wp\/v2\/product_brand?post=772042"},{"taxonomy":"product_cat","embeddable":true,"href":"https:\/\/roveyayinevi.com.tr\/index.php\/wp-json\/wp\/v2\/product_cat?post=772042"},{"taxonomy":"product_tag","embeddable":true,"href":"https:\/\/roveyayinevi.com.tr\/index.php\/wp-json\/wp\/v2\/product_tag?post=772042"}],"curies":[{"name":"wp","href":"https:\/\/api.w.org\/{rel}","templated":true}]}}