{"id":772041,"date":"2025-08-28T15:26:43","date_gmt":"2025-08-28T12:26:43","guid":{"rendered":"https:\/\/roveyayinevi.com.tr\/index.php\/urun\/follow-your-nose-everyday-scents\/"},"modified":"2026-04-15T03:38:22","modified_gmt":"2026-04-15T00:38:22","slug":"follow-your-nose-everyday-scents","status":"publish","type":"product","link":"https:\/\/roveyayinevi.com.tr\/index.php\/urun\/follow-your-nose-everyday-scents\/","title":{"rendered":"Follow Your Nose: Everyday Scents"},"content":{"rendered":"<p>\u0130ngilizce A\u00e7\u0131klama: Open the book to go on an amazing sensory journey! Young readers are invited to rub their finger on each spread to guess the smell. Pull the tab to find out the answer. With scents from 7 different everyday scenes: in the garden, in the forest, at the market, in the kitchen, at the funfair and in the country. T\u00fcrk\u00e7e a\u00e7\u0131klama: Kitab\u0131 a\u00e7 ve harika bir duyusal yolculu\u011fa \u00e7\u0131k! K\u00fc\u00e7\u00fck okurlar, her sayfada parmaklar\u0131n\u0131 s\u00fcrterek kokuyu tahmin etmeye davet ediliyor. Cevab\u0131 \u00f6\u011frenmek i\u00e7in kart\u0131 \u00e7ek! Bah\u00e7ede, ormanda, pazarda, mutfakta, lunaparkta ve k\u0131rsalda ge\u00e7en 7 farkl\u0131 g\u00fcnl\u00fck sahneden kokularla dolu bir macera seni bekliyor.<\/p>\n","protected":false},"excerpt":{"rendered":"<p>\u0130ngilizce A\u00e7\u0131klama: Open the book to go on an amazing sensory journey! Young readers are invited to rub their finger on each spread to guess the<span class=\"excerpt-hellip\"> [\u2026]<\/span><\/p>\n","protected":false},"featured_media":0,"template":"","meta":{"_monsterinsights_skip_tracking":false,"_monsterinsights_sitenote_active":false,"_monsterinsights_sitenote_note":"","_monsterinsights_sitenote_category":0},"product_brand":[],"product_cat":[15192,12274],"product_tag":[],"class_list":{"0":"post-772041","1":"product","2":"type-product","3":"status-publish","5":"product_cat-1-3-yas-kitaplari","6":"product_cat-cocuk-ve-genclik-kitaplari","7":"pa_cilt-ciltsiz","8":"pa_tur-kitap","9":"pa_yayinevi-auzou-publishing","10":"pa_yazar-emma-martinez","12":"first","13":"instock","14":"sale","15":"shipping-taxable","16":"purchasable","17":"product-type-simple"},"_links":{"self":[{"href":"https:\/\/roveyayinevi.com.tr\/index.php\/wp-json\/wp\/v2\/product\/772041","targetHints":{"allow":["GET"]}}],"collection":[{"href":"https:\/\/roveyayinevi.com.tr\/index.php\/wp-json\/wp\/v2\/product"}],"about":[{"href":"https:\/\/roveyayinevi.com.tr\/index.php\/wp-json\/wp\/v2\/types\/product"}],"wp:attachment":[{"href":"https:\/\/roveyayinevi.com.tr\/index.php\/wp-json\/wp\/v2\/media?parent=772041"}],"wp:term":[{"taxonomy":"product_brand","embeddable":true,"href":"https:\/\/roveyayinevi.com.tr\/index.php\/wp-json\/wp\/v2\/product_brand?post=772041"},{"taxonomy":"product_cat","embeddable":true,"href":"https:\/\/roveyayinevi.com.tr\/index.php\/wp-json\/wp\/v2\/product_cat?post=772041"},{"taxonomy":"product_tag","embeddable":true,"href":"https:\/\/roveyayinevi.com.tr\/index.php\/wp-json\/wp\/v2\/product_tag?post=772041"}],"curies":[{"name":"wp","href":"https:\/\/api.w.org\/{rel}","templated":true}]}}