{"id":772036,"date":"2025-08-28T15:26:31","date_gmt":"2025-08-28T12:26:31","guid":{"rendered":"https:\/\/roveyayinevi.com.tr\/index.php\/urun\/ureten-biziz-paylasan-da-biz-olacagiz\/"},"modified":"2026-04-15T03:38:22","modified_gmt":"2026-04-15T00:38:22","slug":"ureten-biziz-paylasan-da-biz-olacagiz","status":"publish","type":"product","link":"https:\/\/roveyayinevi.com.tr\/index.php\/urun\/ureten-biziz-paylasan-da-biz-olacagiz\/","title":{"rendered":"\u00dcreten Biziz Payla\u015fan Da Biz Olaca\u011f\u0131z!"},"content":{"rendered":"<p>Her konuda yaz\u0131 yaz\u0131labilir. Olan bitenler etrafl\u0131 olarak incelenebilir. B\u00f6yle olmakla beraber iktisadi alan\u0131n g\u00fcnbeg\u00fcn bir incelemesine \u015fiddetle ihtiya\u00e7 var. E\u011fer g\u00fcncel siyaset yapacaksak g\u00fcncel analizlere yaslanmak zorunday\u0131z. Bu \u015fekilde hareket edersek ad\u0131m ad\u0131m b\u00fct\u00fcn geli\u015fmeleri de\u011ferlendirerek sorulara elveri\u015fli ve i\u015flevsel cevaplar verebiliriz. Hakl\u0131l\u0131\u011f\u0131m\u0131z\u0131 g\u00fcncel \u00f6rnekler \u00fczerinden a\u00e7\u0131klamaya ve kan\u0131tlamaya \u00e7al\u0131\u015fabiliriz. Bu i\u015f b\u00fcy\u00fck bir dikkat ve \u00e7aba gerektiriyor.   \u201cBakmay\u0131n siz benim h\u00fcz\u00fcnl\u00fc \u015feyler yazd\u0131\u011f\u0131ma bay\u0131m, Ben k\u0131rm\u0131z\u0131 pabu\u00e7lar\u0131m\u0131 hep yan\u0131mda ta\u015f\u0131r\u0131m.\u201d   K\u0131rm\u0131z\u0131 pabu\u00e7lar\u0131m\u0131z yan\u0131m\u0131zda hep. Ayaktay\u0131z, kolay pes etmeyiz, kozlar\u0131m\u0131z\u0131 payla\u015faca\u011f\u0131z. S\u00f6zlerimizi s\u00f6ylemeye yeni ba\u015fl\u0131yoruz daha, bu daha ba\u015flang\u0131\u00e7. Israrla, kendimizi yenileyerek, hakikate varmay\u0131 as\u0131l ama\u00e7 edinerek siyaset \u00fcretece\u011fiz, \u00e7\u00f6z\u00fcmlerimizi s\u00f6yleyece\u011fiz, cevaplar\u0131m\u0131z\u0131 verece\u011fiz. Herkesten farkl\u0131 olarak ayn\u0131 zamanda d\u00f6v\u00fc\u015fece\u011fiz. Benim, bizim, onun, onlar\u0131n de\u011fil; SEN\u0130N mukaddes karn\u0131n doyana kadar ey a\u00e7l\u0131k.   \u00dcreten Biziz Payla\u015fan da Biz Olaca\u011f\u0131z, Emek\u00e7i Hareket Partisi Genel Ba\u015fkan\u0131 Hakan \u00d6zt\u00fcrk\u2019\u00fcn g\u00fcncel iktisadi ko\u015fullar\u0131n analizini yapt\u0131\u011f\u0131 k\u00f6\u015fe yaz\u0131lar\u0131n\u0131n derlenmesinden olu\u015fuyor.   \u00dcreten halksa, \u00fcrettiklerinden yararlanan da bu \u00fclkeyi hortumlayanlar de\u011fil, halk olmal\u0131d\u0131r. <\/p>\n","protected":false},"excerpt":{"rendered":"<p>Her konuda yaz\u0131 yaz\u0131labilir. Olan bitenler etrafl\u0131 olarak incelenebilir. B\u00f6yle olmakla beraber iktisadi alan\u0131n g\u00fcnbeg\u00fcn bir incelemesine \u015fiddetle ihtiya\u00e7 var. E\u011fer g\u00fcncel siyaset yapacaksak g\u00fcncel analizlere<span class=\"excerpt-hellip\"> [\u2026]<\/span><\/p>\n","protected":false},"featured_media":0,"template":"","meta":{"_monsterinsights_skip_tracking":false,"_monsterinsights_sitenote_active":false,"_monsterinsights_sitenote_note":"","_monsterinsights_sitenote_category":0},"product_brand":[],"product_cat":[13043,14144],"product_tag":[],"class_list":{"0":"post-772036","1":"product","2":"type-product","3":"status-publish","5":"product_cat-ekonomi","6":"product_cat-turkiye-ekonomisi","7":"pa_cilt-ciltsiz","8":"pa_tur-kitap","9":"pa_yayinevi-tekin-yayinevi","10":"pa_yazar-hakan-ozturk","12":"first","13":"instock","14":"sale","15":"shipping-taxable","16":"purchasable","17":"product-type-simple"},"_links":{"self":[{"href":"https:\/\/roveyayinevi.com.tr\/index.php\/wp-json\/wp\/v2\/product\/772036","targetHints":{"allow":["GET"]}}],"collection":[{"href":"https:\/\/roveyayinevi.com.tr\/index.php\/wp-json\/wp\/v2\/product"}],"about":[{"href":"https:\/\/roveyayinevi.com.tr\/index.php\/wp-json\/wp\/v2\/types\/product"}],"wp:attachment":[{"href":"https:\/\/roveyayinevi.com.tr\/index.php\/wp-json\/wp\/v2\/media?parent=772036"}],"wp:term":[{"taxonomy":"product_brand","embeddable":true,"href":"https:\/\/roveyayinevi.com.tr\/index.php\/wp-json\/wp\/v2\/product_brand?post=772036"},{"taxonomy":"product_cat","embeddable":true,"href":"https:\/\/roveyayinevi.com.tr\/index.php\/wp-json\/wp\/v2\/product_cat?post=772036"},{"taxonomy":"product_tag","embeddable":true,"href":"https:\/\/roveyayinevi.com.tr\/index.php\/wp-json\/wp\/v2\/product_tag?post=772036"}],"curies":[{"name":"wp","href":"https:\/\/api.w.org\/{rel}","templated":true}]}}