{"id":772035,"date":"2025-08-28T15:26:29","date_gmt":"2025-08-28T12:26:29","guid":{"rendered":"https:\/\/roveyayinevi.com.tr\/index.php\/urun\/gercek-her-seyden-gucludur\/"},"modified":"2026-04-15T03:38:21","modified_gmt":"2026-04-15T00:38:21","slug":"gercek-her-seyden-gucludur","status":"publish","type":"product","link":"https:\/\/roveyayinevi.com.tr\/index.php\/urun\/gercek-her-seyden-gucludur\/","title":{"rendered":"Ger\u00e7ek Her \u015eeyden G\u00fc\u00e7l\u00fcd\u00fcr"},"content":{"rendered":"<p>Gazeteci Elif Akku\u015f, Suriye\u2019de I\u015e\u0130D\u2019in \u00f6l\u00fcm listesine al\u0131nd\u0131. Mavi Marmara\u2019da \u0130srail askerleri taraf\u0131ndan tutukland\u0131, i\u015fkence g\u00f6rd\u00fc. Irak\u2019ta Tahrir Meydan\u0131\u2019nda da, Halep\u2019ten \u0130dlib\u2019e kadar yo\u011fun \u00e7at\u0131\u015fmalar\u0131n ya\u015fand\u0131\u011f\u0131 zaman diliminde de, \u00f6l\u00fcm\u00fc beklerken hayata tutunan insanlar\u0131n sevin\u00e7 g\u00f6zya\u015flar\u0131n\u0131 haberle\u015ftirip d\u00fcnyaya duyururken de, Edirne\u2019den \u0130zmir\u2019e insan ka\u00e7ak\u00e7\u0131lar\u0131n\u0131n pe\u015finden ko\u015farken de yaln\u0131zca bir amac\u0131 vard\u0131, ger\u00e7e\u011fi olanca \u00e7\u0131plakl\u0131\u011f\u0131yla aktarmak\u2026 Kimsenin yapmad\u0131\u011f\u0131n\u0131, yapamad\u0131\u011f\u0131n\u0131 yapmak\u2026   Gazetecinin en temel heyecan\u0131yla haz\u0131rlad\u0131\u011f\u0131 haberlerin ses getirmesi yan\u0131nda kad\u0131nlar yapamaz denilen bir mesle\u011fi, sava\u015f muhabirli\u011fini de lay\u0131k\u0131yla yerine getirmenin gururunu duydu. Meslek eti\u011finden \u00f6d\u00fcn vermeden, tarafl\u0131 davranmadan, objektif habercili\u011fin en zor ko\u015fullarda bile m\u00fcmk\u00fcn oldu\u011funu kan\u0131tlad\u0131. Ya\u015fad\u0131klar\u0131n\u0131 bir araya getirip kitapla\u015ft\u0131rarak b\u00fct\u00fcn d\u00fcnyaya hayk\u0131rmak istedi\u011fi c\u00fcmleyi s\u00f6yledi: Ger\u00e7ek Her \u015eeyden G\u00fc\u00e7l\u00fcd\u00fcr! <\/p>\n","protected":false},"excerpt":{"rendered":"<p>Gazeteci Elif Akku\u015f, Suriye\u2019de I\u015e\u0130D\u2019in \u00f6l\u00fcm listesine al\u0131nd\u0131. Mavi Marmara\u2019da \u0130srail askerleri taraf\u0131ndan tutukland\u0131, i\u015fkence g\u00f6rd\u00fc. Irak\u2019ta Tahrir Meydan\u0131\u2019nda da, Halep\u2019ten \u0130dlib\u2019e kadar yo\u011fun \u00e7at\u0131\u015fmalar\u0131n ya\u015fand\u0131\u011f\u0131<span class=\"excerpt-hellip\"> [\u2026]<\/span><\/p>\n","protected":false},"featured_media":0,"template":"","meta":{"_monsterinsights_skip_tracking":false,"_monsterinsights_sitenote_active":false,"_monsterinsights_sitenote_note":"","_monsterinsights_sitenote_category":0},"product_brand":[],"product_cat":[18545,12291],"product_tag":[],"class_list":{"0":"post-772035","1":"product","2":"type-product","3":"status-publish","5":"product_cat-anlati","6":"product_cat-edebiyat","7":"pa_cilt-ciltsiz","8":"pa_tur-kitap","9":"pa_yayinevi-tekin-yayinevi","10":"pa_yazar-elif-akkus","12":"first","13":"instock","14":"sale","15":"shipping-taxable","16":"purchasable","17":"product-type-simple"},"_links":{"self":[{"href":"https:\/\/roveyayinevi.com.tr\/index.php\/wp-json\/wp\/v2\/product\/772035","targetHints":{"allow":["GET"]}}],"collection":[{"href":"https:\/\/roveyayinevi.com.tr\/index.php\/wp-json\/wp\/v2\/product"}],"about":[{"href":"https:\/\/roveyayinevi.com.tr\/index.php\/wp-json\/wp\/v2\/types\/product"}],"wp:attachment":[{"href":"https:\/\/roveyayinevi.com.tr\/index.php\/wp-json\/wp\/v2\/media?parent=772035"}],"wp:term":[{"taxonomy":"product_brand","embeddable":true,"href":"https:\/\/roveyayinevi.com.tr\/index.php\/wp-json\/wp\/v2\/product_brand?post=772035"},{"taxonomy":"product_cat","embeddable":true,"href":"https:\/\/roveyayinevi.com.tr\/index.php\/wp-json\/wp\/v2\/product_cat?post=772035"},{"taxonomy":"product_tag","embeddable":true,"href":"https:\/\/roveyayinevi.com.tr\/index.php\/wp-json\/wp\/v2\/product_tag?post=772035"}],"curies":[{"name":"wp","href":"https:\/\/api.w.org\/{rel}","templated":true}]}}