{"id":772032,"date":"2025-08-28T15:26:21","date_gmt":"2025-08-28T12:26:21","guid":{"rendered":"https:\/\/roveyayinevi.com.tr\/index.php\/urun\/dijital-dedektifler-5-kitap-kutulu\/"},"modified":"2026-04-15T03:38:21","modified_gmt":"2026-04-15T00:38:21","slug":"dijital-dedektifler-5-kitap-kutulu","status":"publish","type":"product","link":"https:\/\/roveyayinevi.com.tr\/index.php\/urun\/dijital-dedektifler-5-kitap-kutulu\/","title":{"rendered":"Dijital Dedektifler 5 Kitap Kutulu"},"content":{"rendered":"<p>Dijital Baba Orhan Toker, \u00e7ocuklar i\u00e7in yazd\u0131.Dijital d\u00fcnyan\u0131n cazibesine kap\u0131lmadan nas\u0131l g\u00fcvenli bir \u015fekilde gezinebilece\u011fini \u00f6\u011frenece\u011fin heyecan dolu macera i\u00e7in Dijital Dedektifler seni bekliyor.\u2022    Dijital Dedektifler\/Kamera Arkas\u0131\u2022    Dijital Dedektifler\/Oyunun Sonu\u2022    Dijital Dedektifler\/Sosyal Maskara\u2022    Dijital Dedektifler\/Tablet Firarda\u2022    Dijital Dedektifler\/Kurda Tuzak<\/p>\n","protected":false},"excerpt":{"rendered":"<p>Dijital Baba Orhan Toker, \u00e7ocuklar i\u00e7in yazd\u0131.Dijital d\u00fcnyan\u0131n cazibesine kap\u0131lmadan nas\u0131l g\u00fcvenli bir \u015fekilde gezinebilece\u011fini \u00f6\u011frenece\u011fin heyecan dolu macera i\u00e7in Dijital Dedektifler seni bekliyor.\u2022 Dijital Dedektifler\/Kamera<span class=\"excerpt-hellip\"> [\u2026]<\/span><\/p>\n","protected":false},"featured_media":0,"template":"","meta":{"_monsterinsights_skip_tracking":false,"_monsterinsights_sitenote_active":false,"_monsterinsights_sitenote_note":"","_monsterinsights_sitenote_category":0},"product_brand":[],"product_cat":[12274,12284],"product_tag":[],"class_list":{"0":"post-772032","1":"product","2":"type-product","3":"status-publish","5":"product_cat-cocuk-ve-genclik-kitaplari","6":"product_cat-hikayeler","7":"pa_cilt-ciltsiz","8":"pa_tur-kitap","9":"pa_yayinevi-acayip-kitaplar","10":"pa_yazar-orhan-toker","12":"first","13":"instock","14":"sale","15":"shipping-taxable","16":"purchasable","17":"product-type-simple"},"_links":{"self":[{"href":"https:\/\/roveyayinevi.com.tr\/index.php\/wp-json\/wp\/v2\/product\/772032","targetHints":{"allow":["GET"]}}],"collection":[{"href":"https:\/\/roveyayinevi.com.tr\/index.php\/wp-json\/wp\/v2\/product"}],"about":[{"href":"https:\/\/roveyayinevi.com.tr\/index.php\/wp-json\/wp\/v2\/types\/product"}],"wp:attachment":[{"href":"https:\/\/roveyayinevi.com.tr\/index.php\/wp-json\/wp\/v2\/media?parent=772032"}],"wp:term":[{"taxonomy":"product_brand","embeddable":true,"href":"https:\/\/roveyayinevi.com.tr\/index.php\/wp-json\/wp\/v2\/product_brand?post=772032"},{"taxonomy":"product_cat","embeddable":true,"href":"https:\/\/roveyayinevi.com.tr\/index.php\/wp-json\/wp\/v2\/product_cat?post=772032"},{"taxonomy":"product_tag","embeddable":true,"href":"https:\/\/roveyayinevi.com.tr\/index.php\/wp-json\/wp\/v2\/product_tag?post=772032"}],"curies":[{"name":"wp","href":"https:\/\/api.w.org\/{rel}","templated":true}]}}