{"id":772028,"date":"2025-08-28T15:26:04","date_gmt":"2025-08-28T12:26:04","guid":{"rendered":"https:\/\/roveyayinevi.com.tr\/index.php\/urun\/en-yakin-arkadasini-bastan-cikarmanin-10-yolu\/"},"modified":"2026-04-15T03:38:21","modified_gmt":"2026-04-15T00:38:21","slug":"en-yakin-arkadasini-bastan-cikarmanin-10-yolu","status":"publish","type":"product","link":"https:\/\/roveyayinevi.com.tr\/index.php\/urun\/en-yakin-arkadasini-bastan-cikarmanin-10-yolu\/","title":{"rendered":"En Yak\u0131n Arkada\u015f\u0131n\u0131 Ba\u015ftan \u00c7\u0131karman\u0131n 10 Yolu"},"content":{"rendered":"<p>Bazen en yanl\u0131\u015f g\u00f6r\u00fcnen ki\u015fi, seni ger\u00e7ekten sevebilecek tek insand\u0131r.   Winnie, \u00f6\u011frencilerine bilim sevgisini a\u015f\u0131layan bir \u00f6\u011fretmen ve gen\u00e7 k\u0131zlar ile kad\u0131nlar\u0131 bu alanda cesaretlendiren i\u00e7erikler \u00fcreten bir yay\u0131nc\u0131d\u0131r. Hayat\u0131n\u0131 d\u00fczene sokmaya \u00e7al\u0131\u015f\u0131rken duygular\u0131n\u0131 bir kenara itmeyi iyi \u00f6\u011frenmi\u015ftir. Ta ki yanl\u0131\u015fl\u0131kla viral olan bir video, onu en tahamm\u00fcl edemedi\u011fi insanla yan yana getiren bir f\u0131rsata d\u00f6n\u00fc\u015fene kadar.   Byron, iki kitab\u0131 da \u00e7oksatm\u0131\u015f bir yazar olmas\u0131na ra\u011fmen insanlardan ho\u015flanmayan, mesafeli ve ukala biridir. Winnie\u2019nin ondan uzak durmak i\u00e7in say\u0131s\u0131z nedeni vard\u0131r. Ancak birlikte \u00e7ekmeye ba\u015flad\u0131klar\u0131 videolar, aralar\u0131ndaki gerilimi beklenmedik bir \u00e7ekime d\u00f6n\u00fc\u015ft\u00fcr\u00fcnce, Winnie hislerinden ka\u00e7man\u0131n imk\u00e2ns\u0131z oldu\u011funu fark eder. \u00dcstelik izleyicileri onlar\u0131 birlikte san\u0131yordur!   \u0130kisi de bu oyunu ciddiye almamaya kararl\u0131d\u0131r. Ama baz\u0131 duygular, ne kadar ink\u00e2r edilirse edilsin gitgide g\u00fc\u00e7lenebilir. \u015eimdi, ge\u00e7mi\u015fin izleriyle ve i\u00e7lerindeki korkularla y\u00fczle\u015fmeden ilerleyemeyeceklerini kabul etmek zorundad\u0131rlar.   \u00c7\u00fcnk\u00fc a\u015fk\u0131n k\u0131y\u0131s\u0131nda ba\u015flayan bu yolculu\u011fun do\u011fru limanda sonlanabilmesi i\u00e7in, cesaretin r\u00fczg\u00e2r\u0131na ve sevginin yelkenine ihtiyac\u0131 vard\u0131r. <\/p>\n","protected":false},"excerpt":{"rendered":"<p>Bazen en yanl\u0131\u015f g\u00f6r\u00fcnen ki\u015fi, seni ger\u00e7ekten sevebilecek tek insand\u0131r. Winnie, \u00f6\u011frencilerine bilim sevgisini a\u015f\u0131layan bir \u00f6\u011fretmen ve gen\u00e7 k\u0131zlar ile kad\u0131nlar\u0131 bu alanda cesaretlendiren i\u00e7erikler<span class=\"excerpt-hellip\"> [\u2026]<\/span><\/p>\n","protected":false},"featured_media":0,"template":"","meta":{"_monsterinsights_skip_tracking":false,"_monsterinsights_sitenote_active":false,"_monsterinsights_sitenote_note":"","_monsterinsights_sitenote_category":0},"product_brand":[],"product_cat":[12291,12711],"product_tag":[],"class_list":{"0":"post-772028","1":"product","2":"type-product","3":"status-publish","5":"product_cat-edebiyat","6":"product_cat-roman-oyku","7":"pa_cilt-ciltsiz","8":"pa_tur-kitap","9":"pa_yayinevi-nemesis-kitap","10":"pa_yazar-penny-raid","12":"first","13":"instock","14":"sale","15":"shipping-taxable","16":"purchasable","17":"product-type-simple"},"_links":{"self":[{"href":"https:\/\/roveyayinevi.com.tr\/index.php\/wp-json\/wp\/v2\/product\/772028","targetHints":{"allow":["GET"]}}],"collection":[{"href":"https:\/\/roveyayinevi.com.tr\/index.php\/wp-json\/wp\/v2\/product"}],"about":[{"href":"https:\/\/roveyayinevi.com.tr\/index.php\/wp-json\/wp\/v2\/types\/product"}],"wp:attachment":[{"href":"https:\/\/roveyayinevi.com.tr\/index.php\/wp-json\/wp\/v2\/media?parent=772028"}],"wp:term":[{"taxonomy":"product_brand","embeddable":true,"href":"https:\/\/roveyayinevi.com.tr\/index.php\/wp-json\/wp\/v2\/product_brand?post=772028"},{"taxonomy":"product_cat","embeddable":true,"href":"https:\/\/roveyayinevi.com.tr\/index.php\/wp-json\/wp\/v2\/product_cat?post=772028"},{"taxonomy":"product_tag","embeddable":true,"href":"https:\/\/roveyayinevi.com.tr\/index.php\/wp-json\/wp\/v2\/product_tag?post=772028"}],"curies":[{"name":"wp","href":"https:\/\/api.w.org\/{rel}","templated":true}]}}