{"id":772027,"date":"2025-08-28T15:26:02","date_gmt":"2025-08-28T12:26:02","guid":{"rendered":"https:\/\/roveyayinevi.com.tr\/index.php\/urun\/bilincli-saglik\/"},"modified":"2026-04-15T03:38:21","modified_gmt":"2026-04-15T00:38:21","slug":"bilincli-saglik","status":"publish","type":"product","link":"https:\/\/roveyayinevi.com.tr\/index.php\/urun\/bilincli-saglik\/","title":{"rendered":"Bilin\u00e7li Sa\u011fl\u0131k"},"content":{"rendered":"<p>Sa\u011fl\u0131k tesad\u00fcf de\u011fil, se\u00e7imdir!   Do\u011fu\u2019nun binlerce y\u0131ll\u0131k bilgeli\u011fini Bat\u0131 biliminin en yeni verileriyle birle\u015ftiren Dr. Chiti Parikh, sa\u011fl\u0131\u011f\u0131 \u015fansa teslim etmeden ilerlemenin yollar\u0131n\u0131 g\u00f6steriyor. Bilin\u00e7li Sa\u011fl\u0131k kitab\u0131nda sizleri bedeninizi yeniden tan\u0131maya, dengenizi kurmaya ve sa\u011fl\u0131\u011f\u0131n\u0131z\u0131 bilin\u00e7li bir \u015fekilde y\u00f6netmeye davet ediyor. Bu kitab\u0131 okuduktan sonra daha uzun, enerjik, a\u011fr\u0131s\u0131z ve \u00f6zg\u00fcven dolu bir ya\u015fam s\u00fcrmenizi sa\u011flayacak ad\u0131mlar\u0131 da \u00f6\u011frenmi\u015f olacaks\u0131n\u0131z.   \u00c7\u00fcnk\u00fc sa\u011fl\u0131kl\u0131 olmak; \u2022 Kendinizi nas\u0131l hissetmek istedi\u011finize karar vermekle ba\u015flar. \u2022 Do\u011fru al\u0131\u015fkanl\u0131klar\u0131 hayat\u0131n\u0131za almakla devam eder. \u2022 Ve bedeninizin bilgeli\u011fine kulak vermenizle m\u00fcmk\u00fcn olur.   Sirkadyen ritimden zihin beden ba\u011flant\u0131s\u0131na, sindirimden i\u00e7sel den- geye uzanan yedi kadim s\u0131rr\u0131 \u00f6\u011frenmenizde size rehberlik edecek olan Dr. Chiti sayesinde bilin\u00e7li bir \u015fekilde nas\u0131l sa\u011fl\u0131kl\u0131 bir ya\u015fam\u0131 s\u00fcrd\u00fcrebilece\u011finizi \u00f6\u011freneceksiniz. Bilin\u00e7li Sa\u011fl\u0131k size yaln\u0131zca iyi hissettiren \u00f6neriler vermekle de kalm\u0131yor; kadim sa\u011fl\u0131k s\u0131rlar\u0131 ve modern bilim e\u015fli\u011finde uygulamas\u0131 kolay 28 g\u00fcnl\u00fck d\u00f6n\u00fc\u015f\u00fcm ve canl\u0131l\u0131k plan\u0131 da sunuyor.   Enerjiniz t\u00fckendi\u011finde, a\u011fr\u0131lar\u0131n\u0131z artt\u0131\u011f\u0131nda ya da kendinizi kaybol- mu\u015f hissetti\u011finizde hat\u0131rlay\u0131n:   \u201cSa\u011fl\u0131k, bedeninizin en iyi versiyonuyla hayata kat\u0131lma cesaretidir.\u201d <\/p>\n","protected":false},"excerpt":{"rendered":"<p>Sa\u011fl\u0131k tesad\u00fcf de\u011fil, se\u00e7imdir! Do\u011fu\u2019nun binlerce y\u0131ll\u0131k bilgeli\u011fini Bat\u0131 biliminin en yeni verileriyle birle\u015ftiren Dr. Chiti Parikh, sa\u011fl\u0131\u011f\u0131 \u015fansa teslim etmeden ilerlemenin yollar\u0131n\u0131 g\u00f6steriyor. Bilin\u00e7li Sa\u011fl\u0131k<span class=\"excerpt-hellip\"> [\u2026]<\/span><\/p>\n","protected":false},"featured_media":0,"template":"","meta":{"_monsterinsights_skip_tracking":false,"_monsterinsights_sitenote_active":false,"_monsterinsights_sitenote_note":"","_monsterinsights_sitenote_category":0},"product_brand":[],"product_cat":[20313,13365],"product_tag":[],"class_list":{"0":"post-772027","1":"product","2":"type-product","3":"status-publish","5":"product_cat-basvuru-kitaplari-saglik","6":"product_cat-saglik","7":"pa_cilt-ciltsiz","8":"pa_tur-kitap","9":"pa_yayinevi-nemesis-kitap","10":"pa_yazar-chiti-parikh","12":"first","13":"instock","14":"sale","15":"shipping-taxable","16":"purchasable","17":"product-type-simple"},"_links":{"self":[{"href":"https:\/\/roveyayinevi.com.tr\/index.php\/wp-json\/wp\/v2\/product\/772027","targetHints":{"allow":["GET"]}}],"collection":[{"href":"https:\/\/roveyayinevi.com.tr\/index.php\/wp-json\/wp\/v2\/product"}],"about":[{"href":"https:\/\/roveyayinevi.com.tr\/index.php\/wp-json\/wp\/v2\/types\/product"}],"wp:attachment":[{"href":"https:\/\/roveyayinevi.com.tr\/index.php\/wp-json\/wp\/v2\/media?parent=772027"}],"wp:term":[{"taxonomy":"product_brand","embeddable":true,"href":"https:\/\/roveyayinevi.com.tr\/index.php\/wp-json\/wp\/v2\/product_brand?post=772027"},{"taxonomy":"product_cat","embeddable":true,"href":"https:\/\/roveyayinevi.com.tr\/index.php\/wp-json\/wp\/v2\/product_cat?post=772027"},{"taxonomy":"product_tag","embeddable":true,"href":"https:\/\/roveyayinevi.com.tr\/index.php\/wp-json\/wp\/v2\/product_tag?post=772027"}],"curies":[{"name":"wp","href":"https:\/\/api.w.org\/{rel}","templated":true}]}}