{"id":772026,"date":"2025-08-28T15:26:01","date_gmt":"2025-08-28T12:26:01","guid":{"rendered":"https:\/\/roveyayinevi.com.tr\/index.php\/urun\/coklu-evrenin-cekiciligi\/"},"modified":"2026-04-15T03:38:21","modified_gmt":"2026-04-15T00:38:21","slug":"coklu-evrenin-cekiciligi","status":"publish","type":"product","link":"https:\/\/roveyayinevi.com.tr\/index.php\/urun\/coklu-evrenin-cekiciligi\/","title":{"rendered":"\u00c7oklu Evrenin \u00c7ekicili\u011fi"},"content":{"rendered":"<p>\u00c7oklu Evrenin \u00c7ekicili\u011fi, bilimin \u00e7oklu evren fikrine nas\u0131l tutkuyla ba\u011fland\u0131\u011f\u0131n\u0131 ve bunun yaratt\u0131\u011f\u0131 tart\u0131\u015fmalar\u0131n destans\u0131 tarihini anlat\u0131yor: Olabilecek her \u015fey ger\u00e7ekten olur mu? Kuantum mekani\u011fi, g\u00f6r\u00fcn\u00fcrde rastgele olan s\u00fcre\u00e7ler aras\u0131ndaki \u201cse\u00e7imi\u201d nas\u0131l yapar? Evren neden ya\u015fanabilecek bir yerdir? Bir\u00e7ok olas\u0131 evrenden birinde mi ya\u015fad\u0131\u011f\u0131m\u0131z yoksa yaln\u0131zca tek bir evrenin mi var oldu\u011fu sorusunun yan\u0131t\u0131n\u0131 hi\u00e7bir zaman bilemeyebiliriz. Ama Halpern, bunu anlamaya \u00e7al\u0131\u015fman\u0131n ne kadar heyecan verici oldu\u011funu g\u00f6zler \u00f6n\u00fcne seriyor.   \u201cHalpern\u2019in kitab\u0131, \u00e7oklu evren tart\u0131\u015fmalar\u0131nda geldi\u011fimiz noktay\u0131 ayd\u0131nlat\u0131yor. Kuantum mekani\u011finden genel g\u00f6relili\u011fe, atomalt\u0131 \u00e2leminden evrenin s\u0131n\u0131rlar\u0131na (ve \u00f6tesine!) dek uzanan bu harika ve s\u00fcr\u00fckleyici kitap, zihninizi yeni boyutlara ta\u015f\u0131yacak.\u201d \u2013James Kakalios, The Amazing Story of Quantum Mechanics\u2019in yazar\u0131   \u201cFizik ve g\u00f6kbilimdeki en \u015fa\u015f\u0131rt\u0131c\u0131 fikirlerden biri olan \u00e7oklu evrenin zengin ve doyurucu tarihi. Bizimkinin hemen yan\u0131nda, ba\u015fka boyutlarda sakl\u0131 evrenler olabilece\u011fine inanm\u0131yorsan\u0131z, Halpern sizi bu konuda ikinci kez d\u00fc\u015f\u00fcnmeye itecek.\u201d \u2013Marcia Bartusiak, Kara Delik\u2019in yazar\u0131   \u201cBir zamanlar felsefe dergilerinin ve bilimkurgu \u00f6yk\u00fclerinin sayfalar\u0131nda bulunan \u00e7oklu evren fikri, art\u0131k fizik\u00e7iler taraf\u0131ndan ciddiyetle kar\u015f\u0131lan\u0131yor. \u00c7oklu Evrenin \u00c7ekicili\u011fi, bilimsel anlay\u0131\u015f\u0131m\u0131zdaki bu d\u00f6n\u00fc\u015f\u00fcm\u00fcn nas\u0131l ger\u00e7ekle\u015fti\u011fini sunuyor.\u201d \u2013Paul J. Nahin, Zaman Makineleri\u2019nin yazar\u0131   \u201cHalpern, g\u00fcn\u00fcm\u00fcz bilimkurgu edebiyat\u0131n\u0131n vazge\u00e7ilmezlerinden olan \u00e7oklu evren fikrinin zengin bir ge\u00e7mi\u015fi oldu\u011funu ve bilim insanlar\u0131n\u0131n, filozoflar\u0131n bunu y\u00fczy\u0131llard\u0131r tart\u0131\u015ft\u0131\u011f\u0131n\u0131 g\u00f6steriyor.\u201d \u2013Dan Falk, Zaman\u0131n Pe\u015finde\u2019nin yazar\u0131 <\/p>\n","protected":false},"excerpt":{"rendered":"<p>\u00c7oklu Evrenin \u00c7ekicili\u011fi, bilimin \u00e7oklu evren fikrine nas\u0131l tutkuyla ba\u011fland\u0131\u011f\u0131n\u0131 ve bunun yaratt\u0131\u011f\u0131 tart\u0131\u015fmalar\u0131n destans\u0131 tarihini anlat\u0131yor: Olabilecek her \u015fey ger\u00e7ekten olur mu? Kuantum mekani\u011fi, g\u00f6r\u00fcn\u00fcrde<span class=\"excerpt-hellip\"> [\u2026]<\/span><\/p>\n","protected":false},"featured_media":0,"template":"","meta":{"_monsterinsights_skip_tracking":false,"_monsterinsights_sitenote_active":false,"_monsterinsights_sitenote_note":"","_monsterinsights_sitenote_category":0},"product_brand":[],"product_cat":[13005],"product_tag":[],"class_list":{"0":"post-772026","1":"product","2":"type-product","3":"status-publish","5":"product_cat-bilim-muhendislik","6":"pa_cilt-ciltsiz","7":"pa_tur-kitap","8":"pa_yayinevi-alfa-yayinlari","9":"pa_yazar-paul-halpern","11":"first","12":"instock","13":"sale","14":"shipping-taxable","15":"purchasable","16":"product-type-simple"},"_links":{"self":[{"href":"https:\/\/roveyayinevi.com.tr\/index.php\/wp-json\/wp\/v2\/product\/772026","targetHints":{"allow":["GET"]}}],"collection":[{"href":"https:\/\/roveyayinevi.com.tr\/index.php\/wp-json\/wp\/v2\/product"}],"about":[{"href":"https:\/\/roveyayinevi.com.tr\/index.php\/wp-json\/wp\/v2\/types\/product"}],"wp:attachment":[{"href":"https:\/\/roveyayinevi.com.tr\/index.php\/wp-json\/wp\/v2\/media?parent=772026"}],"wp:term":[{"taxonomy":"product_brand","embeddable":true,"href":"https:\/\/roveyayinevi.com.tr\/index.php\/wp-json\/wp\/v2\/product_brand?post=772026"},{"taxonomy":"product_cat","embeddable":true,"href":"https:\/\/roveyayinevi.com.tr\/index.php\/wp-json\/wp\/v2\/product_cat?post=772026"},{"taxonomy":"product_tag","embeddable":true,"href":"https:\/\/roveyayinevi.com.tr\/index.php\/wp-json\/wp\/v2\/product_tag?post=772026"}],"curies":[{"name":"wp","href":"https:\/\/api.w.org\/{rel}","templated":true}]}}