{"id":772023,"date":"2025-08-28T15:25:55","date_gmt":"2025-08-28T12:25:55","guid":{"rendered":"https:\/\/roveyayinevi.com.tr\/index.php\/urun\/gizemli-goktasi\/"},"modified":"2026-04-15T03:38:21","modified_gmt":"2026-04-15T00:38:21","slug":"gizemli-goktasi","status":"publish","type":"product","link":"https:\/\/roveyayinevi.com.tr\/index.php\/urun\/gizemli-goktasi\/","title":{"rendered":"Gizemli G\u00f6kta\u015f\u0131"},"content":{"rendered":"<p>Bir gece g\u00f6ky\u00fcz\u00fcnden d\u00fc\u015fen s\u0131radan olmayan bir ta\u015f&#8230; Ve onu bulan d\u00f6rt cesur \u00e7ocuk: Ege, Zeynep, Mert ve Duru. K\u00fc\u00e7\u00fck bir kasabada ba\u015flayan bu macera, onlar\u0131 zamanda yolculu\u011fa, eski uygarl\u0131klar\u0131n s\u0131rlar\u0131na ve insanl\u0131\u011f\u0131n kaderini de\u011fi\u015ftirecek bir g\u00f6reve s\u00fcr\u00fckl\u00fcyor. G\u00f6ky\u00fcz\u00fcnden gelen k\u00fcre, sadece bir ta\u015f de\u011fil; zamana a\u00e7\u0131lan bir kap\u0131, evrenin kay\u0131p haf\u0131zas\u0131 ve unutulmu\u015f bir uygarl\u0131\u011f\u0131n anahtar\u0131. Ama dikkat! Bu ser\u00fcvende yaln\u0131zca merak de\u011fil, cesaret, dostluk ve sorumluluk da s\u0131nan\u0131yor. Gizemli G\u00f6kta\u015f\u0131, bilim kurgu ve fantastik unsurlar\u0131 bir araya getiren, s\u00fcr\u00fckleyici bir zaman yolculu\u011fu hik\u00e2yesidir. 8-15 ya\u015f grubu i\u00e7in \u00f6zel olarak kaleme al\u0131nan bu roman, her \u00e7ocu\u011fun i\u00e7inde yanan ke\u015fif ate\u015fine dokunacak. Haz\u0131r m\u0131s\u0131n? Zaman ba\u015flas\u0131n!<\/p>\n","protected":false},"excerpt":{"rendered":"<p>Bir gece g\u00f6ky\u00fcz\u00fcnden d\u00fc\u015fen s\u0131radan olmayan bir ta\u015f&#8230; Ve onu bulan d\u00f6rt cesur \u00e7ocuk: Ege, Zeynep, Mert ve Duru. K\u00fc\u00e7\u00fck bir kasabada ba\u015flayan bu macera, onlar\u0131<span class=\"excerpt-hellip\"> [\u2026]<\/span><\/p>\n","protected":false},"featured_media":0,"template":"","meta":{"_monsterinsights_skip_tracking":false,"_monsterinsights_sitenote_active":false,"_monsterinsights_sitenote_note":"","_monsterinsights_sitenote_category":0},"product_brand":[],"product_cat":[12274,12284],"product_tag":[],"class_list":{"0":"post-772023","1":"product","2":"type-product","3":"status-publish","5":"product_cat-cocuk-ve-genclik-kitaplari","6":"product_cat-hikayeler","7":"pa_cilt-ciltsiz","8":"pa_tur-kitap","9":"pa_yayinevi-ugi-cocuk","10":"pa_yazar-cem-sahin","12":"first","13":"instock","14":"sale","15":"shipping-taxable","16":"purchasable","17":"product-type-simple"},"_links":{"self":[{"href":"https:\/\/roveyayinevi.com.tr\/index.php\/wp-json\/wp\/v2\/product\/772023","targetHints":{"allow":["GET"]}}],"collection":[{"href":"https:\/\/roveyayinevi.com.tr\/index.php\/wp-json\/wp\/v2\/product"}],"about":[{"href":"https:\/\/roveyayinevi.com.tr\/index.php\/wp-json\/wp\/v2\/types\/product"}],"wp:attachment":[{"href":"https:\/\/roveyayinevi.com.tr\/index.php\/wp-json\/wp\/v2\/media?parent=772023"}],"wp:term":[{"taxonomy":"product_brand","embeddable":true,"href":"https:\/\/roveyayinevi.com.tr\/index.php\/wp-json\/wp\/v2\/product_brand?post=772023"},{"taxonomy":"product_cat","embeddable":true,"href":"https:\/\/roveyayinevi.com.tr\/index.php\/wp-json\/wp\/v2\/product_cat?post=772023"},{"taxonomy":"product_tag","embeddable":true,"href":"https:\/\/roveyayinevi.com.tr\/index.php\/wp-json\/wp\/v2\/product_tag?post=772023"}],"curies":[{"name":"wp","href":"https:\/\/api.w.org\/{rel}","templated":true}]}}