{"id":772020,"date":"2025-08-28T15:25:50","date_gmt":"2025-08-28T12:25:50","guid":{"rendered":"https:\/\/roveyayinevi.com.tr\/index.php\/urun\/ayt-tarih-konu-konu-cikmis-sorular-son-7-yil-marka-yayinlari\/"},"modified":"2026-04-15T03:38:21","modified_gmt":"2026-04-15T00:38:21","slug":"ayt-tarih-konu-konu-cikmis-sorular-son-7-yil-marka-yayinlari","status":"publish","type":"product","link":"https:\/\/roveyayinevi.com.tr\/index.php\/urun\/ayt-tarih-konu-konu-cikmis-sorular-son-7-yil-marka-yayinlari\/","title":{"rendered":"AYT Tarih Konu Konu \u00c7\u0131km\u0131\u015f Sorular Son 7 Y\u0131l Marka Yay\u0131nlar\u0131"},"content":{"rendered":"<p>AYT Tarih Konu Konu \u00c7\u0131km\u0131\u015f Sorular Son 7 Y\u0131l Marka Yay\u0131nlar\u0131<\/p>\n","protected":false},"excerpt":{"rendered":"<p>AYT Tarih Konu Konu \u00c7\u0131km\u0131\u015f Sorular Son 7 Y\u0131l Marka Yay\u0131nlar\u0131<\/p>\n","protected":false},"featured_media":0,"template":"","meta":{"_monsterinsights_skip_tracking":false,"_monsterinsights_sitenote_active":false,"_monsterinsights_sitenote_note":"","_monsterinsights_sitenote_category":0},"product_brand":[],"product_cat":[12566,13473],"product_tag":[],"class_list":{"0":"post-772020","1":"product","2":"type-product","3":"status-publish","5":"product_cat-egitim","6":"product_cat-sinavlara-hazirlik-okula-yardimci-kaynaklar","7":"pa_cilt-ciltsiz","8":"pa_tur-kitap","9":"pa_yayinevi-marka-yayinlari","10":"pa_yazar-kolektif","12":"first","13":"instock","14":"sale","15":"shipping-taxable","16":"purchasable","17":"product-type-simple"},"_links":{"self":[{"href":"https:\/\/roveyayinevi.com.tr\/index.php\/wp-json\/wp\/v2\/product\/772020","targetHints":{"allow":["GET"]}}],"collection":[{"href":"https:\/\/roveyayinevi.com.tr\/index.php\/wp-json\/wp\/v2\/product"}],"about":[{"href":"https:\/\/roveyayinevi.com.tr\/index.php\/wp-json\/wp\/v2\/types\/product"}],"wp:attachment":[{"href":"https:\/\/roveyayinevi.com.tr\/index.php\/wp-json\/wp\/v2\/media?parent=772020"}],"wp:term":[{"taxonomy":"product_brand","embeddable":true,"href":"https:\/\/roveyayinevi.com.tr\/index.php\/wp-json\/wp\/v2\/product_brand?post=772020"},{"taxonomy":"product_cat","embeddable":true,"href":"https:\/\/roveyayinevi.com.tr\/index.php\/wp-json\/wp\/v2\/product_cat?post=772020"},{"taxonomy":"product_tag","embeddable":true,"href":"https:\/\/roveyayinevi.com.tr\/index.php\/wp-json\/wp\/v2\/product_tag?post=772020"}],"curies":[{"name":"wp","href":"https:\/\/api.w.org\/{rel}","templated":true}]}}