{"id":772012,"date":"2025-08-28T15:25:36","date_gmt":"2025-08-28T12:25:36","guid":{"rendered":"https:\/\/roveyayinevi.com.tr\/index.php\/urun\/psikanaliz-defterleri-14-cocuk-ve-ergen-calismalari-ozdeslesme-ve-kimlik\/"},"modified":"2026-04-15T03:38:21","modified_gmt":"2026-04-15T00:38:21","slug":"psikanaliz-defterleri-14-cocuk-ve-ergen-calismalari-ozdeslesme-ve-kimlik","status":"publish","type":"product","link":"https:\/\/roveyayinevi.com.tr\/index.php\/urun\/psikanaliz-defterleri-14-cocuk-ve-ergen-calismalari-ozdeslesme-ve-kimlik\/","title":{"rendered":"Psikanaliz Defterleri 14: \u00c7ocuk ve Ergen \u00c7al\u0131\u015fmalar\u0131 \u00d6zde\u015fle\u015fme ve Kimlik"},"content":{"rendered":"<p>Psikanalitik kuram, \u00f6zde\u015fle\u015fme ve kimlik kavramlar\u0131na \u00f6zel bir \u00f6nem verir. Freud\u2019dan Lacan\u2019a, Klein\u2019dan Erikson\u2019a uzanan geni\u015f bir perspektifte ele al\u0131nan bu kavramlar, bireyin geli\u015fim s\u00fcrecinde nas\u0131l \u015fekillendi\u011fini ve toplumsal dinamiklerle nas\u0131l kesi\u015fti\u011fini anlamam\u0131z\u0131 sa\u011flar. Ancak bu s\u00fcre\u00e7 her zaman yolunda gitmez; patolojik \u00f6zde\u015fle\u015fimler, kimlik krizi, sahte kendilik, yabanc\u0131la\u015fma gibi olgular psikanalitik klinikte s\u0131k\u00e7a ele al\u0131nan konular aras\u0131ndad\u0131r. Bu say\u0131da, \u00f6zde\u015fle\u015fme ve kimlik kavramlar\u0131na bak\u0131\u015f a\u00e7\u0131s\u0131n\u0131n psikanaliz tarihi boyunca nas\u0131l geli\u015fti\u011fine ve bu kavramlar\u0131n olgular ba\u011flam\u0131nda klinik a\u00e7\u0131dan nas\u0131l ele al\u0131nd\u0131\u011f\u0131na yer verildi.   Fran\u00e7ois MartyKimlik ve Ergenlikte \u00d6zde\u015fle\u015fim Fran\u00e7ois LadameErgenlik ve Kimlik Maria Georgiou\u00d6znel-Kimli\u011fin K\u00f6kenleri: Ben-Benli\u011fimim in Arkaik Olu\u015fumu Alper \u015eahinRuhsal Kapsay\u0131c\u0131l\u0131k \u0130\u015flevi \u00dczerine Johann JungErgenlik ve \u00d6znelle\u015fme: Kimlik S\u00fcreklili\u011fi ve D\u00f6n\u00fc\u015f\u00fcm\u00fcn\u00fcn Arac\u0131 Olarak \u0130kiz E\u015f Talat ParmanBir Kimse Nas\u0131l Olunur? \u00d6yk\u00fcnmeden \u00d6zde\u015fle\u015fmeye Kimlik Olu\u015fumu Sezai Halifeo\u011fluTaklit Etmek Niye Olumsuz Bir \u015eey Olsun ki? Daniel MarcelliKimlik Krizi ve K\u00f6k Aray\u0131\u015f\u0131: \u00d6tekini Kendinden Kovmak Is\u00e9e BernateauErgenlikte \u00d6zde\u015fle\u015fim ve Kimlik Aras\u0131nda: S\u00fcper Kahraman Olmak Alexandre MorelErgenlerle Terapide Aktar\u0131m ve Kar\u015f\u0131aktar\u0131mdaki \u00d6zde\u015fle\u015fim Yollar\u0131 Esra \u00c7a\u011flar Aktar\u0131m Paranoyas\u0131: Narsisistik ve Oidipal G\u00fc\u00e7l\u00fckler Ya\u015fayan Ergenler ve Kimlik Geli\u015fimindeki Zorluklar P\u0131nar Arslant\u00fcrk, Ece Naz Ermi\u015fHayat Duygusunun En Mahrem Eklem Noktas\u0131nda Bir D\u00fczensizlik: Tek ve B\u00fcy\u00fck Bir Pazartesi T\u00fcrk\u00fc \u015eahinGiysi ve Moda Paralelinde Kimlik ve \u00d6zde\u015fle\u015fimler \u00dczerine Bir Deneme Tuba Tokg\u00f6zAnneyi Yeniden \u0130n\u015fa Etmek: Cesur Animasyon Filminde Y\u0131k\u0131m, \u00d6zde\u015fle\u015fme ve D\u00f6n\u00fc\u015f\u00fcm \u015eeyda Postac\u0131B\u00fcy\u00fcy\u00fcnce Ne Olacaks\u0131n?  <\/p>\n","protected":false},"excerpt":{"rendered":"<p>Psikanalitik kuram, \u00f6zde\u015fle\u015fme ve kimlik kavramlar\u0131na \u00f6zel bir \u00f6nem verir. Freud\u2019dan Lacan\u2019a, Klein\u2019dan Erikson\u2019a uzanan geni\u015f bir perspektifte ele al\u0131nan bu kavramlar, bireyin geli\u015fim s\u00fcrecinde nas\u0131l<span class=\"excerpt-hellip\"> [\u2026]<\/span><\/p>\n","protected":false},"featured_media":0,"template":"","meta":{"_monsterinsights_skip_tracking":false,"_monsterinsights_sitenote_active":false,"_monsterinsights_sitenote_note":"","_monsterinsights_sitenote_category":0},"product_brand":[],"product_cat":[12679,12357],"product_tag":[],"class_list":{"0":"post-772012","1":"product","2":"type-product","3":"status-publish","5":"product_cat-cocuk-psikolojisi","6":"product_cat-psikoloji","7":"pa_cilt-ciltsiz","8":"pa_tur-kitap","9":"pa_yayinevi-yapi-kredi-yayinlari","10":"pa_yazar-kolektif","12":"first","13":"instock","14":"sale","15":"shipping-taxable","16":"purchasable","17":"product-type-simple"},"_links":{"self":[{"href":"https:\/\/roveyayinevi.com.tr\/index.php\/wp-json\/wp\/v2\/product\/772012","targetHints":{"allow":["GET"]}}],"collection":[{"href":"https:\/\/roveyayinevi.com.tr\/index.php\/wp-json\/wp\/v2\/product"}],"about":[{"href":"https:\/\/roveyayinevi.com.tr\/index.php\/wp-json\/wp\/v2\/types\/product"}],"wp:attachment":[{"href":"https:\/\/roveyayinevi.com.tr\/index.php\/wp-json\/wp\/v2\/media?parent=772012"}],"wp:term":[{"taxonomy":"product_brand","embeddable":true,"href":"https:\/\/roveyayinevi.com.tr\/index.php\/wp-json\/wp\/v2\/product_brand?post=772012"},{"taxonomy":"product_cat","embeddable":true,"href":"https:\/\/roveyayinevi.com.tr\/index.php\/wp-json\/wp\/v2\/product_cat?post=772012"},{"taxonomy":"product_tag","embeddable":true,"href":"https:\/\/roveyayinevi.com.tr\/index.php\/wp-json\/wp\/v2\/product_tag?post=772012"}],"curies":[{"name":"wp","href":"https:\/\/api.w.org\/{rel}","templated":true}]}}