{"id":772009,"date":"2025-08-28T15:25:29","date_gmt":"2025-08-28T12:25:29","guid":{"rendered":"https:\/\/roveyayinevi.com.tr\/index.php\/urun\/sahi-siz-kimdiniz\/"},"modified":"2026-04-15T03:38:21","modified_gmt":"2026-04-15T00:38:21","slug":"sahi-siz-kimdiniz","status":"publish","type":"product","link":"https:\/\/roveyayinevi.com.tr\/index.php\/urun\/sahi-siz-kimdiniz\/","title":{"rendered":"Sahi Siz Kimdiniz?"},"content":{"rendered":"<p>Sahi Siz Kimdiniz? yak\u0131n tarihimize bir ba\u015fka g\u00f6zle bakmaya \u00e7al\u0131\u015fan s\u0131cak bir \u00e7a\u011fr\u0131d\u0131r. Ya\u015fanm\u0131\u015fl\u0131klar\u0131n \u00fczerine yeteri kadar konu\u015fulmad\u0131\u011f\u0131 ve siyasi olarak tan\u0131nmad\u0131\u011f\u0131 i\u00e7in ortaya \u00e7\u0131kan travmalar \u201cinsani bir y\u00fcz\u201d koyma \u00e7abas\u0131d\u0131r. Bu hikayeleri okurken, bazen y\u00fcz\u00fcn\u00fcze hafif bir tebess\u00fcm yay\u0131lacak, o d\u00f6nemi ve insanlar\u0131n\u0131 anlamaya \u00e7al\u0131\u015facaks\u0131n\u0131z. Kitab\u0131n kahramanlar\u0131 \u201ci\u00e7eridekiler!\u201d Ama Ate\u015fman hissetti\u011fi, tan\u0131d\u0131\u011f\u0131, bildi\u011fi \u201ci\u00e7eridekilere,\u201d t\u00fcm zorluklara ra\u011fmen umudun, ne\u015fenin, direni\u015fin sesini ta\u015f\u0131yan g\u00fczel karakterlerin d\u00fcnyas\u0131na bakmaya davet ediyor bizi. Gelin bu daveti kabul edelim. Bilmek ve anlamak, yeni ac\u0131lar\u0131n ve travmalar\u0131n ya\u015fanmas\u0131n\u0131n ba\u015flang\u0131\u00e7 ta\u015flar\u0131 gibidir. <\/p>\n","protected":false},"excerpt":{"rendered":"<p>Sahi Siz Kimdiniz? yak\u0131n tarihimize bir ba\u015fka g\u00f6zle bakmaya \u00e7al\u0131\u015fan s\u0131cak bir \u00e7a\u011fr\u0131d\u0131r. Ya\u015fanm\u0131\u015fl\u0131klar\u0131n \u00fczerine yeteri kadar konu\u015fulmad\u0131\u011f\u0131 ve siyasi olarak tan\u0131nmad\u0131\u011f\u0131 i\u00e7in ortaya \u00e7\u0131kan travmalar<span class=\"excerpt-hellip\"> [\u2026]<\/span><\/p>\n","protected":false},"featured_media":0,"template":"","meta":{"_monsterinsights_skip_tracking":false,"_monsterinsights_sitenote_active":false,"_monsterinsights_sitenote_note":"","_monsterinsights_sitenote_category":0},"product_brand":[],"product_cat":[27157,12291],"product_tag":[],"class_list":{"0":"post-772009","1":"product","2":"type-product","3":"status-publish","5":"product_cat-derleme","6":"product_cat-edebiyat","7":"pa_cilt-ciltsiz","8":"pa_tur-kitap","9":"pa_yayinevi-dus-sozcukleri","10":"pa_yazar-yasemin-akcam-atesman","12":"first","13":"instock","14":"sale","15":"shipping-taxable","16":"purchasable","17":"product-type-simple"},"_links":{"self":[{"href":"https:\/\/roveyayinevi.com.tr\/index.php\/wp-json\/wp\/v2\/product\/772009","targetHints":{"allow":["GET"]}}],"collection":[{"href":"https:\/\/roveyayinevi.com.tr\/index.php\/wp-json\/wp\/v2\/product"}],"about":[{"href":"https:\/\/roveyayinevi.com.tr\/index.php\/wp-json\/wp\/v2\/types\/product"}],"wp:attachment":[{"href":"https:\/\/roveyayinevi.com.tr\/index.php\/wp-json\/wp\/v2\/media?parent=772009"}],"wp:term":[{"taxonomy":"product_brand","embeddable":true,"href":"https:\/\/roveyayinevi.com.tr\/index.php\/wp-json\/wp\/v2\/product_brand?post=772009"},{"taxonomy":"product_cat","embeddable":true,"href":"https:\/\/roveyayinevi.com.tr\/index.php\/wp-json\/wp\/v2\/product_cat?post=772009"},{"taxonomy":"product_tag","embeddable":true,"href":"https:\/\/roveyayinevi.com.tr\/index.php\/wp-json\/wp\/v2\/product_tag?post=772009"}],"curies":[{"name":"wp","href":"https:\/\/api.w.org\/{rel}","templated":true}]}}