{"id":772007,"date":"2025-08-28T15:25:24","date_gmt":"2025-08-28T12:25:24","guid":{"rendered":"https:\/\/roveyayinevi.com.tr\/index.php\/urun\/sabahattin-alinin-ankaradaki-izleri\/"},"modified":"2026-04-15T03:38:21","modified_gmt":"2026-04-15T00:38:21","slug":"sabahattin-alinin-ankaradaki-izleri","status":"publish","type":"product","link":"https:\/\/roveyayinevi.com.tr\/index.php\/urun\/sabahattin-alinin-ankaradaki-izleri\/","title":{"rendered":"Sabahattin Ali\u2019nin Ankara\u2019daki \u0130zleri"},"content":{"rendered":"<p>Ankara\u2019y\u0131 yazaca\u011f\u0131m. Ankara\u2019y\u0131 \u00f6yle bir yazaca\u011f\u0131m ki, pek \u00e7ok insan burada kendisini bulacak&#8230; Yazarl\u0131k sanat\u0131m\u0131n t\u00fcm inceliklerini bu kitapta ortaya koyaca\u011f\u0131m. Sabahattin Ali\u2019nin Ankara\u2019daki \u0130zleri, yazar\u0131n hayat\u0131nda \u00f6nemli bir yer tutan bu kentte ya\u015fad\u0131\u011f\u0131 evleri, \u00e7al\u0131\u015ft\u0131\u011f\u0131 yerleri, ailesiyle ve arkada\u015flar\u0131yla gitti\u011fi mek\u00e2nlar\u0131, gezdi\u011fi sokaklar\u0131; k\u0131saca Sabahattin Ali\u2019nin Ankaras\u0131\u2019n\u0131 anlat\u0131yor. Tolga Aydo\u011fan, Ankara ve Sabahattin Ali konusunda bir ilk olan bu \u00f6zg\u00fcn \u00e7al\u0131\u015fmas\u0131yla; an\u0131lar, foto\u011fraflar, belgeler e\u015fli\u011finde, okuru d\u00f6nemin Ankaras\u0131\u2019na g\u00f6t\u00fcr\u00fcyor, Sabahattin Ali\u2019nin an\u0131lar\u0131n\u0131n sindi\u011fi sokaklarda, mek\u00e2nlarda dola\u015ft\u0131r\u0131yor; an\u0131lar\u0131 canland\u0131rarak yazar\u0131n ya\u015fam\u0131na farkl\u0131 bir derinlik kazand\u0131r\u0131yor. Bu kitapla, Sabahattin Ali\u2019nin Ankara\u2019daki ya\u015fant\u0131s\u0131na dair baz\u0131 bilgiler ilk kez g\u00fcn \u0131\u015f\u0131\u011f\u0131na \u00e7\u0131karken yazar\u0131n bug\u00fcne kadar yay\u0131mlanmam\u0131\u015f iki foto\u011fraf\u0131 da okurla bulu\u015fuyor. Kitap, edebiyat tarihine ve Ankara\u2019n\u0131n kent belle\u011fine \u00f6nemli bir katk\u0131 sunman\u0131n yan\u0131 s\u0131ra ileride bu konuda yap\u0131lacak \u00e7al\u0131\u015fmalar i\u00e7in de bir kaynak niteli\u011fi ta\u015f\u0131yor.<\/p>\n","protected":false},"excerpt":{"rendered":"<p>Ankara\u2019y\u0131 yazaca\u011f\u0131m. Ankara\u2019y\u0131 \u00f6yle bir yazaca\u011f\u0131m ki, pek \u00e7ok insan burada kendisini bulacak&#8230; Yazarl\u0131k sanat\u0131m\u0131n t\u00fcm inceliklerini bu kitapta ortaya koyaca\u011f\u0131m. Sabahattin Ali\u2019nin Ankara\u2019daki \u0130zleri, yazar\u0131n<span class=\"excerpt-hellip\"> [\u2026]<\/span><\/p>\n","protected":false},"featured_media":0,"template":"","meta":{"_monsterinsights_skip_tracking":false,"_monsterinsights_sitenote_active":false,"_monsterinsights_sitenote_note":"","_monsterinsights_sitenote_category":0},"product_brand":[],"product_cat":[13072,12291],"product_tag":[],"class_list":{"0":"post-772007","1":"product","2":"type-product","3":"status-publish","5":"product_cat-arastirma-inceleme-referans","6":"product_cat-edebiyat","7":"pa_cilt-ciltsiz","8":"pa_tur-kitap","9":"pa_yayinevi-yapi-kredi-yayinlari","10":"pa_yazar-tolga-aydogan","12":"first","13":"instock","14":"sale","15":"shipping-taxable","16":"purchasable","17":"product-type-simple"},"_links":{"self":[{"href":"https:\/\/roveyayinevi.com.tr\/index.php\/wp-json\/wp\/v2\/product\/772007","targetHints":{"allow":["GET"]}}],"collection":[{"href":"https:\/\/roveyayinevi.com.tr\/index.php\/wp-json\/wp\/v2\/product"}],"about":[{"href":"https:\/\/roveyayinevi.com.tr\/index.php\/wp-json\/wp\/v2\/types\/product"}],"wp:attachment":[{"href":"https:\/\/roveyayinevi.com.tr\/index.php\/wp-json\/wp\/v2\/media?parent=772007"}],"wp:term":[{"taxonomy":"product_brand","embeddable":true,"href":"https:\/\/roveyayinevi.com.tr\/index.php\/wp-json\/wp\/v2\/product_brand?post=772007"},{"taxonomy":"product_cat","embeddable":true,"href":"https:\/\/roveyayinevi.com.tr\/index.php\/wp-json\/wp\/v2\/product_cat?post=772007"},{"taxonomy":"product_tag","embeddable":true,"href":"https:\/\/roveyayinevi.com.tr\/index.php\/wp-json\/wp\/v2\/product_tag?post=772007"}],"curies":[{"name":"wp","href":"https:\/\/api.w.org\/{rel}","templated":true}]}}