{"id":772005,"date":"2025-08-28T15:25:20","date_gmt":"2025-08-28T12:25:20","guid":{"rendered":"https:\/\/roveyayinevi.com.tr\/index.php\/urun\/bozkir-suskundu\/"},"modified":"2026-04-15T03:38:21","modified_gmt":"2026-04-15T00:38:21","slug":"bozkir-suskundu","status":"publish","type":"product","link":"https:\/\/roveyayinevi.com.tr\/index.php\/urun\/bozkir-suskundu\/","title":{"rendered":"Bozk\u0131r Suskundu"},"content":{"rendered":"<p>Bozk\u0131r\u0131n derin suskunlu\u011funda kendi i\u00e7 yolculu\u011funuzu ba\u015flatmak u\u0308zeresiniz. Aytmatov\u2019un \u00f6yku\u0308lerinde, do\u011fan\u0131n ve insan ruhunun en karanl\u0131k k\u00f6\u015feleri ile en parlak \u0131\u015f\u0131klar\u0131 aras\u0131ndaki z\u0131tl\u0131klarda gezinirken, insan\u0131n zamanla ve topra\u011fa ba\u011fl\u0131 trajik ili\u015fkisiyle olan sava\u015f\u0131n\u0131 bir bu\u0308tu\u0308n olarak ke\u015ffederiz. Zaman\u0131n\u0131n ve Orta Asya topraklar\u0131n\u0131n derin yaralar\u0131na dokunan, haf\u0131zalarda silinmez hik\u00e2yeler in\u015fa eden Cengiz Aytmatov, halk\u0131n\u0131n tarihini, kay\u0131plar\u0131n\u0131, yu\u0308zle\u015fmelerini, varolu\u015f mu\u0308cadelesini ve direni\u015fini destanla\u015ft\u0131rd\u0131\u011f\u0131 benzersiz \u015faheserler kaleme ald\u0131. Her kelimeyi bir haf\u0131za, her cu\u0308mleyi bir aray\u0131\u015f, her sat\u0131r\u0131 bir direni\u015f yapt\u0131. Cengiz Aytmatov\u2019un, uzun ve k\u0131sa bu\u0308tu\u0308n \u00f6yku\u0308lerini kapsayan bu \u00f6zel edisyonda; K\u0131z\u0131l Elma, Y\u0131ld\u0131r\u0131m Sesli Manas\u00e7\u0131, Deve G\u00f6zu\u0308, Bulgar K\u0131z\u0131, Cengiz Han\u2019a Ku\u0308sen Bulut, \u0130lk \u00d6\u011fretmenim ve Yu\u0308z Yu\u0308ze kitaplar\u0131n\u0131 Bozk\u0131r Suskundu ad\u0131yla okurlar\u0131 i\u00e7in bir araya getirdik.<\/p>\n","protected":false},"excerpt":{"rendered":"<p>Bozk\u0131r\u0131n derin suskunlu\u011funda kendi i\u00e7 yolculu\u011funuzu ba\u015flatmak u\u0308zeresiniz. Aytmatov\u2019un \u00f6yku\u0308lerinde, do\u011fan\u0131n ve insan ruhunun en karanl\u0131k k\u00f6\u015feleri ile en parlak \u0131\u015f\u0131klar\u0131 aras\u0131ndaki z\u0131tl\u0131klarda gezinirken, insan\u0131n zamanla<span class=\"excerpt-hellip\"> [\u2026]<\/span><\/p>\n","protected":false},"featured_media":0,"template":"","meta":{"_monsterinsights_skip_tracking":false,"_monsterinsights_sitenote_active":false,"_monsterinsights_sitenote_note":"","_monsterinsights_sitenote_category":0},"product_brand":[],"product_cat":[12291,18202],"product_tag":[],"class_list":{"0":"post-772005","1":"product","2":"type-product","3":"status-publish","5":"product_cat-edebiyat","6":"product_cat-hikaye","7":"pa_cilt-ciltsiz","8":"pa_tur-kitap","9":"pa_yayinevi-ketebe-yayinlari","10":"pa_yazar-cengiz-aytmatov","12":"first","13":"instock","14":"sale","15":"shipping-taxable","16":"purchasable","17":"product-type-simple"},"_links":{"self":[{"href":"https:\/\/roveyayinevi.com.tr\/index.php\/wp-json\/wp\/v2\/product\/772005","targetHints":{"allow":["GET"]}}],"collection":[{"href":"https:\/\/roveyayinevi.com.tr\/index.php\/wp-json\/wp\/v2\/product"}],"about":[{"href":"https:\/\/roveyayinevi.com.tr\/index.php\/wp-json\/wp\/v2\/types\/product"}],"wp:attachment":[{"href":"https:\/\/roveyayinevi.com.tr\/index.php\/wp-json\/wp\/v2\/media?parent=772005"}],"wp:term":[{"taxonomy":"product_brand","embeddable":true,"href":"https:\/\/roveyayinevi.com.tr\/index.php\/wp-json\/wp\/v2\/product_brand?post=772005"},{"taxonomy":"product_cat","embeddable":true,"href":"https:\/\/roveyayinevi.com.tr\/index.php\/wp-json\/wp\/v2\/product_cat?post=772005"},{"taxonomy":"product_tag","embeddable":true,"href":"https:\/\/roveyayinevi.com.tr\/index.php\/wp-json\/wp\/v2\/product_tag?post=772005"}],"curies":[{"name":"wp","href":"https:\/\/api.w.org\/{rel}","templated":true}]}}