{"id":772004,"date":"2025-08-28T15:25:18","date_gmt":"2025-08-28T12:25:18","guid":{"rendered":"https:\/\/roveyayinevi.com.tr\/index.php\/urun\/bebek-dokun-ve-hisset-serisi-yavru-kediler-ciltli\/"},"modified":"2026-04-15T03:38:21","modified_gmt":"2026-04-15T00:38:21","slug":"bebek-dokun-ve-hisset-serisi-yavru-kediler-ciltli","status":"publish","type":"product","link":"https:\/\/roveyayinevi.com.tr\/index.php\/urun\/bebek-dokun-ve-hisset-serisi-yavru-kediler-ciltli\/","title":{"rendered":"Bebek Dokun Ve Hisset Serisi &#8211; Yavru Kediler (Ciltli)"},"content":{"rendered":"<p>Bebe\u011finizle birlikte sevimli yavru kedileri ke\u015ffedin! T\u00fcyl\u00fc kulaklardan yumu\u015fac\u0131k kar\u0131nlara kadar pek \u00e7ok doku, minik ellerin keyif alarak dokunsal ke\u015fif yapmas\u0131 i\u00e7in \u00f6zel olarak tasarland\u0131. G\u00fcvenli ve dayan\u0131kl\u0131 bu kitap, erken ya\u015fta duyusal ke\u015ffi ve \u00f6\u011frenmeyi te\u015fvik ederken motor becerilerinin geli\u015fimini destekler. <\/p>\n","protected":false},"excerpt":{"rendered":"<p>Bebe\u011finizle birlikte sevimli yavru kedileri ke\u015ffedin! T\u00fcyl\u00fc kulaklardan yumu\u015fac\u0131k kar\u0131nlara kadar pek \u00e7ok doku, minik ellerin keyif alarak dokunsal ke\u015fif yapmas\u0131 i\u00e7in \u00f6zel olarak tasarland\u0131. G\u00fcvenli<span class=\"excerpt-hellip\"> [\u2026]<\/span><\/p>\n","protected":false},"featured_media":0,"template":"","meta":{"_monsterinsights_skip_tracking":false,"_monsterinsights_sitenote_active":false,"_monsterinsights_sitenote_note":"","_monsterinsights_sitenote_category":0},"product_brand":[],"product_cat":[12274,12518],"product_tag":[],"class_list":{"0":"post-772004","1":"product","2":"type-product","3":"status-publish","5":"product_cat-cocuk-ve-genclik-kitaplari","6":"product_cat-okul-oncesi-kitaplar","7":"pa_cilt-ciltli","8":"pa_tur-kitap","9":"pa_yayinevi-beta-kids","10":"pa_yazar-kolektif","12":"first","13":"instock","14":"sale","15":"shipping-taxable","16":"purchasable","17":"product-type-simple"},"_links":{"self":[{"href":"https:\/\/roveyayinevi.com.tr\/index.php\/wp-json\/wp\/v2\/product\/772004","targetHints":{"allow":["GET"]}}],"collection":[{"href":"https:\/\/roveyayinevi.com.tr\/index.php\/wp-json\/wp\/v2\/product"}],"about":[{"href":"https:\/\/roveyayinevi.com.tr\/index.php\/wp-json\/wp\/v2\/types\/product"}],"wp:attachment":[{"href":"https:\/\/roveyayinevi.com.tr\/index.php\/wp-json\/wp\/v2\/media?parent=772004"}],"wp:term":[{"taxonomy":"product_brand","embeddable":true,"href":"https:\/\/roveyayinevi.com.tr\/index.php\/wp-json\/wp\/v2\/product_brand?post=772004"},{"taxonomy":"product_cat","embeddable":true,"href":"https:\/\/roveyayinevi.com.tr\/index.php\/wp-json\/wp\/v2\/product_cat?post=772004"},{"taxonomy":"product_tag","embeddable":true,"href":"https:\/\/roveyayinevi.com.tr\/index.php\/wp-json\/wp\/v2\/product_tag?post=772004"}],"curies":[{"name":"wp","href":"https:\/\/api.w.org\/{rel}","templated":true}]}}