{"id":772003,"date":"2025-08-28T15:25:15","date_gmt":"2025-08-28T12:25:15","guid":{"rendered":"https:\/\/roveyayinevi.com.tr\/index.php\/urun\/ilahi-askla-sema-etmek\/"},"modified":"2026-04-15T03:38:21","modified_gmt":"2026-04-15T00:38:21","slug":"ilahi-askla-sema-etmek","status":"publish","type":"product","link":"https:\/\/roveyayinevi.com.tr\/index.php\/urun\/ilahi-askla-sema-etmek\/","title":{"rendered":"\u0130lahi A\u015fkla Sema Etmek"},"content":{"rendered":"<p>\u0130nsan f\u0131trat\u0131 gere\u011fi kalbinde iyili\u011fi ve k\u00f6t\u00fcl\u00fc\u011f\u00fc bar\u0131nd\u0131r\u0131r. Bu iki z\u0131t kavram zamanla yo\u011funla\u015f\u0131r ve birbirinden ayr\u0131l\u0131r. Biri di\u011ferine g\u00f6re daha bask\u0131n olur her zaman. Bu durum ki\u015finin kendi ile olan imtihan\u0131d\u0131r asl\u0131nda. Kendini tan\u0131man\u0131n, ya\u015fanan olaylara b\u00fcy\u00fck bir tevazu ile yakla\u015fman\u0131n k\u00f6k\u00fcnde iyili\u011fi tercih etmek ve iyili\u011fin yolunda y\u00fcr\u00fcmek vard\u0131r. \u0130yi \u015fekilde hareket etmek, iyi i\u015fler yapmak, iyi sohbetlerde bulunmak, iyi insan olmak\u2026 Emekle dolu ya\u015famlar\u0131m\u0131z\u0131n i\u00e7ine sevgi katmal\u0131y\u0131z. Sayg\u0131, Ho\u015fg\u00f6r\u00fc, A\u015fk katmal\u0131y\u0131z. \u0130yilikleri b\u00fcy\u00fctmeyi, birlik bilincini ve ilahi a\u015fk\u0131 hedeflemeyi, yolun herhangi bir noktas\u0131nda yoruldu\u011fumuzda, t\u00f6kezleyip d\u00fc\u015ft\u00fc\u011f\u00fcm\u00fczde y\u00fcce a\u015fk\u0131 hat\u0131rlay\u0131p, ellerimizi kalplerimizin \u00fczerine koyup \u0131\u015f\u0131l \u0131\u015f\u0131l yanan ilahi huzmeden g\u00fc\u00e7 alarak aya\u011fa kalkmam\u0131z gerekti\u011fini unutmamal\u0131y\u0131z. Vefas\u0131 daim olanlardan olabilmek \u00fcmidiyle\u2026 <\/p>\n","protected":false},"excerpt":{"rendered":"<p>\u0130nsan f\u0131trat\u0131 gere\u011fi kalbinde iyili\u011fi ve k\u00f6t\u00fcl\u00fc\u011f\u00fc bar\u0131nd\u0131r\u0131r. Bu iki z\u0131t kavram zamanla yo\u011funla\u015f\u0131r ve birbirinden ayr\u0131l\u0131r. Biri di\u011ferine g\u00f6re daha bask\u0131n olur her zaman. Bu<span class=\"excerpt-hellip\"> [\u2026]<\/span><\/p>\n","protected":false},"featured_media":0,"template":"","meta":{"_monsterinsights_skip_tracking":false,"_monsterinsights_sitenote_active":false,"_monsterinsights_sitenote_note":"","_monsterinsights_sitenote_category":0},"product_brand":[],"product_cat":[12777,12291],"product_tag":[],"class_list":{"0":"post-772003","1":"product","2":"type-product","3":"status-publish","5":"product_cat-deneme","6":"product_cat-edebiyat","7":"pa_cilt-ciltsiz","8":"pa_tur-kitap","9":"pa_yayinevi-gulnar-yayinlari","10":"pa_yazar-semiha-sema-turkoz","12":"first","13":"instock","14":"sale","15":"shipping-taxable","16":"purchasable","17":"product-type-simple"},"_links":{"self":[{"href":"https:\/\/roveyayinevi.com.tr\/index.php\/wp-json\/wp\/v2\/product\/772003","targetHints":{"allow":["GET"]}}],"collection":[{"href":"https:\/\/roveyayinevi.com.tr\/index.php\/wp-json\/wp\/v2\/product"}],"about":[{"href":"https:\/\/roveyayinevi.com.tr\/index.php\/wp-json\/wp\/v2\/types\/product"}],"wp:attachment":[{"href":"https:\/\/roveyayinevi.com.tr\/index.php\/wp-json\/wp\/v2\/media?parent=772003"}],"wp:term":[{"taxonomy":"product_brand","embeddable":true,"href":"https:\/\/roveyayinevi.com.tr\/index.php\/wp-json\/wp\/v2\/product_brand?post=772003"},{"taxonomy":"product_cat","embeddable":true,"href":"https:\/\/roveyayinevi.com.tr\/index.php\/wp-json\/wp\/v2\/product_cat?post=772003"},{"taxonomy":"product_tag","embeddable":true,"href":"https:\/\/roveyayinevi.com.tr\/index.php\/wp-json\/wp\/v2\/product_tag?post=772003"}],"curies":[{"name":"wp","href":"https:\/\/api.w.org\/{rel}","templated":true}]}}