{"id":772000,"date":"2025-08-28T15:25:10","date_gmt":"2025-08-28T12:25:10","guid":{"rendered":"https:\/\/roveyayinevi.com.tr\/index.php\/urun\/hacli-seferleri-ciltli\/"},"modified":"2026-04-15T03:38:20","modified_gmt":"2026-04-15T00:38:20","slug":"hacli-seferleri-ciltli","status":"publish","type":"product","link":"https:\/\/roveyayinevi.com.tr\/index.php\/urun\/hacli-seferleri-ciltli\/","title":{"rendered":"Ha\u00e7l\u0131 Seferleri (Ciltli)"},"content":{"rendered":"<p>Ha\u00e7l\u0131 seferleri tarihine dair \u00e7al\u0131\u015fmalar\u0131yla tan\u0131nan \u0130ngiliz tarih\u00e7i Jonathan Riley-Smith\u2019in (1938-2016) klasikle\u015fmi\u015f eseri Ha\u00e7l\u0131 Seferleri, Susanna A. Throop\u2019un katk\u0131lar\u0131yla yepyeni ve gu\u0308ncel bir tart\u0131\u015fma alan\u0131na davet ediyor okurunu. Orta\u00e7a\u011f\u2019\u0131n en \u00f6nemli ve karma\u015f\u0131k olgular\u0131ndan birini ele al\u0131rken, vurucu bir soruyla ba\u015fl\u0131yoruz okumaya: \u201cHa\u00e7l\u0131 seferleri ne zaman sona erdi?\u201d Ha\u00e7l\u0131 Seferleri, bu yerle\u015fmi\u015f gelene\u011fin yaln\u0131zca Orta\u00e7a\u011f\u2019daki etkilerini de\u011fil, 21. yu\u0308zy\u0131lda nas\u0131l modern \u015fiddet bi\u00e7imlerinin temellerini att\u0131\u011f\u0131n\u0131 da analiz ederek, konuyu bugu\u0308n h\u00e2l\u00e2 ge\u00e7erli olan bir tart\u0131\u015fma alan\u0131na d\u00f6nu\u0308\u015ftu\u0308ren, ayn\u0131 zamanda akademik du\u0308nyada zaman i\u00e7inde geli\u015fen \u00f6nemli bir ara\u015ft\u0131rma alan\u0131n\u0131n kap\u0131lar\u0131n\u0131 aralayan bir ba\u015fyap\u0131t. Riley-Smith ve Throop\u2019un bu eseri, Ha\u00e7l\u0131 seferlerini kutsal sava\u015f\u0131n \u00f6tesinde, tu\u0308m Avrupa\u2019y\u0131 \u015fekillendiren bir hareket olarak sunuyor. Seferlerin yaln\u0131zca asker\u00ee \u00e7at\u0131\u015fmalarla s\u0131n\u0131rl\u0131 olmad\u0131\u011f\u0131n\u0131, ayn\u0131 zamanda din\u00ee, ku\u0308ltu\u0308rel ve siyasi bir fenomen olarak du\u0308nya tarihindeki ve gu\u0308nu\u0308mu\u0308zde devam eden etkisini de vurguluyor; tarih, toplumsal yap\u0131lar ve din\u00ee \u015fiddet aras\u0131ndaki derin ili\u015fkiyi inceliyor. Ha\u00e7l\u0131 seferlerinin bir yandan \u201chomojenle\u015ftirici\u201d, di\u011fer yandan \u201cpar\u00e7alay\u0131c\u0131\u201d bir gu\u0308\u00e7 olarak du\u0308nya \u00e7ap\u0131nda nas\u0131l etkiler yaratt\u0131\u011f\u0131n\u0131 g\u00f6zler \u00f6nu\u0308ne seriyor. Gu\u0308ncellenmi\u015f terminolojisi, geni\u015fletilmi\u015f b\u00f6lu\u0308mleri, pek \u00e7ok harita, \u00e7e\u015fitli kavramlar\u0131n ve ki\u015filerin anlat\u0131mlar\u0131n\u0131 ihtiva eden metin kutular\u0131 ve g\u00f6rsellerle dolu bu kitap hem \u00f6\u011frencilere ve ara\u015ft\u0131rmac\u0131lara d\u00f6nemin karma\u015f\u0131k tarihini daha anla\u015f\u0131l\u0131r k\u0131lmay\u0131 hedefliyor, hem de bin y\u0131l \u00f6nce ba\u015flayan bu sava\u015flar\u0131n tarih\u00ee ve ideolojik boyutlar\u0131n\u0131 ke\u015ffederken, etkilerinin gu\u0308nu\u0308mu\u0308ze kadar su\u0308rdu\u0308\u011fu\u0308nu\u0308 ve bir hareket olarak hi\u00e7 durmad\u0131\u011f\u0131n\u0131; farkl\u0131 d\u00f6nemlerde, farkl\u0131 co\u011frafyalarda nas\u0131l evrildi\u011fini ve modern du\u0308nyada h\u00e2l\u00e2 nas\u0131l kullan\u0131ld\u0131\u011f\u0131n\u0131 g\u00f6stererek meseleye yeni bir a\u00e7\u0131dan bakma imk\u00e2n\u0131 sunuyor. \u201cGe\u00e7 d\u00f6nem Orta\u00e7a\u011f hu\u0308manistlerinin, Ha\u00e7l\u0131 seferlerini meden\u00ee Avrupal\u0131lar ile barbar Osmanl\u0131lar aras\u0131ndaki bir \u00e7at\u0131\u015fma olarak g\u00f6ren anlay\u0131\u015f\u0131, zamanla d\u00f6nu\u0308\u015ferek, Ha\u00e7l\u0131 Seferleri\u2019nin asl\u0131nda tu\u0308m taraflar i\u00e7in \u2018medeniyetin ilerlemesine\u2019 hizmet etti\u011fi fikrine evrilmi\u015ftir.\u201d <\/p>\n","protected":false},"excerpt":{"rendered":"<p>Ha\u00e7l\u0131 seferleri tarihine dair \u00e7al\u0131\u015fmalar\u0131yla tan\u0131nan \u0130ngiliz tarih\u00e7i Jonathan Riley-Smith\u2019in (1938-2016) klasikle\u015fmi\u015f eseri Ha\u00e7l\u0131 Seferleri, Susanna A. Throop\u2019un katk\u0131lar\u0131yla yepyeni ve gu\u0308ncel bir tart\u0131\u015fma alan\u0131na davet<span class=\"excerpt-hellip\"> [\u2026]<\/span><\/p>\n","protected":false},"featured_media":0,"template":"","meta":{"_monsterinsights_skip_tracking":false,"_monsterinsights_sitenote_active":false,"_monsterinsights_sitenote_note":"","_monsterinsights_sitenote_category":0},"product_brand":[],"product_cat":[12304],"product_tag":[],"class_list":{"0":"post-772000","1":"product","2":"type-product","3":"status-publish","5":"product_cat-tarih","6":"pa_cilt-ciltli","7":"pa_tur-kitap","8":"pa_yayinevi-ketebe-yayinlari","9":"pa_yazar-jonathan-riley-smith-susanna-a-throop","11":"first","12":"instock","13":"sale","14":"shipping-taxable","15":"purchasable","16":"product-type-simple"},"_links":{"self":[{"href":"https:\/\/roveyayinevi.com.tr\/index.php\/wp-json\/wp\/v2\/product\/772000","targetHints":{"allow":["GET"]}}],"collection":[{"href":"https:\/\/roveyayinevi.com.tr\/index.php\/wp-json\/wp\/v2\/product"}],"about":[{"href":"https:\/\/roveyayinevi.com.tr\/index.php\/wp-json\/wp\/v2\/types\/product"}],"wp:attachment":[{"href":"https:\/\/roveyayinevi.com.tr\/index.php\/wp-json\/wp\/v2\/media?parent=772000"}],"wp:term":[{"taxonomy":"product_brand","embeddable":true,"href":"https:\/\/roveyayinevi.com.tr\/index.php\/wp-json\/wp\/v2\/product_brand?post=772000"},{"taxonomy":"product_cat","embeddable":true,"href":"https:\/\/roveyayinevi.com.tr\/index.php\/wp-json\/wp\/v2\/product_cat?post=772000"},{"taxonomy":"product_tag","embeddable":true,"href":"https:\/\/roveyayinevi.com.tr\/index.php\/wp-json\/wp\/v2\/product_tag?post=772000"}],"curies":[{"name":"wp","href":"https:\/\/api.w.org\/{rel}","templated":true}]}}