{"id":771999,"date":"2025-08-28T15:25:08","date_gmt":"2025-08-28T12:25:08","guid":{"rendered":"https:\/\/roveyayinevi.com.tr\/index.php\/urun\/aklin-tutulmasi-ve-geri-donusu\/"},"modified":"2026-04-15T03:38:20","modified_gmt":"2026-04-15T00:38:20","slug":"aklin-tutulmasi-ve-geri-donusu","status":"publish","type":"product","link":"https:\/\/roveyayinevi.com.tr\/index.php\/urun\/aklin-tutulmasi-ve-geri-donusu\/","title":{"rendered":"Akl\u0131n Tutulmas\u0131 ve Geri D\u00f6n\u00fc\u015f\u00fc"},"content":{"rendered":"<p>Martin Jay, bu kitab\u0131nda, iki bin y\u0131ll\u0131k d\u00fc\u015f\u00fcnce tarihi boyunca \u201cak\u0131l\u201d kavram\u0131 etraf\u0131nda d\u00f6nen tart\u0131\u015fmalara, kavram\u0131n i\u00e7 i\u00e7e ge\u00e7-seler de birbiriyle tam olarak uyu\u015fmayan anlamlar\u0131na ve akl\u0131n krize girdi\u011fi, ele\u015ftirildi\u011fi, savunuldu\u011fu d\u00f6nemlere odaklan\u0131yor. Antik Yunanlardan Kant, Hegel ve Marx\u2019a uzanan Bat\u0131l\u0131 kanonun konuya de\u011fgin yakla\u015f\u0131mlar\u0131n\u0131 serimleyen yazar, akl\u0131n u\u011frad\u0131\u011f\u0131 tutulman\u0131n ard\u0131ndan Frankfurt Okulu\u2019nun \u00f6nde gelen kuramc\u0131lar\u0131n\u0131n\u2014Horkheimer, Marcuse, Adorno ve \u00f6zel-likle Habermas\u2019\u0131n\u2014hayata ge\u00e7irilebilir bir ak\u0131l kavram\u0131n\u0131 ayakta tutma aray\u0131\u015flar\u0131n\u0131 etrafl\u0131ca ele al\u0131yor. Bu okulun ilk ku\u015fak kuramc\u0131lar\u0131, modern d\u00fcnyada akl\u0131n zay\u0131flamas\u0131 ve salt ara\u00e7sal bir rasyonelli\u011fe d\u00f6n\u00fc\u015fmesi kar\u015f\u0131s\u0131nda umutsuzlu\u011fa kap\u0131lm\u0131\u015f-lard\u0131r: Ak\u0131l g\u00fcndelik ya\u015famda \u00f6nemli bir yere sahip olan de\u011ferlerden ve normlardan koparak bir hesaplama tekni\u011fine d\u00f6n\u00fc\u015ft\u00fck\u00e7e, al\u0131nan kararlarda titiz bir d\u00fc\u015f\u00fcnme etkinli\u011fi de\u011fil duygular ve arzular belirleyici olmaktad\u0131r\u2014yirminci y\u00fczy\u0131lda fa\u015fist hareketlerin benimsedi\u011fi bir d\u00fc\u015f\u00fcnme bi\u00e7imidir bu. Ayn\u0131 anda hem felsefi bir kavram, hem bir ele\u015ftiri zemini, hem de insan \u00f6zg\u00fcrle\u015fiminin bir normu olarak savunula-bilecek daha sa\u011fl\u0131kl\u0131 bir ak\u0131l d\u00fc\u015f\u00fcncesi tasavvur edilebilir mi? Martin Jay, ikinci ku\u015fak Frankfurt Okulu kuramc\u0131s\u0131 Habermas\u2019\u0131n bu soruya cevap olarak \u00f6nerdi\u011fi ileti\u015fimsel rasyonellik kavra-m\u0131n\u0131 inceliyor, d\u00fc\u015f\u00fcn\u00fcr\u00fcn konuyla ilgili \u00e7al\u0131\u015fmalar\u0131na y\u00f6nelik olumlu ve olumsuz g\u00f6r\u00fc\u015fleri ayr\u0131nt\u0131l\u0131 bir bi\u00e7imde tart\u0131\u015f\u0131yor Bilimsel Y\u00f6ntemin \u0130zinde, her anlamda e\u015fi benzeri olmayan bir ders kitab\u0131. <\/p>\n","protected":false},"excerpt":{"rendered":"<p>Martin Jay, bu kitab\u0131nda, iki bin y\u0131ll\u0131k d\u00fc\u015f\u00fcnce tarihi boyunca \u201cak\u0131l\u201d kavram\u0131 etraf\u0131nda d\u00f6nen tart\u0131\u015fmalara, kavram\u0131n i\u00e7 i\u00e7e ge\u00e7-seler de birbiriyle tam olarak uyu\u015fmayan anlamlar\u0131na ve<span class=\"excerpt-hellip\"> [\u2026]<\/span><\/p>\n","protected":false},"featured_media":0,"template":"","meta":{"_monsterinsights_skip_tracking":false,"_monsterinsights_sitenote_active":false,"_monsterinsights_sitenote_note":"","_monsterinsights_sitenote_category":0},"product_brand":[],"product_cat":[12388,13555],"product_tag":[],"class_list":{"0":"post-771999","1":"product","2":"type-product","3":"status-publish","5":"product_cat-felsefe","6":"product_cat-genel-felsefe","7":"pa_cilt-ciltsiz","8":"pa_tur-kitap","9":"pa_yayinevi-dipnot-yayinlari","10":"pa_yazar-martin-jay","12":"first","13":"instock","14":"sale","15":"shipping-taxable","16":"purchasable","17":"product-type-simple"},"_links":{"self":[{"href":"https:\/\/roveyayinevi.com.tr\/index.php\/wp-json\/wp\/v2\/product\/771999","targetHints":{"allow":["GET"]}}],"collection":[{"href":"https:\/\/roveyayinevi.com.tr\/index.php\/wp-json\/wp\/v2\/product"}],"about":[{"href":"https:\/\/roveyayinevi.com.tr\/index.php\/wp-json\/wp\/v2\/types\/product"}],"wp:attachment":[{"href":"https:\/\/roveyayinevi.com.tr\/index.php\/wp-json\/wp\/v2\/media?parent=771999"}],"wp:term":[{"taxonomy":"product_brand","embeddable":true,"href":"https:\/\/roveyayinevi.com.tr\/index.php\/wp-json\/wp\/v2\/product_brand?post=771999"},{"taxonomy":"product_cat","embeddable":true,"href":"https:\/\/roveyayinevi.com.tr\/index.php\/wp-json\/wp\/v2\/product_cat?post=771999"},{"taxonomy":"product_tag","embeddable":true,"href":"https:\/\/roveyayinevi.com.tr\/index.php\/wp-json\/wp\/v2\/product_tag?post=771999"}],"curies":[{"name":"wp","href":"https:\/\/api.w.org\/{rel}","templated":true}]}}