{"id":771997,"date":"2025-08-28T15:25:03","date_gmt":"2025-08-28T12:25:03","guid":{"rendered":"https:\/\/roveyayinevi.com.tr\/index.php\/urun\/devrim-cicegi\/"},"modified":"2026-04-08T03:34:35","modified_gmt":"2026-04-08T00:34:35","slug":"devrim-cicegi","status":"publish","type":"product","link":"https:\/\/roveyayinevi.com.tr\/index.php\/urun\/devrim-cicegi\/","title":{"rendered":"Devrim \u00c7i\u00e7e\u011fi"},"content":{"rendered":"<p>Bazen bir kad\u0131n, bir \u00f6mre s\u0131\u011fmayacak kadar \u00e7ok hayat ya\u015far&#8230;Bazen bir \u00e7ocuk, ait oldu\u011fu yerin ad\u0131n\u0131 hi\u00e7bir zaman tam koyamaz&#8230;Ve bazen, bir \u00e7i\u00e7ek en sert topraklarda a\u00e7ar, ad\u0131 devrim olur.Canan Gerede, k\u00f6klerini saraylardan, diplomat sofralar\u0131ndan, yasakl\u0131 a\u015fk hik\u00e2yelerinden alan; ruhunu ise r\u00fcyalar, filmler, kitaplar ve yaln\u0131zl\u0131klar i\u00e7inde b\u00fcy\u00fcten bir kad\u0131n.Devrim \u00c7i\u00e7e\u011fi, onun kalbinden s\u00fcz\u00fclen bir ya\u015fam itiraf\u0131. S\u0131n\u0131r tan\u0131mayan bir ruhun, k\u0131talar\u0131 a\u015fan, kimliklere s\u0131\u011fmayan bir ya\u015fam\u0131n, kadim bir belle\u011fin ve yarat\u0131c\u0131 bir zihnin izlerini ta\u015f\u0131yan bir hayat&#8230;\u00c7ocuklu\u011funda izledi\u011fi bir r\u00fcyada g\u00f6rd\u00fc\u011f\u00fc tren, onu k\u0131talar aras\u0131nda ta\u015f\u0131yor; Taipei\u2019de, Atina\u2019da, New York\u2019ta, \u0130stanbul\u2019da par\u00e7alanan bir benlik yeniden \u015fekilleniyor. Her kopu\u015f, her a\u015fk, her kay\u0131p, her aray\u0131\u015f&#8230; bir \u00e7i\u00e7e\u011fe d\u00f6n\u00fc\u015f\u00fcyor.Bu kitapta sadece bir kad\u0131n\u0131n de\u011fil, ayn\u0131 zamanda kad\u0131nl\u0131\u011f\u0131n, belle\u011fin, sanat\u0131n ve \u00f6zg\u00fcrl\u00fck aray\u0131\u015f\u0131n\u0131n izlerini bulacaks\u0131n\u0131z. Her sayfa, bir \u00e7i\u00e7ek gibi a\u00e7\u0131yor ge\u00e7mi\u015fin topraklar\u0131nda&#8230;Ve o \u00e7i\u00e7e\u011fin ad\u0131, Canan.<\/p>\n","protected":false},"excerpt":{"rendered":"<p>Bazen bir kad\u0131n, bir \u00f6mre s\u0131\u011fmayacak kadar \u00e7ok hayat ya\u015far&#8230;Bazen bir \u00e7ocuk, ait oldu\u011fu yerin ad\u0131n\u0131 hi\u00e7bir zaman tam koyamaz&#8230;Ve bazen, bir \u00e7i\u00e7ek en sert topraklarda<span class=\"excerpt-hellip\"> [\u2026]<\/span><\/p>\n","protected":false},"featured_media":0,"template":"","meta":{"_monsterinsights_skip_tracking":false,"_monsterinsights_sitenote_active":false,"_monsterinsights_sitenote_note":"","_monsterinsights_sitenote_category":0},"product_brand":[],"product_cat":[12291,12711],"product_tag":[],"class_list":{"0":"post-771997","1":"product","2":"type-product","3":"status-publish","5":"product_cat-edebiyat","6":"product_cat-roman-oyku","7":"pa_cilt-ciltsiz","8":"pa_tur-kitap","9":"pa_yayinevi-kirmizi-kedi-yayinevi","10":"pa_yazar-canan-gerede","12":"first","13":"instock","14":"sale","15":"shipping-taxable","16":"purchasable","17":"product-type-simple"},"_links":{"self":[{"href":"https:\/\/roveyayinevi.com.tr\/index.php\/wp-json\/wp\/v2\/product\/771997","targetHints":{"allow":["GET"]}}],"collection":[{"href":"https:\/\/roveyayinevi.com.tr\/index.php\/wp-json\/wp\/v2\/product"}],"about":[{"href":"https:\/\/roveyayinevi.com.tr\/index.php\/wp-json\/wp\/v2\/types\/product"}],"wp:attachment":[{"href":"https:\/\/roveyayinevi.com.tr\/index.php\/wp-json\/wp\/v2\/media?parent=771997"}],"wp:term":[{"taxonomy":"product_brand","embeddable":true,"href":"https:\/\/roveyayinevi.com.tr\/index.php\/wp-json\/wp\/v2\/product_brand?post=771997"},{"taxonomy":"product_cat","embeddable":true,"href":"https:\/\/roveyayinevi.com.tr\/index.php\/wp-json\/wp\/v2\/product_cat?post=771997"},{"taxonomy":"product_tag","embeddable":true,"href":"https:\/\/roveyayinevi.com.tr\/index.php\/wp-json\/wp\/v2\/product_tag?post=771997"}],"curies":[{"name":"wp","href":"https:\/\/api.w.org\/{rel}","templated":true}]}}