{"id":771996,"date":"2025-08-28T15:25:01","date_gmt":"2025-08-28T12:25:01","guid":{"rendered":"https:\/\/roveyayinevi.com.tr\/index.php\/urun\/ilham-verenler-5-martin-luther-king-jr\/"},"modified":"2026-04-15T03:38:20","modified_gmt":"2026-04-15T00:38:20","slug":"ilham-verenler-5-martin-luther-king-jr","status":"publish","type":"product","link":"https:\/\/roveyayinevi.com.tr\/index.php\/urun\/ilham-verenler-5-martin-luther-king-jr\/","title":{"rendered":"\u0130lham Verenler-5 Martin Luther King Jr."},"content":{"rendered":"<p>MART\u0130N Luther King Jr. 1920\u2019lerde \u0131rk\u00e7\u0131l\u0131\u011f\u0131n Amerika\u2019da en \u00e7ok hissedildi\u011fi y\u0131llarda d\u00fcnyaya geldi. Siyahi olman\u0131n ne demek oldu\u011funu hen\u00fcz alt\u0131 ya\u015f\u0131ndayken arkada\u015f\u0131n\u0131n ona; \u201cArt\u0131k senle oynayamam sen bir zencisin!\u201d demesiyle ac\u0131 bir \u015fekilde \u00f6\u011frendi. O gece k\u0131r\u0131k ve yorgun bir kalple uykuya dald\u0131\u011f\u0131nda siyah-beyaz t\u00fcm \u00e7ocuklar\u0131n el ele tutu\u015fup ne\u015fe ile oynad\u0131\u011f\u0131 \u00e7ok g\u00fczel bir r\u00fcya g\u00f6rd\u00fc. \u00d6mr\u00fc boyunca bu r\u00fcyan\u0131n pe\u015finden gitti ve \u0131rk\u00e7\u0131l\u0131k denen illetle b\u00fcy\u00fck bir m\u00fccadeleye girdi. B\u00f6ylece tarihin ak\u0131\u015f\u0131n\u0131 de\u011fi\u015ftiren nadir insanlardan biri haline geldi ve etkileyici hik\u00e2yesiyle milyonlarca ki\u015fiye ilham verdi. R\u00fcyalar\u0131n ve hayallerin nas\u0131l ger\u00e7e\u011fe d\u00f6n\u00fc\u015ft\u00fc\u011f\u00fcn\u00fc merak edenler, bu kitap tam size g\u00f6re! <\/p>\n","protected":false},"excerpt":{"rendered":"<p>MART\u0130N Luther King Jr. 1920\u2019lerde \u0131rk\u00e7\u0131l\u0131\u011f\u0131n Amerika\u2019da en \u00e7ok hissedildi\u011fi y\u0131llarda d\u00fcnyaya geldi. Siyahi olman\u0131n ne demek oldu\u011funu hen\u00fcz alt\u0131 ya\u015f\u0131ndayken arkada\u015f\u0131n\u0131n ona; \u201cArt\u0131k senle oynayamam<span class=\"excerpt-hellip\"> [\u2026]<\/span><\/p>\n","protected":false},"featured_media":0,"template":"","meta":{"_monsterinsights_skip_tracking":false,"_monsterinsights_sitenote_active":false,"_monsterinsights_sitenote_note":"","_monsterinsights_sitenote_category":0},"product_brand":[],"product_cat":[12291,12711],"product_tag":[],"class_list":{"0":"post-771996","1":"product","2":"type-product","3":"status-publish","5":"product_cat-edebiyat","6":"product_cat-roman-oyku","7":"pa_cilt-ciltsiz","8":"pa_tur-kitap","9":"pa_yayinevi-ugurbocegi-yayinlari","10":"pa_yazar-sevgi-basman","12":"first","13":"instock","14":"sale","15":"shipping-taxable","16":"purchasable","17":"product-type-simple"},"_links":{"self":[{"href":"https:\/\/roveyayinevi.com.tr\/index.php\/wp-json\/wp\/v2\/product\/771996","targetHints":{"allow":["GET"]}}],"collection":[{"href":"https:\/\/roveyayinevi.com.tr\/index.php\/wp-json\/wp\/v2\/product"}],"about":[{"href":"https:\/\/roveyayinevi.com.tr\/index.php\/wp-json\/wp\/v2\/types\/product"}],"wp:attachment":[{"href":"https:\/\/roveyayinevi.com.tr\/index.php\/wp-json\/wp\/v2\/media?parent=771996"}],"wp:term":[{"taxonomy":"product_brand","embeddable":true,"href":"https:\/\/roveyayinevi.com.tr\/index.php\/wp-json\/wp\/v2\/product_brand?post=771996"},{"taxonomy":"product_cat","embeddable":true,"href":"https:\/\/roveyayinevi.com.tr\/index.php\/wp-json\/wp\/v2\/product_cat?post=771996"},{"taxonomy":"product_tag","embeddable":true,"href":"https:\/\/roveyayinevi.com.tr\/index.php\/wp-json\/wp\/v2\/product_tag?post=771996"}],"curies":[{"name":"wp","href":"https:\/\/api.w.org\/{rel}","templated":true}]}}