{"id":771995,"date":"2025-08-28T15:24:59","date_gmt":"2025-08-28T12:24:59","guid":{"rendered":"https:\/\/roveyayinevi.com.tr\/index.php\/urun\/kaybedilenin-golgesi\/"},"modified":"2026-04-15T03:38:20","modified_gmt":"2026-04-15T00:38:20","slug":"kaybedilenin-golgesi","status":"publish","type":"product","link":"https:\/\/roveyayinevi.com.tr\/index.php\/urun\/kaybedilenin-golgesi\/","title":{"rendered":"Kaybedilenin G\u00f6lgesi"},"content":{"rendered":"<p>\u201cBa\u015flang\u0131\u00e7 i\u00e7in e\u015fine az rastlan\u0131r kalitede bir hik\u00e2ye\u2026 Robert Jordan ve Brandon Sanderson hayranlar\u0131n\u0131n takdirini kazanacak bir yap\u0131t.\u201d GUARDIAN   KADER \u00c7A\u011eIRDI\u011eINDA YEN\u0130 B\u0130R SER\u00dcVEN BA\u015eLAR   Kahinlerin sava\u015f\u0131 kaybedip k\u0131y\u0131ma u\u011framas\u0131n\u0131n \u00fczerinden yirmi y\u0131l ge\u00e7ti. \u015eimdi geriye sadece bir zamanlar onlara hizmet eden ve D\u00f6rt \u0130lke\u2019yi kabul ederek g\u00fc\u00e7lerini dizginleyen Yetkililer kald\u0131. Yetenekli gen\u00e7 Davian, hen\u00fcz kendisi do\u011fmadan \u00f6nce kaybedilmi\u015f bir sava\u015f\u0131n sonu\u00e7lar\u0131na katlanmak zorundad\u0131r. Di\u011fer t\u00fcm Yetenekliler gibi \u00f6m\u00fcr boyunca d\u0131\u015flanm\u0131\u015f ve hor g\u00f6r\u00fclm\u00fc\u015ft\u00fcr. Ancak Davian, yasaklanan Kahin g\u00fc\u00e7lerini kullanabildi\u011fini fark etti\u011finde, her \u015feyi de\u011fi\u015ftirecek bir olaylar zincirin de harekete ge\u00e7irmi\u015f olur. Bat\u0131da kaderi Davian\u2019\u0131nkiyle i\u00e7 i\u00e7e ge\u00e7mi\u015f gen\u00e7 bir adam, ormanda kanlar i\u00e7inde uyan\u0131r ve kim oldu\u011funu hat\u0131rlayamaz.   Uzak kuzey topraklar\u0131nda ise uzun zaman \u00f6nce alt edildi\u011fi d\u00fc\u015f\u00fcn\u00fclen kadim bir d\u00fc\u015fman yeniden k\u0131p\u0131rdanmaya ba\u015flar\u2026 <\/p>\n","protected":false},"excerpt":{"rendered":"<p>\u201cBa\u015flang\u0131\u00e7 i\u00e7in e\u015fine az rastlan\u0131r kalitede bir hik\u00e2ye\u2026 Robert Jordan ve Brandon Sanderson hayranlar\u0131n\u0131n takdirini kazanacak bir yap\u0131t.\u201d GUARDIAN KADER \u00c7A\u011eIRDI\u011eINDA YEN\u0130 B\u0130R SER\u00dcVEN BA\u015eLAR Kahinlerin<span class=\"excerpt-hellip\"> [\u2026]<\/span><\/p>\n","protected":false},"featured_media":0,"template":"","meta":{"_monsterinsights_skip_tracking":false,"_monsterinsights_sitenote_active":false,"_monsterinsights_sitenote_note":"","_monsterinsights_sitenote_category":0},"product_brand":[],"product_cat":[12291,14777],"product_tag":[],"class_list":{"0":"post-771995","1":"product","2":"type-product","3":"status-publish","5":"product_cat-edebiyat","6":"product_cat-fantastik","7":"pa_cilt-ciltsiz","8":"pa_tur-kitap","9":"pa_yayinevi-akil-celen-kitaplar","10":"pa_yazar-james-islington","12":"first","13":"instock","14":"sale","15":"shipping-taxable","16":"purchasable","17":"product-type-simple"},"_links":{"self":[{"href":"https:\/\/roveyayinevi.com.tr\/index.php\/wp-json\/wp\/v2\/product\/771995","targetHints":{"allow":["GET"]}}],"collection":[{"href":"https:\/\/roveyayinevi.com.tr\/index.php\/wp-json\/wp\/v2\/product"}],"about":[{"href":"https:\/\/roveyayinevi.com.tr\/index.php\/wp-json\/wp\/v2\/types\/product"}],"wp:attachment":[{"href":"https:\/\/roveyayinevi.com.tr\/index.php\/wp-json\/wp\/v2\/media?parent=771995"}],"wp:term":[{"taxonomy":"product_brand","embeddable":true,"href":"https:\/\/roveyayinevi.com.tr\/index.php\/wp-json\/wp\/v2\/product_brand?post=771995"},{"taxonomy":"product_cat","embeddable":true,"href":"https:\/\/roveyayinevi.com.tr\/index.php\/wp-json\/wp\/v2\/product_cat?post=771995"},{"taxonomy":"product_tag","embeddable":true,"href":"https:\/\/roveyayinevi.com.tr\/index.php\/wp-json\/wp\/v2\/product_tag?post=771995"}],"curies":[{"name":"wp","href":"https:\/\/api.w.org\/{rel}","templated":true}]}}