{"id":771993,"date":"2025-08-28T15:24:55","date_gmt":"2025-08-28T12:24:55","guid":{"rendered":"https:\/\/roveyayinevi.com.tr\/index.php\/urun\/ilerleme-yanilsamalari\/"},"modified":"2026-04-15T03:38:20","modified_gmt":"2026-04-15T00:38:20","slug":"ilerleme-yanilsamalari","status":"publish","type":"product","link":"https:\/\/roveyayinevi.com.tr\/index.php\/urun\/ilerleme-yanilsamalari\/","title":{"rendered":"\u0130lerleme Yan\u0131lsamalar\u0131"},"content":{"rendered":"<p>\u0130lerleme fikri, modern d\u00fc\u015f\u00fcncenin temel ta\u015flar\u0131ndan biri olarak kabul edilirken, Georges Sorel, \u0130lerleme Yan\u0131lsamalar\u0131 adl\u0131 eserinde bu kutsal inanc\u0131n ard\u0131ndaki yan\u0131lsamalar\u0131 sorguluyor. 20. y\u00fczy\u0131l\u0131n ba\u015flar\u0131nda yaz\u0131lm\u0131\u015f bu eser, toplumsal de\u011fi\u015fim ve tarihsel geli\u015fim anlay\u0131\u015flar\u0131m\u0131z\u0131 derinlemesine inceler. Sorel, &#8220;ilerleme&#8221; kavram\u0131n\u0131, insanlar\u0131n reel ve ideal d\u00fcnyalar\u0131ndaki s\u00fcrekli \u00e7at\u0131\u015fmalar\u0131n bir \u00fcr\u00fcn\u00fc olarak ele al\u0131r ve bu inanc\u0131n, bireysel ve toplumsal d\u00fczeyde nas\u0131l bir yan\u0131lg\u0131 do\u011furdu\u011funu ortaya koyar. Sorel&#8217;in cesur d\u00fc\u015f\u00fcnceleri, insan\u0131n toplumsal yap\u0131lar\u0131 d\u00f6n\u00fc\u015ft\u00fcrme arzusunun ne denli s\u0131n\u0131rl\u0131 oldu\u011funu ve bu \u00e7aban\u0131n \u00e7o\u011fu zaman nas\u0131l da hayal k\u0131r\u0131kl\u0131klar\u0131yla sonu\u00e7land\u0131\u011f\u0131n\u0131 g\u00f6sterir. Onun bak\u0131\u015f a\u00e7\u0131s\u0131, geleneksel ideolojilerin \u00f6tesine ge\u00e7erek, tarihsel s\u00fcrecin daha \u00e7ok toplumsal eylem ve m\u00fccadeleler \u00fczerine \u015fekillendi\u011fini savunur. \u0130lerleme d\u00fc\u015f\u00fcncesinin, insanl\u0131\u011f\u0131n ger\u00e7ek potansiyelini ve \u00f6zg\u00fcrl\u00fc\u011f\u00fcn\u00fc nas\u0131l engelledi\u011fini anlamak i\u00e7in Sorel&#8217;in ele\u015ftirel bak\u0131\u015f a\u00e7\u0131s\u0131, bug\u00fcn bile fazlas\u0131yla g\u00fcnceldir. \u0130lerleme Yan\u0131lsamalar\u0131, hem toplumsal teorinin hem de felsefi d\u00fc\u015f\u00fcncenin s\u0131n\u0131rlar\u0131n\u0131 zorlayan bir metin olarak, ilerleme fikrini yeniden sorgulayanlar i\u00e7in bir ba\u015fvuru kayna\u011f\u0131 olacakt\u0131r.<\/p>\n","protected":false},"excerpt":{"rendered":"<p>\u0130lerleme fikri, modern d\u00fc\u015f\u00fcncenin temel ta\u015flar\u0131ndan biri olarak kabul edilirken, Georges Sorel, \u0130lerleme Yan\u0131lsamalar\u0131 adl\u0131 eserinde bu kutsal inanc\u0131n ard\u0131ndaki yan\u0131lsamalar\u0131 sorguluyor. 20. y\u00fczy\u0131l\u0131n ba\u015flar\u0131nda yaz\u0131lm\u0131\u015f<span class=\"excerpt-hellip\"> [\u2026]<\/span><\/p>\n","protected":false},"featured_media":0,"template":"","meta":{"_monsterinsights_skip_tracking":false,"_monsterinsights_sitenote_active":false,"_monsterinsights_sitenote_note":"","_monsterinsights_sitenote_category":0},"product_brand":[],"product_cat":[20351,12388],"product_tag":[],"class_list":{"0":"post-771993","1":"product","2":"type-product","3":"status-publish","5":"product_cat-dusunce","6":"product_cat-felsefe","7":"pa_cilt-ciltsiz","8":"pa_tur-kitap","9":"pa_yayinevi-pinhan-yayincilik","10":"pa_yazar-georges-sorel","12":"first","13":"instock","14":"sale","15":"shipping-taxable","16":"purchasable","17":"product-type-simple"},"_links":{"self":[{"href":"https:\/\/roveyayinevi.com.tr\/index.php\/wp-json\/wp\/v2\/product\/771993","targetHints":{"allow":["GET"]}}],"collection":[{"href":"https:\/\/roveyayinevi.com.tr\/index.php\/wp-json\/wp\/v2\/product"}],"about":[{"href":"https:\/\/roveyayinevi.com.tr\/index.php\/wp-json\/wp\/v2\/types\/product"}],"wp:attachment":[{"href":"https:\/\/roveyayinevi.com.tr\/index.php\/wp-json\/wp\/v2\/media?parent=771993"}],"wp:term":[{"taxonomy":"product_brand","embeddable":true,"href":"https:\/\/roveyayinevi.com.tr\/index.php\/wp-json\/wp\/v2\/product_brand?post=771993"},{"taxonomy":"product_cat","embeddable":true,"href":"https:\/\/roveyayinevi.com.tr\/index.php\/wp-json\/wp\/v2\/product_cat?post=771993"},{"taxonomy":"product_tag","embeddable":true,"href":"https:\/\/roveyayinevi.com.tr\/index.php\/wp-json\/wp\/v2\/product_tag?post=771993"}],"curies":[{"name":"wp","href":"https:\/\/api.w.org\/{rel}","templated":true}]}}