{"id":771989,"date":"2025-08-28T15:24:47","date_gmt":"2025-08-28T12:24:47","guid":{"rendered":"https:\/\/roveyayinevi.com.tr\/index.php\/urun\/kaiju-no-8-8-nolu-canavar-5\/"},"modified":"2026-04-15T03:38:20","modified_gmt":"2026-04-15T00:38:20","slug":"kaiju-no-8-8-nolu-canavar-5","status":"publish","type":"product","link":"https:\/\/roveyayinevi.com.tr\/index.php\/urun\/kaiju-no-8-8-nolu-canavar-5\/","title":{"rendered":"Kaiju No: 8 &#8211; 8 No\u2019lu Canavar 5"},"content":{"rendered":"<p>Savunma Kuvvetleri Kafka Hibino&#8217;yu g\u00f6z alt\u0131na al\u0131r. Ama\u00e7lar\u0131 onu yok etmektir.  Kafka kendini kurtarmak i\u00e7in, 2 No&#8217;lu canavar silah\u0131n\u0131 elinde tutan ve Savunma Birli\u011fi tarihindeki en g\u00fc\u00e7l\u00fc ki\u015fi olarak an\u0131lan Ba\u015fkan \u015einomiya&#8217;y\u0131 h\u00e2l\u00e2 insan oldu\u011funa ikna etmeye \u00e7al\u0131\u015f\u0131r. Kafka&#8217;n\u0131n bu konudaki \u0131srar\u0131 ba\u015fkan\u0131 ikna etmeye yetmeyince, kendini onunla sava\u015f\u0131rken bulur. Kafka canavar formunu kendi can\u0131n\u0131 kurtaracak kadar uzun s\u00fcre koruyabilecek mi? Kendini disipline et, 5. Cilt!<\/p>\n","protected":false},"excerpt":{"rendered":"<p>Savunma Kuvvetleri Kafka Hibino&#8217;yu g\u00f6z alt\u0131na al\u0131r. Ama\u00e7lar\u0131 onu yok etmektir. Kafka kendini kurtarmak i\u00e7in, 2 No&#8217;lu canavar silah\u0131n\u0131 elinde tutan ve Savunma Birli\u011fi tarihindeki en<span class=\"excerpt-hellip\"> [\u2026]<\/span><\/p>\n","protected":false},"featured_media":0,"template":"","meta":{"_monsterinsights_skip_tracking":false,"_monsterinsights_sitenote_active":false,"_monsterinsights_sitenote_note":"","_monsterinsights_sitenote_category":0},"product_brand":[],"product_cat":[12416,12291],"product_tag":[],"class_list":{"0":"post-771989","1":"product","2":"type-product","3":"status-publish","5":"product_cat-cizgi-roman","6":"product_cat-edebiyat","7":"pa_cilt-ciltsiz","8":"pa_tur-kitap","9":"pa_yayinevi-kurukafa","10":"pa_yazar-naoya-matsumoto","12":"first","13":"instock","14":"sale","15":"shipping-taxable","16":"purchasable","17":"product-type-simple"},"_links":{"self":[{"href":"https:\/\/roveyayinevi.com.tr\/index.php\/wp-json\/wp\/v2\/product\/771989","targetHints":{"allow":["GET"]}}],"collection":[{"href":"https:\/\/roveyayinevi.com.tr\/index.php\/wp-json\/wp\/v2\/product"}],"about":[{"href":"https:\/\/roveyayinevi.com.tr\/index.php\/wp-json\/wp\/v2\/types\/product"}],"wp:attachment":[{"href":"https:\/\/roveyayinevi.com.tr\/index.php\/wp-json\/wp\/v2\/media?parent=771989"}],"wp:term":[{"taxonomy":"product_brand","embeddable":true,"href":"https:\/\/roveyayinevi.com.tr\/index.php\/wp-json\/wp\/v2\/product_brand?post=771989"},{"taxonomy":"product_cat","embeddable":true,"href":"https:\/\/roveyayinevi.com.tr\/index.php\/wp-json\/wp\/v2\/product_cat?post=771989"},{"taxonomy":"product_tag","embeddable":true,"href":"https:\/\/roveyayinevi.com.tr\/index.php\/wp-json\/wp\/v2\/product_tag?post=771989"}],"curies":[{"name":"wp","href":"https:\/\/api.w.org\/{rel}","templated":true}]}}