{"id":771986,"date":"2025-08-28T15:24:40","date_gmt":"2025-08-28T12:24:40","guid":{"rendered":"https:\/\/roveyayinevi.com.tr\/index.php\/urun\/one-punch-man-tek-yumruk-27\/"},"modified":"2026-04-15T03:38:20","modified_gmt":"2026-04-15T00:38:20","slug":"one-punch-man-tek-yumruk-27","status":"publish","type":"product","link":"https:\/\/roveyayinevi.com.tr\/index.php\/urun\/one-punch-man-tek-yumruk-27\/","title":{"rendered":"One-Punch Man &#8211; Tek Yumruk 27"},"content":{"rendered":"<p>Psykos, Canavarlar Kral\u0131 B\u00fcy\u00fck Y\u0131lan\u2019la bedenlerini birle\u015ftirerek muazzam bir g\u00fcce ula\u015f\u0131r. Bu yeni d\u00fc\u015fman, Kas\u0131rga\u2019y\u0131 ciddi anlamda zorlar. S\u00fcper Ala\u015f\u0131m Kara I\u015f\u0131k ise Garou ile sava\u015fmaktad\u0131r. Garou\u2019nun g\u00fcc\u00fc, Kara I\u015f\u0131k\u2019\u0131n i\u00e7inde b\u00fcy\u00fck bir korku hissi uyand\u0131r\u0131r. Bu s\u0131rada yer alt\u0131nda olu\u015fan bir g\u00f6\u00e7\u00fck, Saitama\u2019n\u0131n yolunu kapat\u0131r. <\/p>\n","protected":false},"excerpt":{"rendered":"<p>Psykos, Canavarlar Kral\u0131 B\u00fcy\u00fck Y\u0131lan\u2019la bedenlerini birle\u015ftirerek muazzam bir g\u00fcce ula\u015f\u0131r. Bu yeni d\u00fc\u015fman, Kas\u0131rga\u2019y\u0131 ciddi anlamda zorlar. S\u00fcper Ala\u015f\u0131m Kara I\u015f\u0131k ise Garou ile sava\u015fmaktad\u0131r.<span class=\"excerpt-hellip\"> [\u2026]<\/span><\/p>\n","protected":false},"featured_media":0,"template":"","meta":{"_monsterinsights_skip_tracking":false,"_monsterinsights_sitenote_active":false,"_monsterinsights_sitenote_note":"","_monsterinsights_sitenote_category":0},"product_brand":[],"product_cat":[12416,12291],"product_tag":[],"class_list":{"0":"post-771986","1":"product","2":"type-product","3":"status-publish","5":"product_cat-cizgi-roman","6":"product_cat-edebiyat","7":"pa_cilt-ciltsiz","8":"pa_tur-kitap","9":"pa_yayinevi-akil-celen-kitaplar","10":"pa_yazar-one","12":"first","13":"instock","14":"sale","15":"shipping-taxable","16":"purchasable","17":"product-type-simple"},"_links":{"self":[{"href":"https:\/\/roveyayinevi.com.tr\/index.php\/wp-json\/wp\/v2\/product\/771986","targetHints":{"allow":["GET"]}}],"collection":[{"href":"https:\/\/roveyayinevi.com.tr\/index.php\/wp-json\/wp\/v2\/product"}],"about":[{"href":"https:\/\/roveyayinevi.com.tr\/index.php\/wp-json\/wp\/v2\/types\/product"}],"wp:attachment":[{"href":"https:\/\/roveyayinevi.com.tr\/index.php\/wp-json\/wp\/v2\/media?parent=771986"}],"wp:term":[{"taxonomy":"product_brand","embeddable":true,"href":"https:\/\/roveyayinevi.com.tr\/index.php\/wp-json\/wp\/v2\/product_brand?post=771986"},{"taxonomy":"product_cat","embeddable":true,"href":"https:\/\/roveyayinevi.com.tr\/index.php\/wp-json\/wp\/v2\/product_cat?post=771986"},{"taxonomy":"product_tag","embeddable":true,"href":"https:\/\/roveyayinevi.com.tr\/index.php\/wp-json\/wp\/v2\/product_tag?post=771986"}],"curies":[{"name":"wp","href":"https:\/\/api.w.org\/{rel}","templated":true}]}}