{"id":771984,"date":"2025-08-28T15:24:35","date_gmt":"2025-08-28T12:24:35","guid":{"rendered":"https:\/\/roveyayinevi.com.tr\/index.php\/urun\/sakamoto-days-sakamoto-gunleri-3\/"},"modified":"2026-04-15T03:38:20","modified_gmt":"2026-04-15T00:38:20","slug":"sakamoto-days-sakamoto-gunleri-3","status":"publish","type":"product","link":"https:\/\/roveyayinevi.com.tr\/index.php\/urun\/sakamoto-days-sakamoto-gunleri-3\/","title":{"rendered":"Sakamoto Days  &#8211; Sakamoto G\u00fcnleri 3"},"content":{"rendered":"<p>Sakamoto ekibi, \u0130koraizaka \u00e7ar\u015f\u0131s\u0131nda d\u00fczenlenen 1 milyon yen \u00f6d\u00fcll\u00fc Airsoft m\u00fcsabakas\u0131na kat\u0131l\u0131r. Ancak Sakamoto\u2019nun can\u0131n\u0131n pe\u015fine d\u00fc\u015fm\u00fc\u015f birinci s\u0131n\u0131f ir aptal ile, yani keskin ni\u015fanc\u0131 Heisuke Ma\u015fimo ile tak\u0131m olurlar! \u015ein\u2019in b\u00fcy\u00fcd\u00fc\u011f\u00fc yer alt\u0131 \u00f6rg\u00fct\u00fcnden gelen birtak\u0131m k\u00f6t\u00fc adam ise Sakamoto Market\u2019in ba\u015f\u0131n\u0131 belaya sokmak \u00fczeredir.  <\/p>\n","protected":false},"excerpt":{"rendered":"<p>Sakamoto ekibi, \u0130koraizaka \u00e7ar\u015f\u0131s\u0131nda d\u00fczenlenen 1 milyon yen \u00f6d\u00fcll\u00fc Airsoft m\u00fcsabakas\u0131na kat\u0131l\u0131r. Ancak Sakamoto\u2019nun can\u0131n\u0131n pe\u015fine d\u00fc\u015fm\u00fc\u015f birinci s\u0131n\u0131f ir aptal ile, yani keskin ni\u015fanc\u0131 Heisuke<span class=\"excerpt-hellip\"> [\u2026]<\/span><\/p>\n","protected":false},"featured_media":0,"template":"","meta":{"_monsterinsights_skip_tracking":false,"_monsterinsights_sitenote_active":false,"_monsterinsights_sitenote_note":"","_monsterinsights_sitenote_category":0},"product_brand":[],"product_cat":[12416,12291],"product_tag":[],"class_list":{"0":"post-771984","1":"product","2":"type-product","3":"status-publish","5":"product_cat-cizgi-roman","6":"product_cat-edebiyat","7":"pa_cilt-ciltsiz","8":"pa_tur-kitap","9":"pa_yayinevi-kurukafa","10":"pa_yazar-yuto-suzuki","12":"first","13":"instock","14":"sale","15":"shipping-taxable","16":"purchasable","17":"product-type-simple"},"_links":{"self":[{"href":"https:\/\/roveyayinevi.com.tr\/index.php\/wp-json\/wp\/v2\/product\/771984","targetHints":{"allow":["GET"]}}],"collection":[{"href":"https:\/\/roveyayinevi.com.tr\/index.php\/wp-json\/wp\/v2\/product"}],"about":[{"href":"https:\/\/roveyayinevi.com.tr\/index.php\/wp-json\/wp\/v2\/types\/product"}],"wp:attachment":[{"href":"https:\/\/roveyayinevi.com.tr\/index.php\/wp-json\/wp\/v2\/media?parent=771984"}],"wp:term":[{"taxonomy":"product_brand","embeddable":true,"href":"https:\/\/roveyayinevi.com.tr\/index.php\/wp-json\/wp\/v2\/product_brand?post=771984"},{"taxonomy":"product_cat","embeddable":true,"href":"https:\/\/roveyayinevi.com.tr\/index.php\/wp-json\/wp\/v2\/product_cat?post=771984"},{"taxonomy":"product_tag","embeddable":true,"href":"https:\/\/roveyayinevi.com.tr\/index.php\/wp-json\/wp\/v2\/product_tag?post=771984"}],"curies":[{"name":"wp","href":"https:\/\/api.w.org\/{rel}","templated":true}]}}