{"id":771983,"date":"2025-08-28T15:24:34","date_gmt":"2025-08-28T12:24:34","guid":{"rendered":"https:\/\/roveyayinevi.com.tr\/index.php\/urun\/stoacilik-101\/"},"modified":"2026-04-15T03:38:20","modified_gmt":"2026-04-15T00:38:20","slug":"stoacilik-101","status":"publish","type":"product","link":"https:\/\/roveyayinevi.com.tr\/index.php\/urun\/stoacilik-101\/","title":{"rendered":"Stoac\u0131l\u0131k 101"},"content":{"rendered":"<p>Hayat, kontrol edemedi\u011fimiz zorluklar ve belirsizliklerle doludur. Peki, bu d\u00fcnyada huzur ve i\u00e7sel dengeyi nas\u0131l bulabiliriz? Stoac\u0131l\u0131k101,  Antik  Yunan felsefesinin bu g\u00fc\u00e7l\u00fc ve pratik \u00f6\u011fretisini modern d\u00fcnyada nas\u0131l uygulayabilece\u011finizi ke\u015ffetmenize   yard\u0131mc\u0131 oluyor. Epiktetos, Seneca ve MarcusAurelius\u2019un bilgelik dolu s\u00f6zlerinden ilham alarak, duygusal dengeyi nas\u0131l sa\u011flayaca\u011f\u0131n\u0131z\u0131, zorluklarla nas\u0131l ba\u015fa \u00e7\u0131kaca\u011f\u0131n\u0131z\u0131 ve ya\u015fam\u0131n kontrol\u00fcn\u00fc nas\u0131l elinizde tutaca\u011f\u0131n\u0131z\u0131 ad\u0131m ad\u0131m anlatan Stoac\u0131l\u0131k 101 her b\u00f6l\u00fcmde, Stoac\u0131l\u0131\u011f\u0131n temel ilkeleriyle tan\u0131\u015farak bunlar\u0131 g\u00fcnl\u00fck hayat\u0131n\u0131za nas\u0131l uygulayabilece\u011finizi \u00f6\u011fretiyor. \u0130ster ki\u015fisel geli\u015fim yolculu\u011funuzda yeni bir ba\u015flang\u0131\u00e7 yapmak,   ister var olan bilgilerinizi derinle\u015ftirmek isteyin;Stoac\u0131l\u0131k 101 size zaman\u0131n \u00f6tesine ge\u00e7en bir felsefenin \u0131\u015f\u0131\u011f\u0131nda g\u00fc\u00e7l\u00fc bir zihinsel dayan\u0131kl\u0131l\u0131k kazand\u0131racak. Siz de i\u00e7sel huzuru ve g\u00fc\u00e7l\u00fc bir ya\u015fam perspektifini ke\u015ffetmek i\u00e7in bu yolculu\u011fa \u00e7\u0131kmaya haz\u0131r m\u0131s\u0131n\u0131z? <\/p>\n","protected":false},"excerpt":{"rendered":"<p>Hayat, kontrol edemedi\u011fimiz zorluklar ve belirsizliklerle doludur. Peki, bu d\u00fcnyada huzur ve i\u00e7sel dengeyi nas\u0131l bulabiliriz? Stoac\u0131l\u0131k101, Antik Yunan felsefesinin bu g\u00fc\u00e7l\u00fc ve pratik \u00f6\u011fretisini modern<span class=\"excerpt-hellip\"> [\u2026]<\/span><\/p>\n","protected":false},"featured_media":0,"template":"","meta":{"_monsterinsights_skip_tracking":false,"_monsterinsights_sitenote_active":false,"_monsterinsights_sitenote_note":"","_monsterinsights_sitenote_category":0},"product_brand":[],"product_cat":[16038,12388],"product_tag":[],"class_list":{"0":"post-771983","1":"product","2":"type-product","3":"status-publish","5":"product_cat-arastirma-inceleme-referans-felsefe","6":"product_cat-felsefe","7":"pa_cilt-ciltsiz","8":"pa_tur-kitap","9":"pa_yayinevi-say-yayinlari","10":"pa_yazar-erick-cloward","12":"first","13":"instock","14":"sale","15":"shipping-taxable","16":"purchasable","17":"product-type-simple"},"_links":{"self":[{"href":"https:\/\/roveyayinevi.com.tr\/index.php\/wp-json\/wp\/v2\/product\/771983","targetHints":{"allow":["GET"]}}],"collection":[{"href":"https:\/\/roveyayinevi.com.tr\/index.php\/wp-json\/wp\/v2\/product"}],"about":[{"href":"https:\/\/roveyayinevi.com.tr\/index.php\/wp-json\/wp\/v2\/types\/product"}],"wp:attachment":[{"href":"https:\/\/roveyayinevi.com.tr\/index.php\/wp-json\/wp\/v2\/media?parent=771983"}],"wp:term":[{"taxonomy":"product_brand","embeddable":true,"href":"https:\/\/roveyayinevi.com.tr\/index.php\/wp-json\/wp\/v2\/product_brand?post=771983"},{"taxonomy":"product_cat","embeddable":true,"href":"https:\/\/roveyayinevi.com.tr\/index.php\/wp-json\/wp\/v2\/product_cat?post=771983"},{"taxonomy":"product_tag","embeddable":true,"href":"https:\/\/roveyayinevi.com.tr\/index.php\/wp-json\/wp\/v2\/product_tag?post=771983"}],"curies":[{"name":"wp","href":"https:\/\/api.w.org\/{rel}","templated":true}]}}