{"id":771982,"date":"2025-08-28T15:24:32","date_gmt":"2025-08-28T12:24:32","guid":{"rendered":"https:\/\/roveyayinevi.com.tr\/index.php\/urun\/cankurtaran-cocuklar-kutulu-5-kitap\/"},"modified":"2026-04-13T03:34:22","modified_gmt":"2026-04-13T00:34:22","slug":"cankurtaran-cocuklar-kutulu-5-kitap","status":"publish","type":"product","link":"https:\/\/roveyayinevi.com.tr\/index.php\/urun\/cankurtaran-cocuklar-kutulu-5-kitap\/","title":{"rendered":"Cankurtaran \u00c7ocuklar Kutulu 5 Kitap"},"content":{"rendered":"<p>Do\u011fal afetler, insanlar, hayvanlar, bitkiler ve \u00e7evre \u00fczerinde \u00f6nemli etkiler b\u0131rakan b\u00fcy\u00fck ve ani olaylard\u0131r. Bu olaylar\u0131 \u00f6nlememiz m\u00fcmk\u00fcn olmasa da onlara kar\u015f\u0131 haz\u0131rl\u0131kl\u0131 olabiliriz.D\u00f6rt samimi arkada\u015f, Cankurtaran \u00c7ocuklar size bir do\u011fal afetlerle kar\u015f\u0131la\u015ft\u0131\u011f\u0131n\u0131zda ba\u015fa \u00e7\u0131kman\u0131n yollar\u0131n\u0131 g\u00f6sterecek. Onlarla birlikte afet an\u0131nda ve sonras\u0131nda neler yap\u0131lmas\u0131n\u0131 gerekti\u011fini \u00f6\u011frenecek ve ekip \u00e7al\u0131\u015fmas\u0131n\u0131n \u00f6nemini fark edeceksiniz.Unutmay\u0131n, birlikte her zorlu\u011fun \u00fcstesinden gelebiliriz!\u00b7        Cankurtaran \u00c7ocuklar-\u015eiddetli Deprem\u00b7        Cankurtaran \u00c7ocuklar-Orman Yang\u0131n\u0131\u00b7        Cankurtaran \u00c7ocuklar-Sel Bask\u0131n\u0131\u00b7        Cankurtaran \u00c7ocuklar-Kar F\u0131rt\u0131nas\u0131\u00b7        Cankurtaran \u00c7ocuklar-Salg\u0131n G\u00fcnleri<\/p>\n","protected":false},"excerpt":{"rendered":"<p>Do\u011fal afetler, insanlar, hayvanlar, bitkiler ve \u00e7evre \u00fczerinde \u00f6nemli etkiler b\u0131rakan b\u00fcy\u00fck ve ani olaylard\u0131r. Bu olaylar\u0131 \u00f6nlememiz m\u00fcmk\u00fcn olmasa da onlara kar\u015f\u0131 haz\u0131rl\u0131kl\u0131 olabiliriz.D\u00f6rt samimi<span class=\"excerpt-hellip\"> [\u2026]<\/span><\/p>\n","protected":false},"featured_media":0,"template":"","meta":{"_monsterinsights_skip_tracking":false,"_monsterinsights_sitenote_active":false,"_monsterinsights_sitenote_note":"","_monsterinsights_sitenote_category":0},"product_brand":[],"product_cat":[12274],"product_tag":[],"class_list":{"0":"post-771982","1":"product","2":"type-product","3":"status-publish","5":"product_cat-cocuk-ve-genclik-kitaplari","6":"pa_cilt-ciltli","7":"pa_tur-kitap","8":"pa_yayinevi-acayip-kitaplar","9":"pa_yazar-gulhan-alisik","11":"first","12":"instock","13":"sale","14":"shipping-taxable","15":"purchasable","16":"product-type-simple"},"_links":{"self":[{"href":"https:\/\/roveyayinevi.com.tr\/index.php\/wp-json\/wp\/v2\/product\/771982","targetHints":{"allow":["GET"]}}],"collection":[{"href":"https:\/\/roveyayinevi.com.tr\/index.php\/wp-json\/wp\/v2\/product"}],"about":[{"href":"https:\/\/roveyayinevi.com.tr\/index.php\/wp-json\/wp\/v2\/types\/product"}],"wp:attachment":[{"href":"https:\/\/roveyayinevi.com.tr\/index.php\/wp-json\/wp\/v2\/media?parent=771982"}],"wp:term":[{"taxonomy":"product_brand","embeddable":true,"href":"https:\/\/roveyayinevi.com.tr\/index.php\/wp-json\/wp\/v2\/product_brand?post=771982"},{"taxonomy":"product_cat","embeddable":true,"href":"https:\/\/roveyayinevi.com.tr\/index.php\/wp-json\/wp\/v2\/product_cat?post=771982"},{"taxonomy":"product_tag","embeddable":true,"href":"https:\/\/roveyayinevi.com.tr\/index.php\/wp-json\/wp\/v2\/product_tag?post=771982"}],"curies":[{"name":"wp","href":"https:\/\/api.w.org\/{rel}","templated":true}]}}