{"id":771978,"date":"2025-08-28T15:24:24","date_gmt":"2025-08-28T12:24:24","guid":{"rendered":"https:\/\/roveyayinevi.com.tr\/index.php\/urun\/kabus-avcisikiyamet-savasi\/"},"modified":"2026-04-15T03:38:20","modified_gmt":"2026-04-15T00:38:20","slug":"kabus-avcisikiyamet-savasi","status":"publish","type":"product","link":"https:\/\/roveyayinevi.com.tr\/index.php\/urun\/kabus-avcisikiyamet-savasi\/","title":{"rendered":"Kabus Avc\u0131s\u0131;K\u0131yamet Sava\u015f\u0131"},"content":{"rendered":"<p>Kitap Tan\u0131t\u0131m Yaz\u0131s\u0131 :Thomas art\u0131k sadece kabuslarla de\u011fil, onu bekleyen sava\u015fla da y\u00fczle\u015fmek zorundad\u0131r. Bu sefer verece\u011fi k\u0131yamet sava\u015f\u0131 sadece Kabus D\u00fck\u00fc ve Kabus Avc\u0131lar\u0131\u2019n\u0131 de\u011fil, t\u00fcm insanl\u0131\u011f\u0131 etkileyecektir. Art\u0131k usta bir avc\u0131 olmas\u0131n\u0131n zaman\u0131 gelmi\u015ftir. Thomas Baker, d\u00fc\u015fman\u0131n\u0131n kim oldu\u011funu biliyordur. Onu yenecek ve t\u00fcm d\u00fcnyay\u0131 esir oldu\u011fu kabustan uyand\u0131racakt\u0131r. Fakat gen\u00e7 avc\u0131n\u0131n bilmedi\u011fi bir \u015fey vard\u0131r. D\u00fc\u015fman\u0131 ger\u00e7ekten de d\u00fc\u015fman\u0131 m\u0131d\u0131r? Kullan\u0131lan Reklam Mecralar\u0131 : Sosyal medya, internet ve bro\u015f\u00fcr da\u011f\u0131t\u0131m\u0131<\/p>\n","protected":false},"excerpt":{"rendered":"<p>Kitap Tan\u0131t\u0131m Yaz\u0131s\u0131 :Thomas art\u0131k sadece kabuslarla de\u011fil, onu bekleyen sava\u015fla da y\u00fczle\u015fmek zorundad\u0131r. Bu sefer verece\u011fi k\u0131yamet sava\u015f\u0131 sadece Kabus D\u00fck\u00fc ve Kabus Avc\u0131lar\u0131\u2019n\u0131 de\u011fil,<span class=\"excerpt-hellip\"> [\u2026]<\/span><\/p>\n","protected":false},"featured_media":0,"template":"","meta":{"_monsterinsights_skip_tracking":false,"_monsterinsights_sitenote_active":false,"_monsterinsights_sitenote_note":"","_monsterinsights_sitenote_category":0},"product_brand":[],"product_cat":[12291,12711],"product_tag":[],"class_list":{"0":"post-771978","1":"product","2":"type-product","3":"status-publish","5":"product_cat-edebiyat","6":"product_cat-roman-oyku","7":"pa_cilt-ciltsiz","8":"pa_tur-kitap","9":"pa_yayinevi-acayip-kitaplar","10":"pa_yazar-theodore-darkwood","12":"first","13":"instock","14":"sale","15":"shipping-taxable","16":"purchasable","17":"product-type-simple"},"_links":{"self":[{"href":"https:\/\/roveyayinevi.com.tr\/index.php\/wp-json\/wp\/v2\/product\/771978","targetHints":{"allow":["GET"]}}],"collection":[{"href":"https:\/\/roveyayinevi.com.tr\/index.php\/wp-json\/wp\/v2\/product"}],"about":[{"href":"https:\/\/roveyayinevi.com.tr\/index.php\/wp-json\/wp\/v2\/types\/product"}],"wp:attachment":[{"href":"https:\/\/roveyayinevi.com.tr\/index.php\/wp-json\/wp\/v2\/media?parent=771978"}],"wp:term":[{"taxonomy":"product_brand","embeddable":true,"href":"https:\/\/roveyayinevi.com.tr\/index.php\/wp-json\/wp\/v2\/product_brand?post=771978"},{"taxonomy":"product_cat","embeddable":true,"href":"https:\/\/roveyayinevi.com.tr\/index.php\/wp-json\/wp\/v2\/product_cat?post=771978"},{"taxonomy":"product_tag","embeddable":true,"href":"https:\/\/roveyayinevi.com.tr\/index.php\/wp-json\/wp\/v2\/product_tag?post=771978"}],"curies":[{"name":"wp","href":"https:\/\/api.w.org\/{rel}","templated":true}]}}