{"id":771977,"date":"2025-08-28T15:24:21","date_gmt":"2025-08-28T12:24:21","guid":{"rendered":"https:\/\/roveyayinevi.com.tr\/index.php\/urun\/metenin-tuhaf-hikayesi\/"},"modified":"2026-04-15T03:38:20","modified_gmt":"2026-04-15T00:38:20","slug":"metenin-tuhaf-hikayesi","status":"publish","type":"product","link":"https:\/\/roveyayinevi.com.tr\/index.php\/urun\/metenin-tuhaf-hikayesi\/","title":{"rendered":"Mete\u2019nin Tuhaf Hikayesi"},"content":{"rendered":"<p>Mete, her g\u00fcn oldu\u011fu gibi yorgun arg\u0131n eve gelmi\u015f ve yata\u011f\u0131na uzanm\u0131\u015ft\u0131r. Ancak sabah g\u00f6zlerini a\u00e7t\u0131\u011f\u0131nda kendisini bamba\u015fka bir h\u00e2lde bulacakt\u0131r. Onlarca y\u0131l geriye, \u00e7ocukluk y\u0131llar\u0131na giden Mete, kendi zaman\u0131na d\u00f6nmek i\u00e7in ya\u015fad\u0131\u011f\u0131 tuhaf durumu mutlaka \u00e7\u00f6zmelidir.  B\u00fcy\u00fcd\u00fck\u00e7e unuttu\u011fu s\u0131cac\u0131k hat\u0131ralar\u0131 tekrar ya\u015farken g\u00f6revini ba\u015farmas\u0131 hi\u00e7 de kolay olmayacakt\u0131r.<\/p>\n","protected":false},"excerpt":{"rendered":"<p>Mete, her g\u00fcn oldu\u011fu gibi yorgun arg\u0131n eve gelmi\u015f ve yata\u011f\u0131na uzanm\u0131\u015ft\u0131r. Ancak sabah g\u00f6zlerini a\u00e7t\u0131\u011f\u0131nda kendisini bamba\u015fka bir h\u00e2lde bulacakt\u0131r. Onlarca y\u0131l geriye, \u00e7ocukluk y\u0131llar\u0131na<span class=\"excerpt-hellip\"> [\u2026]<\/span><\/p>\n","protected":false},"featured_media":0,"template":"","meta":{"_monsterinsights_skip_tracking":false,"_monsterinsights_sitenote_active":false,"_monsterinsights_sitenote_note":"","_monsterinsights_sitenote_category":0},"product_brand":[],"product_cat":[12291,12711],"product_tag":[],"class_list":{"0":"post-771977","1":"product","2":"type-product","3":"status-publish","5":"product_cat-edebiyat","6":"product_cat-roman-oyku","7":"pa_cilt-ciltsiz","8":"pa_tur-kitap","9":"pa_yayinevi-acayip-kitaplar","10":"pa_yazar-emre-akturk","12":"first","13":"instock","14":"sale","15":"shipping-taxable","16":"purchasable","17":"product-type-simple"},"_links":{"self":[{"href":"https:\/\/roveyayinevi.com.tr\/index.php\/wp-json\/wp\/v2\/product\/771977","targetHints":{"allow":["GET"]}}],"collection":[{"href":"https:\/\/roveyayinevi.com.tr\/index.php\/wp-json\/wp\/v2\/product"}],"about":[{"href":"https:\/\/roveyayinevi.com.tr\/index.php\/wp-json\/wp\/v2\/types\/product"}],"wp:attachment":[{"href":"https:\/\/roveyayinevi.com.tr\/index.php\/wp-json\/wp\/v2\/media?parent=771977"}],"wp:term":[{"taxonomy":"product_brand","embeddable":true,"href":"https:\/\/roveyayinevi.com.tr\/index.php\/wp-json\/wp\/v2\/product_brand?post=771977"},{"taxonomy":"product_cat","embeddable":true,"href":"https:\/\/roveyayinevi.com.tr\/index.php\/wp-json\/wp\/v2\/product_cat?post=771977"},{"taxonomy":"product_tag","embeddable":true,"href":"https:\/\/roveyayinevi.com.tr\/index.php\/wp-json\/wp\/v2\/product_tag?post=771977"}],"curies":[{"name":"wp","href":"https:\/\/api.w.org\/{rel}","templated":true}]}}