{"id":771976,"date":"2025-08-28T15:24:19","date_gmt":"2025-08-28T12:24:19","guid":{"rendered":"https:\/\/roveyayinevi.com.tr\/index.php\/urun\/bilmece-kralligimakineler-coplugu\/"},"modified":"2026-04-15T03:38:20","modified_gmt":"2026-04-15T00:38:20","slug":"bilmece-kralligimakineler-coplugu","status":"publish","type":"product","link":"https:\/\/roveyayinevi.com.tr\/index.php\/urun\/bilmece-kralligimakineler-coplugu\/","title":{"rendered":"Bilmece Krall\u0131\u011f\u0131;Makineler \u00c7\u00f6pl\u00fc\u011f\u00fc"},"content":{"rendered":"<p>Kerem ve Asya gizemli bir haritay\u0131 takip ederken kendilerini Bilmece Krall\u0131\u011f\u0131\u2019nda bulmu\u015flard\u0131r. Ola\u011fan\u00fcst\u00fcmaceraya devam edebilmeleri i\u00e7in kar\u015f\u0131la\u015ft\u0131klar\u0131 bilmeceleri \u00e7\u00f6zmeleri, zorluklar\u0131 a\u015fmalar\u0131 gerekmektedir.Makineler \u00c7\u00f6pl\u00fc\u011f\u00fc\u2019nden kurtulmak i\u00e7in kahramanlar\u0131m\u0131za yard\u0131m ederek, sen de dikkatini geli\u015ftirip bilgibirikimini art\u0131rabilirsin.Gizemli ve e\u011flenceli bir macera seni bekliyor!* \u00c7ocuklar bu seriyi okurken hem macera ya\u015fayacaklar hem de bilmece ve sorularla dikkatlerini geli\u015ftirmef\u0131rsat\u0131 bulacaklard\u0131r.Yazar Hakk\u0131nda: Uzun y\u0131llar medya sekt\u00f6r\u00fcn\u00fcn reklam departmanlar\u0131nda y\u00f6neticilik yapan yazar, BilmeceKrall\u0131\u011f\u0131 serisinin be\u015finci kitab\u0131yla okur kar\u015f\u0131s\u0131na \u00e7\u0131k\u0131yor.Kullan\u0131lan Reklam Mecralar\u0131 : Sosyal medya, internet ve bro\u015f\u00fcr da\u011f\u0131t\u0131m\u0131<\/p>\n","protected":false},"excerpt":{"rendered":"<p>Kerem ve Asya gizemli bir haritay\u0131 takip ederken kendilerini Bilmece Krall\u0131\u011f\u0131\u2019nda bulmu\u015flard\u0131r. Ola\u011fan\u00fcst\u00fcmaceraya devam edebilmeleri i\u00e7in kar\u015f\u0131la\u015ft\u0131klar\u0131 bilmeceleri \u00e7\u00f6zmeleri, zorluklar\u0131 a\u015fmalar\u0131 gerekmektedir.Makineler \u00c7\u00f6pl\u00fc\u011f\u00fc\u2019nden kurtulmak i\u00e7in kahramanlar\u0131m\u0131za<span class=\"excerpt-hellip\"> [\u2026]<\/span><\/p>\n","protected":false},"featured_media":0,"template":"","meta":{"_monsterinsights_skip_tracking":false,"_monsterinsights_sitenote_active":false,"_monsterinsights_sitenote_note":"","_monsterinsights_sitenote_category":0},"product_brand":[],"product_cat":[12291,18202],"product_tag":[],"class_list":{"0":"post-771976","1":"product","2":"type-product","3":"status-publish","5":"product_cat-edebiyat","6":"product_cat-hikaye","7":"pa_cilt-ciltsiz","8":"pa_tur-kitap","9":"pa_yayinevi-acayip-kitaplar","10":"pa_yazar-ebru-tulum","12":"first","13":"instock","14":"sale","15":"shipping-taxable","16":"purchasable","17":"product-type-simple"},"_links":{"self":[{"href":"https:\/\/roveyayinevi.com.tr\/index.php\/wp-json\/wp\/v2\/product\/771976","targetHints":{"allow":["GET"]}}],"collection":[{"href":"https:\/\/roveyayinevi.com.tr\/index.php\/wp-json\/wp\/v2\/product"}],"about":[{"href":"https:\/\/roveyayinevi.com.tr\/index.php\/wp-json\/wp\/v2\/types\/product"}],"wp:attachment":[{"href":"https:\/\/roveyayinevi.com.tr\/index.php\/wp-json\/wp\/v2\/media?parent=771976"}],"wp:term":[{"taxonomy":"product_brand","embeddable":true,"href":"https:\/\/roveyayinevi.com.tr\/index.php\/wp-json\/wp\/v2\/product_brand?post=771976"},{"taxonomy":"product_cat","embeddable":true,"href":"https:\/\/roveyayinevi.com.tr\/index.php\/wp-json\/wp\/v2\/product_cat?post=771976"},{"taxonomy":"product_tag","embeddable":true,"href":"https:\/\/roveyayinevi.com.tr\/index.php\/wp-json\/wp\/v2\/product_tag?post=771976"}],"curies":[{"name":"wp","href":"https:\/\/api.w.org\/{rel}","templated":true}]}}