{"id":771975,"date":"2025-08-28T15:24:17","date_gmt":"2025-08-28T12:24:17","guid":{"rendered":"https:\/\/roveyayinevi.com.tr\/index.php\/urun\/ciglik-satosu\/"},"modified":"2026-04-03T03:30:01","modified_gmt":"2026-04-03T00:30:01","slug":"ciglik-satosu","status":"publish","type":"product","link":"https:\/\/roveyayinevi.com.tr\/index.php\/urun\/ciglik-satosu\/","title":{"rendered":"\u00c7\u0131\u011fl\u0131k \u015eatosu"},"content":{"rendered":"<p>K\u00e2bus Avc\u0131s\u0131 Thomas i\u00e7in i\u015fler her ge\u00e7en g\u00fcn zorla\u015f\u0131yordur ama art\u0131k bu sava\u015fta yaln\u0131z de\u011fildir. D\u00fcnyan\u0131n d\u00f6rt bir yan\u0131na da\u011f\u0131lm\u0131\u015f K\u00e2bus Avc\u0131lar\u0131 nihayet tek bir \u00e7at\u0131 alt\u0131nda, evleri \u00c7\u0131\u011fl\u0131k \u015eatosu\u2019nda bulu\u015fmu\u015ftur. Thomas bir yandan \u00c7\u0131\u011fl\u0131k \u015eatosu\u2019nun gizemlerini ke\u015ffederken bir yandan da asl\u0131nda bildi\u011fini sand\u0131\u011f\u0131 d\u00fcnyan\u0131n \u00e7ok daha farkl\u0131 ve korkutucu oldu\u011funu \u00f6\u011frenir. Kageller d\u00f6rt bir yan\u0131n\u0131 sarm\u0131\u015fken Thomas\u2019\u0131n kendisinden ve di\u011fer avc\u0131lardan ba\u015fka g\u00fcvenecek kimsesi kalmam\u0131\u015ft\u0131r<\/p>\n","protected":false},"excerpt":{"rendered":"<p>K\u00e2bus Avc\u0131s\u0131 Thomas i\u00e7in i\u015fler her ge\u00e7en g\u00fcn zorla\u015f\u0131yordur ama art\u0131k bu sava\u015fta yaln\u0131z de\u011fildir. D\u00fcnyan\u0131n d\u00f6rt bir yan\u0131na da\u011f\u0131lm\u0131\u015f K\u00e2bus Avc\u0131lar\u0131 nihayet tek bir \u00e7at\u0131<span class=\"excerpt-hellip\"> [\u2026]<\/span><\/p>\n","protected":false},"featured_media":0,"template":"","meta":{"_monsterinsights_skip_tracking":false,"_monsterinsights_sitenote_active":false,"_monsterinsights_sitenote_note":"","_monsterinsights_sitenote_category":0},"product_brand":[],"product_cat":[12291,12711],"product_tag":[],"class_list":{"0":"post-771975","1":"product","2":"type-product","3":"status-publish","5":"product_cat-edebiyat","6":"product_cat-roman-oyku","7":"pa_cilt-ciltsiz","8":"pa_tur-kitap","9":"pa_yayinevi-acayip-kitaplar","10":"pa_yazar-theodore-darkwood","12":"first","13":"instock","14":"sale","15":"shipping-taxable","16":"purchasable","17":"product-type-simple"},"_links":{"self":[{"href":"https:\/\/roveyayinevi.com.tr\/index.php\/wp-json\/wp\/v2\/product\/771975","targetHints":{"allow":["GET"]}}],"collection":[{"href":"https:\/\/roveyayinevi.com.tr\/index.php\/wp-json\/wp\/v2\/product"}],"about":[{"href":"https:\/\/roveyayinevi.com.tr\/index.php\/wp-json\/wp\/v2\/types\/product"}],"wp:attachment":[{"href":"https:\/\/roveyayinevi.com.tr\/index.php\/wp-json\/wp\/v2\/media?parent=771975"}],"wp:term":[{"taxonomy":"product_brand","embeddable":true,"href":"https:\/\/roveyayinevi.com.tr\/index.php\/wp-json\/wp\/v2\/product_brand?post=771975"},{"taxonomy":"product_cat","embeddable":true,"href":"https:\/\/roveyayinevi.com.tr\/index.php\/wp-json\/wp\/v2\/product_cat?post=771975"},{"taxonomy":"product_tag","embeddable":true,"href":"https:\/\/roveyayinevi.com.tr\/index.php\/wp-json\/wp\/v2\/product_tag?post=771975"}],"curies":[{"name":"wp","href":"https:\/\/api.w.org\/{rel}","templated":true}]}}