{"id":771966,"date":"2025-08-28T15:23:59","date_gmt":"2025-08-28T12:23:59","guid":{"rendered":"https:\/\/roveyayinevi.com.tr\/index.php\/urun\/aziz-sancar\/"},"modified":"2026-04-15T03:38:19","modified_gmt":"2026-04-15T00:38:19","slug":"aziz-sancar","status":"publish","type":"product","link":"https:\/\/roveyayinevi.com.tr\/index.php\/urun\/aziz-sancar\/","title":{"rendered":"Aziz Sancar"},"content":{"rendered":"<p>K\u00fc\u00e7\u00fcc\u00fck bir k\u00f6yde do\u011fup Nobel\u2019e uzanan bir yol \u00e7izdi kendine. Kar\u015f\u0131s\u0131na \u00e7\u0131kan her t\u00fcrl\u00fc zorlu\u011fu sars\u0131lmaz azmiyle a\u015fmay\u0131 bildi. Y\u00fcz\u00fcne kapanan kap\u0131larda da ba\u015far\u0131s\u0131n\u0131n \u00f6n\u00fcne ge\u00e7meye \u00e7al\u0131\u015fan rakiplerle kar\u015f\u0131la\u015fmakta da pes etmedi. D\u00fcnyaya paha bi\u00e7ilemez bulu\u015flar b\u0131rakt\u0131. Cumhuriyet de\u011ferleriyle ya\u015fay\u0131p y\u0131ld\u0131zla\u015fan Aziz Sancar\u2019\u0131n hayat\u0131n\u0131n her bir sat\u0131r\u0131 size ilham kayna\u011f\u0131 olacakt\u0131r.<\/p>\n","protected":false},"excerpt":{"rendered":"<p>K\u00fc\u00e7\u00fcc\u00fck bir k\u00f6yde do\u011fup Nobel\u2019e uzanan bir yol \u00e7izdi kendine. Kar\u015f\u0131s\u0131na \u00e7\u0131kan her t\u00fcrl\u00fc zorlu\u011fu sars\u0131lmaz azmiyle a\u015fmay\u0131 bildi. Y\u00fcz\u00fcne kapanan kap\u0131larda da ba\u015far\u0131s\u0131n\u0131n \u00f6n\u00fcne ge\u00e7meye<span class=\"excerpt-hellip\"> [\u2026]<\/span><\/p>\n","protected":false},"featured_media":0,"template":"","meta":{"_monsterinsights_skip_tracking":false,"_monsterinsights_sitenote_active":false,"_monsterinsights_sitenote_note":"","_monsterinsights_sitenote_category":0},"product_brand":[],"product_cat":[12274,12284],"product_tag":[],"class_list":{"0":"post-771966","1":"product","2":"type-product","3":"status-publish","5":"product_cat-cocuk-ve-genclik-kitaplari","6":"product_cat-hikayeler","7":"pa_cilt-ciltsiz","8":"pa_tur-kitap","9":"pa_yayinevi-acayip-kitaplar","10":"pa_yazar-eda-bayrak","12":"first","13":"instock","14":"sale","15":"shipping-taxable","16":"purchasable","17":"product-type-simple"},"_links":{"self":[{"href":"https:\/\/roveyayinevi.com.tr\/index.php\/wp-json\/wp\/v2\/product\/771966","targetHints":{"allow":["GET"]}}],"collection":[{"href":"https:\/\/roveyayinevi.com.tr\/index.php\/wp-json\/wp\/v2\/product"}],"about":[{"href":"https:\/\/roveyayinevi.com.tr\/index.php\/wp-json\/wp\/v2\/types\/product"}],"wp:attachment":[{"href":"https:\/\/roveyayinevi.com.tr\/index.php\/wp-json\/wp\/v2\/media?parent=771966"}],"wp:term":[{"taxonomy":"product_brand","embeddable":true,"href":"https:\/\/roveyayinevi.com.tr\/index.php\/wp-json\/wp\/v2\/product_brand?post=771966"},{"taxonomy":"product_cat","embeddable":true,"href":"https:\/\/roveyayinevi.com.tr\/index.php\/wp-json\/wp\/v2\/product_cat?post=771966"},{"taxonomy":"product_tag","embeddable":true,"href":"https:\/\/roveyayinevi.com.tr\/index.php\/wp-json\/wp\/v2\/product_tag?post=771966"}],"curies":[{"name":"wp","href":"https:\/\/api.w.org\/{rel}","templated":true}]}}